{"id":1223,"date":"2025-10-01T08:36:58","date_gmt":"2025-10-01T08:36:58","guid":{"rendered":"https:\/\/www.luno3284.odns.fr\/?post_type=product&#038;p=1223"},"modified":"2025-11-22T23:48:54","modified_gmt":"2025-11-22T22:48:54","slug":"coupe-homme","status":"publish","type":"product","link":"https:\/\/spavendome.fr\/en\/service\/coupe-homme\/","title":{"rendered":"Coupe homme (Shampoing &#8211; Coupe &#8211; Coiffage)"},"content":{"rendered":"<h2>Coupe Homme \u2013 Salon de Coiffure Paris<\/h2>\n<p>La <strong>coupe homme<\/strong> propos\u00e9e dans notre salon \u00e0 Paris combine expertise, pr\u00e9cision et tendance. Que vous recherchiez un style classique, moderne, d\u00e9grad\u00e9, undercut ou textur\u00e9, nos coiffeurs professionnels adaptent la coupe \u00e0 la morphologie de votre visage et \u00e0 votre style personnel.<\/p>\n<h3>Bienfaits et avantages :<\/h3>\n<ul>\n<li>Coiffure sur-mesure adapt\u00e9e \u00e0 votre visage et \u00e0 votre style<\/li>\n<li>Finition nette et professionnelle pour un look soign\u00e9<\/li>\n<li>Conseils personnalis\u00e9s pour l\u2019entretien quotidien<\/li>\n<li>Application de produits de coiffage de qualit\u00e9 pour un maintien optimal<\/li>\n<li>Confort et pr\u00e9cision gr\u00e2ce \u00e0 l\u2019expertise de nos coiffeurs<\/li>\n<\/ul>\n<h3>Pour qui ?<\/h3>\n<p>Cette coupe s\u2019adresse \u00e0 tous les hommes souhaitant un style \u00e9l\u00e9gant et ma\u00eetris\u00e9, que ce soit pour le quotidien, le travail, ou un \u00e9v\u00e9nement sp\u00e9cial. Elle convient \u00e0 tous types de cheveux et toutes textures.<\/p>\n<h3>Technique :<\/h3>\n<p>Nos coiffeurs utilisent des ciseaux, des tondeuses et des techniques adapt\u00e9es \u00e0 chaque style (d\u00e9grad\u00e9, effil\u00e9, texturis\u00e9) pour obtenir un r\u00e9sultat net, harmonieux et durable. La coupe peut \u00eatre compl\u00e9t\u00e9e par un shampoing, un soin capillaire ou un coiffage sur-mesure selon vos besoins.<\/p>\n<h3>Suppl\u00e9ment :<\/h3>\n<p>Un suppl\u00e9ment peut \u00eatre appliqu\u00e9 selon la complexit\u00e9 de la coupe, la longueur ou la texture des cheveux.<\/p>\n<p>Avec notre <strong>coupe homme<\/strong>, vous b\u00e9n\u00e9ficiez d\u2019un style moderne et \u00e9l\u00e9gant, parfaitement adapt\u00e9 \u00e0 votre personnalit\u00e9 et facile \u00e0 entretenir au quotidien.<\/p>\n<div id=\"amelia-cal-11\" style=\"display: none; margin-top: 24px;\">\n<script>\n  if (typeof hasAmeliaEntitiesApiCall === 'undefined' && ('' === '' && '' !== '1')) {\n    var hasAmeliaEntitiesApiCall = true;\n  }\n  var ameliaShortcodeData = (typeof ameliaShortcodeData === 'undefined') ? [] : ameliaShortcodeData;\n  ameliaShortcodeData.push(\n    {\n      'hasApiCall': (typeof hasAmeliaEntitiesApiCall !== 'undefined') && hasAmeliaEntitiesApiCall,\n      'trigger': '',\n      'trigger_type': '',\n      'triggered_form': 'sbsNew',\n      'in_dialog': '',\n      'show': 'services',\n      'counter': '1000',\n      'category': '11',\n      'service': '',\n      'employee': '4',\n      'location': '',\n      'package': '',\n      'layout': '1',\n    }\n  );\n\n  var ameliaShortcodeDataTriggered = (typeof ameliaShortcodeDataTriggered === 'undefined') ? [] : ameliaShortcodeDataTriggered;\n  if (ameliaShortcodeData[ameliaShortcodeData.length - 1].trigger !== '') {\n    if (ameliaShortcodeDataTriggered.filter(a => a.counter === ameliaShortcodeData[ameliaShortcodeData.length - 1].counter).length === 0) {\n      ameliaShortcodeDataTriggered.push(ameliaShortcodeData.pop());\n    } else {\n      ameliaShortcodeData.pop()\n    }\n  }\n  if (typeof hasAmeliaEntitiesApiCall !== 'undefined' && hasAmeliaEntitiesApiCall) {\n    hasAmeliaEntitiesApiCall = false;\n  }\n<\/script>\n\n<div\n  id=\"amelia-v2-booking-1000\"\n  class=\"amelia-v2-booking\"\n >\n    <step-form-wrapper><\/step-form-wrapper><\/div>\n<\/div>\n","protected":false},"excerpt":{"rendered":"<p data-start=\"417\" data-end=\"555\">Coupe homme \u00e0 Paris : coiffure sur-mesure, moderne ou classique, adapt\u00e9e \u00e0 votre style et \u00e0 votre morphologie, r\u00e9alis\u00e9e par des experts.<\/p>","protected":false},"featured_media":1738,"comment_status":"open","ping_status":"closed","template":"","meta":{"_monsterinsights_skip_tracking":false,"_monsterinsights_sitenote_active":false,"_monsterinsights_sitenote_note":"","_monsterinsights_sitenote_category":0,"_joinchat":[]},"product_brand":[],"product_cat":[53],"product_tag":[],"giftcard-category":[],"class_list":{"0":"post-1223","1":"product","2":"type-product","3":"status-publish","4":"has-post-thumbnail","6":"product_cat-coupes-homme","7":"latest_post","9":"first","10":"instock","11":"virtual","12":"taxable","13":"purchasable","14":"product-type-simple"},"jetpack_sharing_enabled":true,"_links":{"self":[{"href":"https:\/\/spavendome.fr\/en\/wp-json\/wp\/v2\/product\/1223","targetHints":{"allow":["GET"]}}],"collection":[{"href":"https:\/\/spavendome.fr\/en\/wp-json\/wp\/v2\/product"}],"about":[{"href":"https:\/\/spavendome.fr\/en\/wp-json\/wp\/v2\/types\/product"}],"replies":[{"embeddable":true,"href":"https:\/\/spavendome.fr\/en\/wp-json\/wp\/v2\/comments?post=1223"}],"wp:featuredmedia":[{"embeddable":true,"href":"https:\/\/spavendome.fr\/en\/wp-json\/wp\/v2\/media\/1738"}],"wp:attachment":[{"href":"https:\/\/spavendome.fr\/en\/wp-json\/wp\/v2\/media?parent=1223"}],"wp:term":[{"taxonomy":"product_brand","embeddable":true,"href":"https:\/\/spavendome.fr\/en\/wp-json\/wp\/v2\/product_brand?post=1223"},{"taxonomy":"product_cat","embeddable":true,"href":"https:\/\/spavendome.fr\/en\/wp-json\/wp\/v2\/product_cat?post=1223"},{"taxonomy":"product_tag","embeddable":true,"href":"https:\/\/spavendome.fr\/en\/wp-json\/wp\/v2\/product_tag?post=1223"},{"taxonomy":"giftcard-category","embeddable":true,"href":"https:\/\/spavendome.fr\/en\/wp-json\/wp\/v2\/giftcard-category?post=1223"}],"curies":[{"name":"wp","href":"https:\/\/api.w.org\/{rel}","templated":true}]}}