{"id":1208,"date":"2025-10-01T08:28:01","date_gmt":"2025-10-01T08:28:01","guid":{"rendered":"https:\/\/www.luno3284.odns.fr\/?post_type=product&#038;p=1208"},"modified":"2025-11-22T23:48:56","modified_gmt":"2025-11-22T22:48:56","slug":"shampoing-soin-profond-coupe-brushing-3","status":"publish","type":"product","link":"https:\/\/spavendome.fr\/en\/service\/shampoing-soin-profond-coupe-brushing-3\/","title":{"rendered":"Shampoing &#8211; Soin Profond &#8211; Coupe &#8211; Brushing"},"content":{"rendered":"<p class=\"cvGsUA direction-ltr align-start para-style-body\">\n<script>\n  if (typeof hasAmeliaEntitiesApiCall === 'undefined' && ('' === '' && '' !== '1')) {\n    var hasAmeliaEntitiesApiCall = true;\n  }\n  var ameliaShortcodeData = (typeof ameliaShortcodeData === 'undefined') ? [] : ameliaShortcodeData;\n  ameliaShortcodeData.push(\n    {\n      'hasApiCall': (typeof hasAmeliaEntitiesApiCall !== 'undefined') && hasAmeliaEntitiesApiCall,\n      'trigger': '',\n      'trigger_type': '',\n      'triggered_form': 'sbsNew',\n      'in_dialog': '',\n      'show': 'services',\n      'counter': '1000',\n      'category': '34',\n      'service': '',\n      'employee': '4',\n      'location': '',\n      'package': '',\n      'layout': '1',\n    }\n  );\n\n  var ameliaShortcodeDataTriggered = (typeof ameliaShortcodeDataTriggered === 'undefined') ? [] : ameliaShortcodeDataTriggered;\n  if (ameliaShortcodeData[ameliaShortcodeData.length - 1].trigger !== '') {\n    if (ameliaShortcodeDataTriggered.filter(a => a.counter === ameliaShortcodeData[ameliaShortcodeData.length - 1].counter).length === 0) {\n      ameliaShortcodeDataTriggered.push(ameliaShortcodeData.pop());\n    } else {\n      ameliaShortcodeData.pop()\n    }\n  }\n  if (typeof hasAmeliaEntitiesApiCall !== 'undefined' && hasAmeliaEntitiesApiCall) {\n    hasAmeliaEntitiesApiCall = false;\n  }\n<\/script>\n\n<div\n  id=\"amelia-v2-booking-1000\"\n  class=\"amelia-v2-booking\"\n >\n    <step-form-wrapper><\/step-form-wrapper><\/div>\n<\/p>\n<p data-start=\"204\" data-end=\"328\">Ce service complet allie soin, transformation et mise en forme, pour des cheveux sains, bien coup\u00e9s et parfaitement coiff\u00e9s.<\/p>\n<p data-start=\"330\" data-end=\"561\">Il commence par un shampoing professionnel, adapt\u00e9 \u00e0 votre type de cheveux, qui nettoie en douceur le cuir chevelu et \u00e9limine toutes les impuret\u00e9s. Il pr\u00e9pare \u00e9galement la fibre capillaire \u00e0 recevoir les soins et facilite la coupe.<\/p>\n<p data-start=\"563\" data-end=\"769\">Un soin profond est ensuite appliqu\u00e9 pour nourrir, hydrater et renforcer les cheveux en profondeur. Ce traitement revitalise la chevelure, lui redonne souplesse et brillance, tout en facilitant le coiffage.<\/p>\n<p data-start=\"771\" data-end=\"1046\">La coupe est ensuite r\u00e9alis\u00e9e selon vos envies et la nature de vos cheveux. Elle peut \u00eatre une simple rafra\u00eechissement des pointes, une transformation ou une coupe structur\u00e9e. Nos techniques s\u2019adaptent \u00e0 votre style, \u00e0 la forme de votre visage et \u00e0 la texture de vos cheveux.<\/p>\n<p data-start=\"1048\" data-end=\"1270\">Le service se termine par un brushing personnalis\u00e9, pour une mise en forme \u00e9l\u00e9gante et soign\u00e9e. Lissage, volume naturel ou mouvement travaill\u00e9 : la coiffure finale sublime la coupe et r\u00e9v\u00e8le toute la beaut\u00e9 de vos cheveux.<\/p>\n<p data-start=\"1272\" data-end=\"1378\"><strong data-start=\"1272\" data-end=\"1378\">Un service id\u00e9al pour redonner forme, sant\u00e9 et \u00e9clat \u00e0 vos cheveux, avec une finition professionnelle.<\/strong><\/p>\n<div id=\"amelia-cal-34\" style=\"display:none; margin-top:24px;\">\n  \n<script>\n  if (typeof hasAmeliaEntitiesApiCall === 'undefined' && ('' === '' && '' !== '1')) {\n    var hasAmeliaEntitiesApiCall = true;\n  }\n  var ameliaShortcodeData = (typeof ameliaShortcodeData === 'undefined') ? [] : ameliaShortcodeData;\n  ameliaShortcodeData.push(\n    {\n      'hasApiCall': (typeof hasAmeliaEntitiesApiCall !== 'undefined') && hasAmeliaEntitiesApiCall,\n      'trigger': '',\n      'trigger_type': '',\n      'triggered_form': 'sbsNew',\n      'in_dialog': '',\n      'show': 'services',\n      'counter': '1001',\n      'category': '34',\n      'service': '',\n      'employee': '4',\n      'location': '',\n      'package': '',\n      'layout': '1',\n    }\n  );\n\n  var ameliaShortcodeDataTriggered = (typeof ameliaShortcodeDataTriggered === 'undefined') ? [] : ameliaShortcodeDataTriggered;\n  if (ameliaShortcodeData[ameliaShortcodeData.length - 1].trigger !== '') {\n    if (ameliaShortcodeDataTriggered.filter(a => a.counter === ameliaShortcodeData[ameliaShortcodeData.length - 1].counter).length === 0) {\n      ameliaShortcodeDataTriggered.push(ameliaShortcodeData.pop());\n    } else {\n      ameliaShortcodeData.pop()\n    }\n  }\n  if (typeof hasAmeliaEntitiesApiCall !== 'undefined' && hasAmeliaEntitiesApiCall) {\n    hasAmeliaEntitiesApiCall = false;\n  }\n<\/script>\n\n<div\n  id=\"amelia-v2-booking-1001\"\n  class=\"amelia-v2-booking\"\n >\n    <step-form-wrapper><\/step-form-wrapper><\/div>\n\n<\/div>\n","protected":false},"excerpt":{"rendered":"<p>Ce service complet allie soin, transformation et mise en forme, pour des cheveux sains, bien coup\u00e9s et parfaitement coiff\u00e9s. Il commence par un shampoing professionnel, adapt\u00e9 \u00e0 votre type de &hellip; <\/p>","protected":false},"featured_media":1659,"comment_status":"open","ping_status":"closed","template":"","meta":{"_monsterinsights_skip_tracking":false,"_monsterinsights_sitenote_active":false,"_monsterinsights_sitenote_note":"","_monsterinsights_sitenote_category":0,"_joinchat":[]},"product_brand":[],"product_cat":[50],"product_tag":[],"giftcard-category":[],"class_list":{"0":"post-1208","1":"product","2":"type-product","3":"status-publish","4":"has-post-thumbnail","6":"product_cat-palettes-couleurs","7":"latest_post","9":"first","10":"instock","11":"virtual","12":"taxable","13":"purchasable","14":"product-type-simple"},"jetpack_sharing_enabled":true,"_links":{"self":[{"href":"https:\/\/spavendome.fr\/en\/wp-json\/wp\/v2\/product\/1208","targetHints":{"allow":["GET"]}}],"collection":[{"href":"https:\/\/spavendome.fr\/en\/wp-json\/wp\/v2\/product"}],"about":[{"href":"https:\/\/spavendome.fr\/en\/wp-json\/wp\/v2\/types\/product"}],"replies":[{"embeddable":true,"href":"https:\/\/spavendome.fr\/en\/wp-json\/wp\/v2\/comments?post=1208"}],"wp:featuredmedia":[{"embeddable":true,"href":"https:\/\/spavendome.fr\/en\/wp-json\/wp\/v2\/media\/1659"}],"wp:attachment":[{"href":"https:\/\/spavendome.fr\/en\/wp-json\/wp\/v2\/media?parent=1208"}],"wp:term":[{"taxonomy":"product_brand","embeddable":true,"href":"https:\/\/spavendome.fr\/en\/wp-json\/wp\/v2\/product_brand?post=1208"},{"taxonomy":"product_cat","embeddable":true,"href":"https:\/\/spavendome.fr\/en\/wp-json\/wp\/v2\/product_cat?post=1208"},{"taxonomy":"product_tag","embeddable":true,"href":"https:\/\/spavendome.fr\/en\/wp-json\/wp\/v2\/product_tag?post=1208"},{"taxonomy":"giftcard-category","embeddable":true,"href":"https:\/\/spavendome.fr\/en\/wp-json\/wp\/v2\/giftcard-category?post=1208"}],"curies":[{"name":"wp","href":"https:\/\/api.w.org\/{rel}","templated":true}]}}