{"id":1182,"date":"2025-09-30T15:42:45","date_gmt":"2025-09-30T15:42:45","guid":{"rendered":"https:\/\/www.luno3284.odns.fr\/?post_type=product&#038;p=1182"},"modified":"2025-11-22T23:48:57","modified_gmt":"2025-11-22T22:48:57","slug":"patine-coupe","status":"publish","type":"product","link":"https:\/\/spavendome.fr\/en\/service\/patine-coupe\/","title":{"rendered":"Patine \/ Coupe ( Shampoing &#8211; Soin Profond &#8211; Brushing) \u00e0 Paris"},"content":{"rendered":"<h2>Patine \/ Coupe \u2013 Shampoing \u2013 Soin Profond \u2013 Brushing \u2013 Paris<\/h2>\n<p>Offrez \u00e0 vos cheveux un <strong>rituel complet<\/strong> alliant soin, couleur et style gr\u00e2ce \u00e0 notre prestation <strong>Patine \/ Coupe<\/strong> \u00e0 Paris. Apr\u00e8s un <strong>shampoing doux<\/strong> et un <strong>soin profond<\/strong> nourrissant, votre fibre capillaire est pr\u00e9par\u00e9e et renforc\u00e9e pour recevoir la technique.<\/p>\n<h3>D\u00e9roulement du service :<\/h3>\n<ul>\n<li><strong>Shampoing :<\/strong> nettoyage professionnel et doux adapt\u00e9 \u00e0 la nature de vos cheveux.<\/li>\n<li><strong>Soin profond :<\/strong> hydratation et nutrition de la fibre capillaire pour prot\u00e9ger et sublimer les cheveux.<\/li>\n<li><strong>Patine :<\/strong> neutralisation des reflets ind\u00e9sirables (jaunes, cuivr\u00e9s, ternes) ou ajustement subtil de la tonalit\u00e9 pour un rendu lumineux et harmonieux.<\/li>\n<li><strong>Coupe personnalis\u00e9e :<\/strong> r\u00e9alis\u00e9e selon votre morphologie, vos envies et la structure de vos cheveux, pour un r\u00e9sultat naturel et \u00e9quilibr\u00e9.<\/li>\n<li><strong>Brushing professionnel :<\/strong> finition lisse ou wavy pour mettre en valeur la couleur et la coupe.<\/li>\n<\/ul>\n<h3>Les avantages :<\/h3>\n<ul>\n<li>Cheveux brillants, doux et parfaitement coiff\u00e9s<\/li>\n<li>Reflets ind\u00e9sirables neutralis\u00e9s<\/li>\n<li>Coupe adapt\u00e9e \u00e0 votre style et morphologie<\/li>\n<li>Brushing soign\u00e9 pour un r\u00e9sultat \u00e9l\u00e9gant et durable<\/li>\n<\/ul>\n<h3>Pour qui ?<\/h3>\n<p>Id\u00e9al pour toutes les personnes souhaitant raviver leur couleur ou balayage, neutraliser les reflets, et obtenir une coupe personnalis\u00e9e tout en offrant un soin protecteur \u00e0 leurs cheveux.<\/p>\n<h3>Suppl\u00e9ment :<\/h3>\n<p>Un suppl\u00e9ment peut \u00eatre appliqu\u00e9 selon la longueur, la densit\u00e9 ou la texture des cheveux.<\/p>\n<p>R\u00e9sultat : des cheveux sublim\u00e9s, sains et parfaitement coiff\u00e9s gr\u00e2ce \u00e0 la <strong>Patine \/ Coupe \u2013 Shampoing \u2013 Soin Profond \u2013 Brushing<\/strong> \u00e0 Paris.<\/p>\n<div id=\"amelia-cal-62\" style=\"display: none; margin-top: 24px;\">\n<script>\n  if (typeof hasAmeliaEntitiesApiCall === 'undefined' && ('' === '' && '' !== '1')) {\n    var hasAmeliaEntitiesApiCall = true;\n  }\n  var ameliaShortcodeData = (typeof ameliaShortcodeData === 'undefined') ? [] : ameliaShortcodeData;\n  ameliaShortcodeData.push(\n    {\n      'hasApiCall': (typeof hasAmeliaEntitiesApiCall !== 'undefined') && hasAmeliaEntitiesApiCall,\n      'trigger': '',\n      'trigger_type': '',\n      'triggered_form': 'sbsNew',\n      'in_dialog': '',\n      'show': 'services',\n      'counter': '1000',\n      'category': '62',\n      'service': '',\n      'employee': '4',\n      'location': '',\n      'package': '',\n      'layout': '1',\n    }\n  );\n\n  var ameliaShortcodeDataTriggered = (typeof ameliaShortcodeDataTriggered === 'undefined') ? [] : ameliaShortcodeDataTriggered;\n  if (ameliaShortcodeData[ameliaShortcodeData.length - 1].trigger !== '') {\n    if (ameliaShortcodeDataTriggered.filter(a => a.counter === ameliaShortcodeData[ameliaShortcodeData.length - 1].counter).length === 0) {\n      ameliaShortcodeDataTriggered.push(ameliaShortcodeData.pop());\n    } else {\n      ameliaShortcodeData.pop()\n    }\n  }\n  if (typeof hasAmeliaEntitiesApiCall !== 'undefined' && hasAmeliaEntitiesApiCall) {\n    hasAmeliaEntitiesApiCall = false;\n  }\n<\/script>\n\n<div\n  id=\"amelia-v2-booking-1000\"\n  class=\"amelia-v2-booking\"\n >\n    <step-form-wrapper><\/step-form-wrapper><\/div>\n<\/div>\n","protected":false},"excerpt":{"rendered":"<p data-start=\"508\" data-end=\"653\">Patine \/ coupe \u00e0 Paris : shampoing, soin profond et brushing pour sublimer vos cheveux, neutraliser les reflets et obtenir une coupe parfaite.<\/p>","protected":false},"featured_media":1058,"comment_status":"open","ping_status":"closed","template":"","meta":{"_monsterinsights_skip_tracking":false,"_monsterinsights_sitenote_active":false,"_monsterinsights_sitenote_note":"","_monsterinsights_sitenote_category":0,"_joinchat":[]},"product_brand":[],"product_cat":[49],"product_tag":[],"giftcard-category":[],"class_list":{"0":"post-1182","1":"product","2":"type-product","3":"status-publish","4":"has-post-thumbnail","6":"product_cat-nuances-signatures","7":"latest_post","9":"first","10":"instock","11":"virtual","12":"taxable","13":"purchasable","14":"product-type-simple"},"jetpack_sharing_enabled":true,"_links":{"self":[{"href":"https:\/\/spavendome.fr\/en\/wp-json\/wp\/v2\/product\/1182","targetHints":{"allow":["GET"]}}],"collection":[{"href":"https:\/\/spavendome.fr\/en\/wp-json\/wp\/v2\/product"}],"about":[{"href":"https:\/\/spavendome.fr\/en\/wp-json\/wp\/v2\/types\/product"}],"replies":[{"embeddable":true,"href":"https:\/\/spavendome.fr\/en\/wp-json\/wp\/v2\/comments?post=1182"}],"wp:featuredmedia":[{"embeddable":true,"href":"https:\/\/spavendome.fr\/en\/wp-json\/wp\/v2\/media\/1058"}],"wp:attachment":[{"href":"https:\/\/spavendome.fr\/en\/wp-json\/wp\/v2\/media?parent=1182"}],"wp:term":[{"taxonomy":"product_brand","embeddable":true,"href":"https:\/\/spavendome.fr\/en\/wp-json\/wp\/v2\/product_brand?post=1182"},{"taxonomy":"product_cat","embeddable":true,"href":"https:\/\/spavendome.fr\/en\/wp-json\/wp\/v2\/product_cat?post=1182"},{"taxonomy":"product_tag","embeddable":true,"href":"https:\/\/spavendome.fr\/en\/wp-json\/wp\/v2\/product_tag?post=1182"},{"taxonomy":"giftcard-category","embeddable":true,"href":"https:\/\/spavendome.fr\/en\/wp-json\/wp\/v2\/giftcard-category?post=1182"}],"curies":[{"name":"wp","href":"https:\/\/api.w.org\/{rel}","templated":true}]}}