{"id":1177,"date":"2025-09-30T15:40:39","date_gmt":"2025-09-30T15:40:39","guid":{"rendered":"https:\/\/www.luno3284.odns.fr\/?post_type=product&#038;p=1177"},"modified":"2025-11-22T23:48:58","modified_gmt":"2025-11-22T22:48:58","slug":"shampoing-soin-profond-patine-brushing","status":"publish","type":"product","link":"https:\/\/spavendome.fr\/en\/service\/shampoing-soin-profond-patine-brushing\/","title":{"rendered":"Patine (Shampoing &#8211; Soin Profond &#8211; Brushing) \u00e0 Paris"},"content":{"rendered":"<h2>Patine \u2013 Shampoing \u2013 Soin Profond \u2013 Brushing \u2013 Paris<\/h2>\n<p>La <strong>Patine<\/strong> est le soin id\u00e9al pour redonner \u00e9clat, harmonie et brillance \u00e0 votre couleur ou \u00e0 votre balayage. Cette prestation combine un <strong>shampoing professionnel<\/strong>, un <strong>soin profond<\/strong> nourrissant et un <strong>brushing personnalis\u00e9<\/strong> pour sublimer votre chevelure tout en neutralisant les reflets ind\u00e9sirables.<\/p>\n<h3>D\u00e9roulement du service :<\/h3>\n<ul>\n<li><strong>Shampoing professionnel :<\/strong> nettoyage doux adapt\u00e9 \u00e0 la nature de vos cheveux, pour pr\u00e9server \u00e9clat et sant\u00e9 de la fibre capillaire.<\/li>\n<li><strong>Soin profond :<\/strong> traitement nourrissant et protecteur qui pr\u00e9pare les cheveux \u00e0 recevoir la patine, tout en renfor\u00e7ant la fibre et en apportant douceur et souplesse.<\/li>\n<li><strong>Patine :<\/strong> neutralisation des reflets jaunes, cuivr\u00e9s ou ternes, ou ajustement subtil de la tonalit\u00e9 de votre couleur pour un rendu harmonieux et lumineux.<\/li>\n<li><strong>Brushing sur-mesure :<\/strong> finition lisse ou wavy pour mettre en valeur les reflets et la brillance de vos cheveux.<\/li>\n<\/ul>\n<h3>Les avantages :<\/h3>\n<ul>\n<li>Reflets ind\u00e9sirables neutralis\u00e9s<\/li>\n<li>Couleur raviv\u00e9e et harmonieuse<\/li>\n<li>Cheveux doux, brillants et nourris<\/li>\n<li>Brushing personnalis\u00e9 pour un r\u00e9sultat professionnel<\/li>\n<\/ul>\n<h3>Pour qui ?<\/h3>\n<p>Id\u00e9al pour toutes les personnes souhaitant raviver leur couleur, sublimer un balayage ou neutraliser les reflets ind\u00e9sirables, tout en offrant un soin protecteur \u00e0 la fibre capillaire.<\/p>\n<h3>Suppl\u00e9ment :<\/h3>\n<p>Un suppl\u00e9ment peut \u00eatre appliqu\u00e9 selon la longueur, la densit\u00e9 ou la texture des cheveux.<\/p>\n<p>Retrouvez une couleur \u00e9clatante, des cheveux nourris et un brushing parfait gr\u00e2ce \u00e0 la <strong>Patine \u2013 Shampoing \u2013 Soin Profond \u2013 Brushing<\/strong> \u00e0 Paris.<\/p>\n<p>&nbsp;<\/p>\n<div id=\"amelia-cal-61\" style=\"display: none; margin-top: 24px;\">\n<script>\n  if (typeof hasAmeliaEntitiesApiCall === 'undefined' && ('' === '' && '' !== '1')) {\n    var hasAmeliaEntitiesApiCall = true;\n  }\n  var ameliaShortcodeData = (typeof ameliaShortcodeData === 'undefined') ? [] : ameliaShortcodeData;\n  ameliaShortcodeData.push(\n    {\n      'hasApiCall': (typeof hasAmeliaEntitiesApiCall !== 'undefined') && hasAmeliaEntitiesApiCall,\n      'trigger': '',\n      'trigger_type': '',\n      'triggered_form': 'sbsNew',\n      'in_dialog': '',\n      'show': 'services',\n      'counter': '1000',\n      'category': '61',\n      'service': '',\n      'employee': '4',\n      'location': '',\n      'package': '',\n      'layout': '1',\n    }\n  );\n\n  var ameliaShortcodeDataTriggered = (typeof ameliaShortcodeDataTriggered === 'undefined') ? [] : ameliaShortcodeDataTriggered;\n  if (ameliaShortcodeData[ameliaShortcodeData.length - 1].trigger !== '') {\n    if (ameliaShortcodeDataTriggered.filter(a => a.counter === ameliaShortcodeData[ameliaShortcodeData.length - 1].counter).length === 0) {\n      ameliaShortcodeDataTriggered.push(ameliaShortcodeData.pop());\n    } else {\n      ameliaShortcodeData.pop()\n    }\n  }\n  if (typeof hasAmeliaEntitiesApiCall !== 'undefined' && hasAmeliaEntitiesApiCall) {\n    hasAmeliaEntitiesApiCall = false;\n  }\n<\/script>\n\n<div\n  id=\"amelia-v2-booking-1000\"\n  class=\"amelia-v2-booking\"\n >\n    <step-form-wrapper><\/step-form-wrapper><\/div>\n<\/div>\n<p>&nbsp;<\/p>\n","protected":false},"excerpt":{"rendered":"<p>Patine \u00e0 Paris : shampoing, soin profond et brushing pour neutraliser les reflets, raviver la couleur et sublimer vos cheveux avec \u00e9clat.<\/p>","protected":false},"featured_media":1934,"comment_status":"open","ping_status":"closed","template":"","meta":{"_monsterinsights_skip_tracking":false,"_monsterinsights_sitenote_active":false,"_monsterinsights_sitenote_note":"","_monsterinsights_sitenote_category":0,"_joinchat":[]},"product_brand":[],"product_cat":[49],"product_tag":[],"giftcard-category":[],"class_list":{"0":"post-1177","1":"product","2":"type-product","3":"status-publish","4":"has-post-thumbnail","6":"product_cat-nuances-signatures","7":"latest_post","9":"first","10":"instock","11":"virtual","12":"taxable","13":"purchasable","14":"product-type-simple"},"jetpack_sharing_enabled":true,"_links":{"self":[{"href":"https:\/\/spavendome.fr\/en\/wp-json\/wp\/v2\/product\/1177","targetHints":{"allow":["GET"]}}],"collection":[{"href":"https:\/\/spavendome.fr\/en\/wp-json\/wp\/v2\/product"}],"about":[{"href":"https:\/\/spavendome.fr\/en\/wp-json\/wp\/v2\/types\/product"}],"replies":[{"embeddable":true,"href":"https:\/\/spavendome.fr\/en\/wp-json\/wp\/v2\/comments?post=1177"}],"wp:featuredmedia":[{"embeddable":true,"href":"https:\/\/spavendome.fr\/en\/wp-json\/wp\/v2\/media\/1934"}],"wp:attachment":[{"href":"https:\/\/spavendome.fr\/en\/wp-json\/wp\/v2\/media?parent=1177"}],"wp:term":[{"taxonomy":"product_brand","embeddable":true,"href":"https:\/\/spavendome.fr\/en\/wp-json\/wp\/v2\/product_brand?post=1177"},{"taxonomy":"product_cat","embeddable":true,"href":"https:\/\/spavendome.fr\/en\/wp-json\/wp\/v2\/product_cat?post=1177"},{"taxonomy":"product_tag","embeddable":true,"href":"https:\/\/spavendome.fr\/en\/wp-json\/wp\/v2\/product_tag?post=1177"},{"taxonomy":"giftcard-category","embeddable":true,"href":"https:\/\/spavendome.fr\/en\/wp-json\/wp\/v2\/giftcard-category?post=1177"}],"curies":[{"name":"wp","href":"https:\/\/api.w.org\/{rel}","templated":true}]}}