{"id":1161,"date":"2025-09-30T15:16:35","date_gmt":"2025-09-30T15:16:35","guid":{"rendered":"https:\/\/www.luno3284.odns.fr\/?post_type=product&#038;p=1161"},"modified":"2025-11-22T23:49:00","modified_gmt":"2025-11-22T22:49:00","slug":"ombre-hair-coupe","status":"publish","type":"product","link":"https:\/\/spavendome.fr\/en\/service\/ombre-hair-coupe\/","title":{"rendered":"Ombr\u00e9 Hair \/ Coupe (Brushing \u2013 Shampoing \u2013 Soin Profond) \u00e0 Paris"},"content":{"rendered":"<h2>Ombr\u00e9 Hair \/ Coupe\u00a0\u2013 Brushing \u2013 Shampoing \u2013 Soin Profond \u2013 Paris<\/h2>\n<p>Offrez \u00e0 vos cheveux une transformation subtile et raffin\u00e9e avec notre service <strong>Ombr\u00e9 Hair Coupe<\/strong>, qui associe la douceur d\u2019un d\u00e9grad\u00e9 lumineux \u00e0 l\u2019\u00e9l\u00e9gance d\u2019une coupe sur mesure. Ce soin complet comprend un <strong>shampoing professionnel<\/strong>, un <strong>soin profond r\u00e9parateur<\/strong> et un <strong>brushing personnalis\u00e9<\/strong> pour sublimer votre nouvelle couleur.<\/p>\n<h3>D\u00e9roulement du service : Ombr\u00e9 Hair \/ Coupe<\/h3>\n<ul>\n<li><strong>Shampoing professionnel :<\/strong> nettoyage doux et pr\u00e9parateur, adapt\u00e9 \u00e0 votre type de cheveux.<\/li>\n<li><strong>Ombr\u00e9 Hair sur mesure :<\/strong> coloration progressive et fondue pour un effet soleil naturel, sans d\u00e9marcation.<\/li>\n<li><strong>Soin profond :<\/strong> nutrition intense pour renforcer et hydrater la fibre capillaire, apportant douceur et \u00e9clat.<\/li>\n<li><strong>Coupe personnalis\u00e9e :<\/strong> adapt\u00e9e \u00e0 la morphologie de votre visage et \u00e0 votre style, elle vient sublimer la couleur et donner mouvement \u00e0 la chevelure.<\/li>\n<li><strong>Brushing final :<\/strong> pour r\u00e9v\u00e9ler la brillance et la structure de vos cheveux, avec un fini lisse ou wavy selon vos envies.<\/li>\n<\/ul>\n<h3>Les avantages :<\/h3>\n<ul>\n<li>Coloration naturelle et lumineuse<\/li>\n<li>Cheveux nourris, doux et brillants<\/li>\n<li>Coupe sur mesure adapt\u00e9e \u00e0 votre visage<\/li>\n<li>R\u00e9sultat professionnel longue dur\u00e9e<\/li>\n<\/ul>\n<h3>Pour qui ?<\/h3>\n<p>Le service <strong>Ombr\u00e9 Hair Coupe<\/strong> est id\u00e9al pour celles et ceux qui souhaitent apporter de la lumi\u00e8re \u00e0 leur chevelure tout en rafra\u00eechissant leur coupe. Parfait pour un effet chic et naturel \u00e0 la fois.<\/p>\n<h3>Suppl\u00e9ment :<\/h3>\n<p>Un suppl\u00e9ment peut \u00eatre appliqu\u00e9 selon la longueur, la densit\u00e9 ou la texture de vos cheveux.<\/p>\n<p>Adoptez un <strong>ombr\u00e9 hair lumineux et naturel<\/strong>, accompagn\u00e9 d\u2019un <strong>soin profond<\/strong> et d\u2019une <strong>coupe \u00e9l\u00e9gante<\/strong> pour une chevelure \u00e9clatante et en parfaite sant\u00e9.<\/p>\n<div id=\"amelia-cal-58\" style=\"display: none; margin-top: 24px;\">\n<script>\n  if (typeof hasAmeliaEntitiesApiCall === 'undefined' && ('' === '' && '' !== '1')) {\n    var hasAmeliaEntitiesApiCall = true;\n  }\n  var ameliaShortcodeData = (typeof ameliaShortcodeData === 'undefined') ? [] : ameliaShortcodeData;\n  ameliaShortcodeData.push(\n    {\n      'hasApiCall': (typeof hasAmeliaEntitiesApiCall !== 'undefined') && hasAmeliaEntitiesApiCall,\n      'trigger': '',\n      'trigger_type': '',\n      'triggered_form': 'sbsNew',\n      'in_dialog': '',\n      'show': 'services',\n      'counter': '1000',\n      'category': '58',\n      'service': '',\n      'employee': '4',\n      'location': '',\n      'package': '',\n      'layout': '1',\n    }\n  );\n\n  var ameliaShortcodeDataTriggered = (typeof ameliaShortcodeDataTriggered === 'undefined') ? [] : ameliaShortcodeDataTriggered;\n  if (ameliaShortcodeData[ameliaShortcodeData.length - 1].trigger !== '') {\n    if (ameliaShortcodeDataTriggered.filter(a => a.counter === ameliaShortcodeData[ameliaShortcodeData.length - 1].counter).length === 0) {\n      ameliaShortcodeDataTriggered.push(ameliaShortcodeData.pop());\n    } else {\n      ameliaShortcodeData.pop()\n    }\n  }\n  if (typeof hasAmeliaEntitiesApiCall !== 'undefined' && hasAmeliaEntitiesApiCall) {\n    hasAmeliaEntitiesApiCall = false;\n  }\n<\/script>\n\n<div\n  id=\"amelia-v2-booking-1000\"\n  class=\"amelia-v2-booking\"\n >\n    <step-form-wrapper><\/step-form-wrapper><\/div>\n<\/div>\n","protected":false},"excerpt":{"rendered":"<p data-start=\"491\" data-end=\"638\">Ombr\u00e9 Hair \/ Coupe \u00e0 Paris : soin complet avec shampoing, soin profond et brushing pour une couleur lumineuse et une coupe \u00e9l\u00e9gante et harmonieuse.<\/p>","protected":false},"featured_media":1551,"comment_status":"open","ping_status":"closed","template":"","meta":{"_monsterinsights_skip_tracking":false,"_monsterinsights_sitenote_active":false,"_monsterinsights_sitenote_note":"","_monsterinsights_sitenote_category":0,"_joinchat":[]},"product_brand":[],"product_cat":[49],"product_tag":[],"giftcard-category":[],"class_list":{"0":"post-1161","1":"product","2":"type-product","3":"status-publish","4":"has-post-thumbnail","6":"product_cat-nuances-signatures","7":"latest_post","9":"first","10":"instock","11":"virtual","12":"taxable","13":"purchasable","14":"product-type-simple"},"jetpack_sharing_enabled":true,"_links":{"self":[{"href":"https:\/\/spavendome.fr\/en\/wp-json\/wp\/v2\/product\/1161","targetHints":{"allow":["GET"]}}],"collection":[{"href":"https:\/\/spavendome.fr\/en\/wp-json\/wp\/v2\/product"}],"about":[{"href":"https:\/\/spavendome.fr\/en\/wp-json\/wp\/v2\/types\/product"}],"replies":[{"embeddable":true,"href":"https:\/\/spavendome.fr\/en\/wp-json\/wp\/v2\/comments?post=1161"}],"wp:featuredmedia":[{"embeddable":true,"href":"https:\/\/spavendome.fr\/en\/wp-json\/wp\/v2\/media\/1551"}],"wp:attachment":[{"href":"https:\/\/spavendome.fr\/en\/wp-json\/wp\/v2\/media?parent=1161"}],"wp:term":[{"taxonomy":"product_brand","embeddable":true,"href":"https:\/\/spavendome.fr\/en\/wp-json\/wp\/v2\/product_brand?post=1161"},{"taxonomy":"product_cat","embeddable":true,"href":"https:\/\/spavendome.fr\/en\/wp-json\/wp\/v2\/product_cat?post=1161"},{"taxonomy":"product_tag","embeddable":true,"href":"https:\/\/spavendome.fr\/en\/wp-json\/wp\/v2\/product_tag?post=1161"},{"taxonomy":"giftcard-category","embeddable":true,"href":"https:\/\/spavendome.fr\/en\/wp-json\/wp\/v2\/giftcard-category?post=1161"}],"curies":[{"name":"wp","href":"https:\/\/api.w.org\/{rel}","templated":true}]}}