{"id":1156,"date":"2025-09-30T15:13:56","date_gmt":"2025-09-30T15:13:56","guid":{"rendered":"https:\/\/www.luno3284.odns.fr\/?post_type=product&#038;p=1156"},"modified":"2025-11-22T23:49:00","modified_gmt":"2025-11-22T22:49:00","slug":"ombre-hair","status":"publish","type":"product","link":"https:\/\/spavendome.fr\/en\/service\/ombre-hair\/","title":{"rendered":"Ombr\u00e9 Hair (Shampoing \u2013 Soin Profond \u2013 Brushing) \u00e0 Paris"},"content":{"rendered":"<h2>Ombr\u00e9 Hair \u2013 Shampoing \u2013 Soin Profond \u2013 Brushing \u2013 Salon de Coiffure Paris<\/h2>\n<p>D\u00e9couvrez l\u2019art de la coloration en d\u00e9grad\u00e9 avec notre <strong>Ombr\u00e9 Hair professionnel<\/strong>, un service qui allie technicit\u00e9 et soin pour une chevelure naturellement lumineuse. Ce rituel complet comprend un <strong>shampoing nourrissant<\/strong>, un <strong>soin profond r\u00e9parateur<\/strong> et un <strong>brushing sur mesure<\/strong> pour sublimer votre couleur.<\/p>\n<h3>D\u00e9roulement du service :<\/h3>\n<ul>\n<li><strong>Shampoing professionnel :<\/strong> nettoyage doux pour pr\u00e9parer la fibre capillaire avant la coloration.<\/li>\n<li><strong>Ombr\u00e9 Hair personnalis\u00e9 :<\/strong> d\u00e9grad\u00e9 subtil et fondu, allant des racines naturelles vers des pointes lumineuses. L\u2019effet est naturel, progressif et sans d\u00e9marcation.<\/li>\n<li><strong>Soin profond :<\/strong> application d\u2019un soin nutritif pour r\u00e9parer, hydrater et prot\u00e9ger les cheveux color\u00e9s.<\/li>\n<li><strong>Brushing final :<\/strong> mise en forme \u00e9l\u00e9gante, lisse ou wavy, pour r\u00e9v\u00e9ler la brillance et le relief de votre couleur.<\/li>\n<\/ul>\n<h3>Les avantages :<\/h3>\n<ul>\n<li>\u00c9claircissement naturel et harmonieux<\/li>\n<li>Cheveux doux, brillants et nourris<\/li>\n<li>R\u00e9sultat longue dur\u00e9e sans retouche fr\u00e9quente<\/li>\n<li>Finition soign\u00e9e et professionnelle<\/li>\n<\/ul>\n<h3>Pour qui ?<\/h3>\n<p>Ce soin est id\u00e9al pour celles et ceux qui souhaitent illuminer leur chevelure sans effet racine marqu\u00e9. Parfait pour un rendu naturel et moderne.<\/p>\n<h3>Suppl\u00e9ment :<\/h3>\n<p>Un suppl\u00e9ment peut \u00eatre appliqu\u00e9 selon la longueur, la densit\u00e9 ou la texture des cheveux.<\/p>\n<p>Offrez \u00e0 vos cheveux un <strong>ombr\u00e9 hair lumineux<\/strong> et un <strong>soin complet<\/strong> pour une couleur fondue, \u00e9l\u00e9gante et pleine de vitalit\u00e9.<\/p>\n<div id=\"amelia-cal-52\" style=\"display: none; margin-top: 24px;\">\n<script>\n  if (typeof hasAmeliaEntitiesApiCall === 'undefined' && ('' === '' && '' !== '1')) {\n    var hasAmeliaEntitiesApiCall = true;\n  }\n  var ameliaShortcodeData = (typeof ameliaShortcodeData === 'undefined') ? [] : ameliaShortcodeData;\n  ameliaShortcodeData.push(\n    {\n      'hasApiCall': (typeof hasAmeliaEntitiesApiCall !== 'undefined') && hasAmeliaEntitiesApiCall,\n      'trigger': '',\n      'trigger_type': '',\n      'triggered_form': 'sbsNew',\n      'in_dialog': '',\n      'show': 'services',\n      'counter': '1000',\n      'category': '52',\n      'service': '',\n      'employee': '4',\n      'location': '',\n      'package': '',\n      'layout': '1',\n    }\n  );\n\n  var ameliaShortcodeDataTriggered = (typeof ameliaShortcodeDataTriggered === 'undefined') ? [] : ameliaShortcodeDataTriggered;\n  if (ameliaShortcodeData[ameliaShortcodeData.length - 1].trigger !== '') {\n    if (ameliaShortcodeDataTriggered.filter(a => a.counter === ameliaShortcodeData[ameliaShortcodeData.length - 1].counter).length === 0) {\n      ameliaShortcodeDataTriggered.push(ameliaShortcodeData.pop());\n    } else {\n      ameliaShortcodeData.pop()\n    }\n  }\n  if (typeof hasAmeliaEntitiesApiCall !== 'undefined' && hasAmeliaEntitiesApiCall) {\n    hasAmeliaEntitiesApiCall = false;\n  }\n<\/script>\n\n<div\n  id=\"amelia-v2-booking-1000\"\n  class=\"amelia-v2-booking\"\n >\n    <step-form-wrapper><\/step-form-wrapper><\/div>\n<\/div>\n","protected":false},"excerpt":{"rendered":"<p>Ombr\u00e9 Hair \u00e0 Paris avec shampoing, soin profond et brushing pour une chevelure lumineuse, d\u00e9grad\u00e9e en douceur et parfaitement soign\u00e9e.<\/p>","protected":false},"featured_media":1668,"comment_status":"open","ping_status":"closed","template":"","meta":{"_monsterinsights_skip_tracking":false,"_monsterinsights_sitenote_active":false,"_monsterinsights_sitenote_note":"","_monsterinsights_sitenote_category":0,"_joinchat":[]},"product_brand":[],"product_cat":[49],"product_tag":[],"giftcard-category":[],"class_list":{"0":"post-1156","1":"product","2":"type-product","3":"status-publish","4":"has-post-thumbnail","6":"product_cat-nuances-signatures","7":"latest_post","9":"first","10":"instock","11":"virtual","12":"taxable","13":"purchasable","14":"product-type-simple"},"jetpack_sharing_enabled":true,"_links":{"self":[{"href":"https:\/\/spavendome.fr\/en\/wp-json\/wp\/v2\/product\/1156","targetHints":{"allow":["GET"]}}],"collection":[{"href":"https:\/\/spavendome.fr\/en\/wp-json\/wp\/v2\/product"}],"about":[{"href":"https:\/\/spavendome.fr\/en\/wp-json\/wp\/v2\/types\/product"}],"replies":[{"embeddable":true,"href":"https:\/\/spavendome.fr\/en\/wp-json\/wp\/v2\/comments?post=1156"}],"wp:featuredmedia":[{"embeddable":true,"href":"https:\/\/spavendome.fr\/en\/wp-json\/wp\/v2\/media\/1668"}],"wp:attachment":[{"href":"https:\/\/spavendome.fr\/en\/wp-json\/wp\/v2\/media?parent=1156"}],"wp:term":[{"taxonomy":"product_brand","embeddable":true,"href":"https:\/\/spavendome.fr\/en\/wp-json\/wp\/v2\/product_brand?post=1156"},{"taxonomy":"product_cat","embeddable":true,"href":"https:\/\/spavendome.fr\/en\/wp-json\/wp\/v2\/product_cat?post=1156"},{"taxonomy":"product_tag","embeddable":true,"href":"https:\/\/spavendome.fr\/en\/wp-json\/wp\/v2\/product_tag?post=1156"},{"taxonomy":"giftcard-category","embeddable":true,"href":"https:\/\/spavendome.fr\/en\/wp-json\/wp\/v2\/giftcard-category?post=1156"}],"curies":[{"name":"wp","href":"https:\/\/api.w.org\/{rel}","templated":true}]}}