{"id":1140,"date":"2025-09-30T14:57:26","date_gmt":"2025-09-30T14:57:26","guid":{"rendered":"https:\/\/www.luno3284.odns.fr\/?post_type=product&#038;p=1140"},"modified":"2025-11-22T23:49:02","modified_gmt":"2025-11-22T22:49:02","slug":"cryotherapie-capillaire","status":"publish","type":"product","link":"https:\/\/spavendome.fr\/en\/service\/cryotherapie-capillaire\/","title":{"rendered":"Cryoth\u00e9rapie Capillaire - Stimulation and Vitality - Paris"},"content":{"rendered":"<h2>Cryoth\u00e9rapie Capillaire \u2013 Paris<\/h2>\n<p>Offrez \u00e0 vos cheveux un soin r\u00e9volutionnaire avec notre <strong>Cryoth\u00e9rapie Capillaire<\/strong>, un traitement de pointe qui utilise le froid pour revitaliser vos cheveux et stimuler leur croissance. Id\u00e9al pour nourrir, renforcer et r\u00e9guler le cuir chevelu, ce soin redonne vitalit\u00e9 et \u00e9clat \u00e0 votre chevelure.<\/p>\n<h3>Comment \u00e7a fonctionne ?<\/h3>\n<p>La technique applique des temp\u00e9ratures froides sur le cuir chevelu, stimulant la circulation sanguine et am\u00e9liorant l\u2019oxyg\u00e9nation des racines. Cela renforce la fibre capillaire, r\u00e9duit les inflammations, apaise les irritations et pr\u00e9vient la chute des cheveux.<\/p>\n<h3>Associer \u00e0 un Botox Capillaire<\/h3>\n<p>Pour une r\u00e9paration compl\u00e8te, la Cryoth\u00e9rapie Capillaire peut \u00eatre combin\u00e9e avec un <strong>Botox Capillaire<\/strong>. Ce dernier nourrit et lisse les cheveux en profondeur, r\u00e9parant les dommages caus\u00e9s par les traitements chimiques ou la chaleur. Ensemble, ils offrent hydratation, volume, brillance et densit\u00e9, tout en renfor\u00e7ant la fibre capillaire de l\u2019int\u00e9rieur.<\/p>\n<h3>Les bienfaits :<\/h3>\n<ul>\n<li>Stimule la circulation sanguine et favorise la croissance des cheveux<\/li>\n<li>Apaise le cuir chevelu et r\u00e9gule la production de s\u00e9bum<\/li>\n<li>Redonne \u00e9clat, brillance et douceur aux cheveux<\/li>\n<li>R\u00e9duit la chute et am\u00e9liore la densit\u00e9 capillaire<\/li>\n<\/ul>\n<p>Ce soin est id\u00e9al pour les cheveux fragiles, fins ou manquant de volume. Vous repartirez avec des cheveux revitalis\u00e9s, plus \u00e9pais, \u00e9clatants et en pleine sant\u00e9.<\/p>\n<div id=\"amelia-cal-49\" style=\"display: none; margin-top: 24px;\">\n<script>\n  if (typeof hasAmeliaEntitiesApiCall === 'undefined' && ('' === '' && '' !== '1')) {\n    var hasAmeliaEntitiesApiCall = true;\n  }\n  var ameliaShortcodeData = (typeof ameliaShortcodeData === 'undefined') ? [] : ameliaShortcodeData;\n  ameliaShortcodeData.push(\n    {\n      'hasApiCall': (typeof hasAmeliaEntitiesApiCall !== 'undefined') && hasAmeliaEntitiesApiCall,\n      'trigger': '',\n      'trigger_type': '',\n      'triggered_form': 'sbsNew',\n      'in_dialog': '',\n      'show': 'services',\n      'counter': '1000',\n      'category': '49',\n      'service': '',\n      'employee': '4',\n      'location': '',\n      'package': '',\n      'layout': '1',\n    }\n  );\n\n  var ameliaShortcodeDataTriggered = (typeof ameliaShortcodeDataTriggered === 'undefined') ? [] : ameliaShortcodeDataTriggered;\n  if (ameliaShortcodeData[ameliaShortcodeData.length - 1].trigger !== '') {\n    if (ameliaShortcodeDataTriggered.filter(a => a.counter === ameliaShortcodeData[ameliaShortcodeData.length - 1].counter).length === 0) {\n      ameliaShortcodeDataTriggered.push(ameliaShortcodeData.pop());\n    } else {\n      ameliaShortcodeData.pop()\n    }\n  }\n  if (typeof hasAmeliaEntitiesApiCall !== 'undefined' && hasAmeliaEntitiesApiCall) {\n    hasAmeliaEntitiesApiCall = false;\n  }\n<\/script>\n\n<div\n  id=\"amelia-v2-booking-1000\"\n  class=\"amelia-v2-booking\"\n >\n    <step-form-wrapper><\/step-form-wrapper><\/div>\n<\/div>\n","protected":false},"excerpt":{"rendered":"<p data-start=\"497\" data-end=\"648\">Cryoth\u00e9rapie Capillaire \u00e0 Paris : stimule la croissance, renforce et r\u00e9pare les cheveux, apporte volume, brillance et densit\u00e9 pour des cheveux sains.<\/p>","protected":false},"featured_media":1672,"comment_status":"open","ping_status":"closed","template":"","meta":{"_monsterinsights_skip_tracking":false,"_monsterinsights_sitenote_active":false,"_monsterinsights_sitenote_note":"","_monsterinsights_sitenote_category":0,"_joinchat":[]},"product_brand":[],"product_cat":[51],"product_tag":[],"giftcard-category":[],"class_list":{"0":"post-1140","1":"product","2":"type-product","3":"status-publish","4":"has-post-thumbnail","6":"product_cat-soins-capillaires","7":"latest_post","9":"first","10":"instock","11":"virtual","12":"taxable","13":"purchasable","14":"product-type-simple"},"jetpack_sharing_enabled":true,"_links":{"self":[{"href":"https:\/\/spavendome.fr\/en\/wp-json\/wp\/v2\/product\/1140","targetHints":{"allow":["GET"]}}],"collection":[{"href":"https:\/\/spavendome.fr\/en\/wp-json\/wp\/v2\/product"}],"about":[{"href":"https:\/\/spavendome.fr\/en\/wp-json\/wp\/v2\/types\/product"}],"replies":[{"embeddable":true,"href":"https:\/\/spavendome.fr\/en\/wp-json\/wp\/v2\/comments?post=1140"}],"wp:featuredmedia":[{"embeddable":true,"href":"https:\/\/spavendome.fr\/en\/wp-json\/wp\/v2\/media\/1672"}],"wp:attachment":[{"href":"https:\/\/spavendome.fr\/en\/wp-json\/wp\/v2\/media?parent=1140"}],"wp:term":[{"taxonomy":"product_brand","embeddable":true,"href":"https:\/\/spavendome.fr\/en\/wp-json\/wp\/v2\/product_brand?post=1140"},{"taxonomy":"product_cat","embeddable":true,"href":"https:\/\/spavendome.fr\/en\/wp-json\/wp\/v2\/product_cat?post=1140"},{"taxonomy":"product_tag","embeddable":true,"href":"https:\/\/spavendome.fr\/en\/wp-json\/wp\/v2\/product_tag?post=1140"},{"taxonomy":"giftcard-category","embeddable":true,"href":"https:\/\/spavendome.fr\/en\/wp-json\/wp\/v2\/giftcard-category?post=1140"}],"curies":[{"name":"wp","href":"https:\/\/api.w.org\/{rel}","templated":true}]}}