{"id":1134,"date":"2025-09-30T14:52:51","date_gmt":"2025-09-30T14:52:51","guid":{"rendered":"https:\/\/www.luno3284.odns.fr\/?post_type=product&#038;p=1134"},"modified":"2025-11-22T23:49:03","modified_gmt":"2025-11-22T22:49:03","slug":"soin-botox-reparateur","status":"publish","type":"product","link":"https:\/\/spavendome.fr\/en\/service\/soin-botox-reparateur\/","title":{"rendered":"Botox treatment - Intense Repair and Shine - Damaged Hair - Paris"},"content":{"rendered":"<h2>Soin Botox R\u00e9parateur \u2013 Paris<\/h2>\n<p>Le <strong>Soin Botox R\u00e9parateur<\/strong> est un traitement capillaire intensif con\u00e7u pour redonner vie aux cheveux ab\u00eem\u00e9s, cassants ou d\u00e9vitalis\u00e9s. Ce soin agit comme une v\u00e9ritable cure de jouvence pour la fibre capillaire, en la r\u00e9parant en profondeur et en restaurant sa sant\u00e9 naturelle.<\/p>\n<h3>Bienfaits du soin :<\/h3>\n<ul>\n<li>R\u00e9pare et renforce les cheveux fragilis\u00e9s<\/li>\n<li>Comble les zones ab\u00eem\u00e9es et cassantes<\/li>\n<li>Apporte brillance, douceur et \u00e9lasticit\u00e9<\/li>\n<li>Discipline et lisse les cheveux sans les alourdir<\/li>\n<li>Prot\u00e8ge contre les agressions chimiques et thermiques<\/li>\n<\/ul>\n<h3>Pour qui ?<\/h3>\n<p>Id\u00e9al pour les cheveux secs, ab\u00eem\u00e9s, fragilis\u00e9s ou cassants, apr\u00e8s colorations, d\u00e9colorations, lissages ou expositions \u00e0 la chaleur (s\u00e8che-cheveux, fer, plaques). Convient \u00e0 tous types de cheveux n\u00e9cessitant r\u00e9paration et hydratation profonde.<\/p>\n<h3>Composition et actifs cl\u00e9s :<\/h3>\n<ul>\n<li>K\u00e9ratine : renforce et restructure la fibre capillaire<\/li>\n<li>Acides amin\u00e9s : nourrissent et r\u00e9parent les cheveux en profondeur<\/li>\n<li>Vitamines et collag\u00e8ne : apportent douceur, \u00e9lasticit\u00e9 et brillance<\/li>\n<\/ul>\n<h3>Suppl\u00e9ment :<\/h3>\n<p>Un suppl\u00e9ment peut \u00eatre appliqu\u00e9 selon la longueur, la densit\u00e9 ou la texture des cheveux.<\/p>\n<p>Redonnez vitalit\u00e9 et \u00e9clat \u00e0 vos cheveux gr\u00e2ce au <strong>Soin Botox R\u00e9parateur<\/strong>, pour une chevelure revitalis\u00e9e, douce et lumineuse d\u00e8s la premi\u00e8re application.<\/p>\n<div id=\"amelia-cal-47\" style=\"display: none; margin-top: 24px;\">\n<script>\n  if (typeof hasAmeliaEntitiesApiCall === 'undefined' && ('' === '' && '' !== '1')) {\n    var hasAmeliaEntitiesApiCall = true;\n  }\n  var ameliaShortcodeData = (typeof ameliaShortcodeData === 'undefined') ? [] : ameliaShortcodeData;\n  ameliaShortcodeData.push(\n    {\n      'hasApiCall': (typeof hasAmeliaEntitiesApiCall !== 'undefined') && hasAmeliaEntitiesApiCall,\n      'trigger': '',\n      'trigger_type': '',\n      'triggered_form': 'sbsNew',\n      'in_dialog': '',\n      'show': 'services',\n      'counter': '1000',\n      'category': '47',\n      'service': '',\n      'employee': '4',\n      'location': '',\n      'package': '',\n      'layout': '1',\n    }\n  );\n\n  var ameliaShortcodeDataTriggered = (typeof ameliaShortcodeDataTriggered === 'undefined') ? [] : ameliaShortcodeDataTriggered;\n  if (ameliaShortcodeData[ameliaShortcodeData.length - 1].trigger !== '') {\n    if (ameliaShortcodeDataTriggered.filter(a => a.counter === ameliaShortcodeData[ameliaShortcodeData.length - 1].counter).length === 0) {\n      ameliaShortcodeDataTriggered.push(ameliaShortcodeData.pop());\n    } else {\n      ameliaShortcodeData.pop()\n    }\n  }\n  if (typeof hasAmeliaEntitiesApiCall !== 'undefined' && hasAmeliaEntitiesApiCall) {\n    hasAmeliaEntitiesApiCall = false;\n  }\n<\/script>\n\n<div\n  id=\"amelia-v2-booking-1000\"\n  class=\"amelia-v2-booking\"\n >\n    <step-form-wrapper><\/step-form-wrapper><\/div>\n<\/div>\n","protected":false},"excerpt":{"rendered":"<p>Soin Botox R\u00e9parateur \u00e0 Paris : r\u00e9pare, nourrit et renforce vos cheveux ab\u00eem\u00e9s pour une chevelure douce, brillante et disciplin\u00e9e d\u00e8s la premi\u00e8re s\u00e9ance.<\/p>","protected":false},"featured_media":1674,"comment_status":"open","ping_status":"closed","template":"","meta":{"_monsterinsights_skip_tracking":false,"_monsterinsights_sitenote_active":false,"_monsterinsights_sitenote_note":"","_monsterinsights_sitenote_category":0,"_joinchat":[]},"product_brand":[],"product_cat":[51],"product_tag":[],"giftcard-category":[],"class_list":{"0":"post-1134","1":"product","2":"type-product","3":"status-publish","4":"has-post-thumbnail","6":"product_cat-soins-capillaires","7":"latest_post","9":"first","10":"instock","11":"virtual","12":"taxable","13":"purchasable","14":"product-type-simple"},"jetpack_sharing_enabled":true,"_links":{"self":[{"href":"https:\/\/spavendome.fr\/en\/wp-json\/wp\/v2\/product\/1134","targetHints":{"allow":["GET"]}}],"collection":[{"href":"https:\/\/spavendome.fr\/en\/wp-json\/wp\/v2\/product"}],"about":[{"href":"https:\/\/spavendome.fr\/en\/wp-json\/wp\/v2\/types\/product"}],"replies":[{"embeddable":true,"href":"https:\/\/spavendome.fr\/en\/wp-json\/wp\/v2\/comments?post=1134"}],"wp:featuredmedia":[{"embeddable":true,"href":"https:\/\/spavendome.fr\/en\/wp-json\/wp\/v2\/media\/1674"}],"wp:attachment":[{"href":"https:\/\/spavendome.fr\/en\/wp-json\/wp\/v2\/media?parent=1134"}],"wp:term":[{"taxonomy":"product_brand","embeddable":true,"href":"https:\/\/spavendome.fr\/en\/wp-json\/wp\/v2\/product_brand?post=1134"},{"taxonomy":"product_cat","embeddable":true,"href":"https:\/\/spavendome.fr\/en\/wp-json\/wp\/v2\/product_cat?post=1134"},{"taxonomy":"product_tag","embeddable":true,"href":"https:\/\/spavendome.fr\/en\/wp-json\/wp\/v2\/product_tag?post=1134"},{"taxonomy":"giftcard-category","embeddable":true,"href":"https:\/\/spavendome.fr\/en\/wp-json\/wp\/v2\/giftcard-category?post=1134"}],"curies":[{"name":"wp","href":"https:\/\/api.w.org\/{rel}","templated":true}]}}