{"id":1124,"date":"2025-09-30T14:26:22","date_gmt":"2025-09-30T14:26:22","guid":{"rendered":"https:\/\/www.luno3284.odns.fr\/?post_type=product&#038;p=1124"},"modified":"2025-11-22T23:49:04","modified_gmt":"2025-11-22T22:49:04","slug":"soin-botox-lissant-caviar","status":"publish","type":"product","link":"https:\/\/spavendome.fr\/en\/service\/soin-botox-lissant-caviar\/","title":{"rendered":"Botox Smoothing Caviar - Luxurious Repair and Shine - Paris"},"content":{"rendered":"<h2>Soin Botox Lissant Caviar \u2013 Paris<\/h2>\n<p>Offrez \u00e0 vos cheveux un v\u00e9ritable soin d\u2019exception avec le <strong>Botox Lissant au Caviar<\/strong>, une cure de jeunesse capillaire pour nourrir, r\u00e9parer et lisser vos cheveux en profondeur. Ce traitement haut de gamme associe les bienfaits du botox capillaire \u00e0 la richesse du caviar, pour revitaliser la fibre capillaire et sublimer votre chevelure.<\/p>\n<h3>Bienfaits du soin :<\/h3>\n<ul>\n<li>R\u00e9pare et r\u00e9g\u00e9n\u00e8re les cheveux secs, ab\u00eem\u00e9s ou ternes<\/li>\n<li>Lisse les frisottis et discipline les cheveux indisciplin\u00e9s<\/li>\n<li>Apporte brillance, douceur et souplesse<\/li>\n<li>Renforce et nourrit la fibre capillaire gr\u00e2ce \u00e0 la k\u00e9ratine et aux acides amin\u00e9s<\/li>\n<li>Texture uniforme et tenue longue dur\u00e9e<\/li>\n<\/ul>\n<h3>Pour qui ?<\/h3>\n<p>Id\u00e9al pour les cheveux secs, ab\u00eem\u00e9s, difficiles \u00e0 coiffer ou ternes, ce soin convient \u00e0 tous types de cheveux \u00e0 la recherche d\u2019un lissage naturel, d\u2019une hydratation intense et d\u2019un effet soyeux longue dur\u00e9e.<\/p>\n<h3>Composition et actifs cl\u00e9s :<\/h3>\n<ul>\n<li>Extraits de caviar : riches en prot\u00e9ines et min\u00e9raux pour nourrir et revitaliser<\/li>\n<li>K\u00e9ratine et acides amin\u00e9s : renforcent et r\u00e9parent la fibre capillaire<\/li>\n<li>Vitamines : apportent brillance et \u00e9clat aux cheveux<\/li>\n<\/ul>\n<h3>Suppl\u00e9ment :<\/h3>\n<p>Un suppl\u00e9ment peut \u00eatre appliqu\u00e9 selon la longueur, la densit\u00e9 ou la texture des cheveux.<\/p>\n<p>Offrez \u00e0 vos cheveux le luxe absolu avec le <strong>Soin Botox Lissant Caviar<\/strong>, pour une chevelure visiblement plus lisse, douce, brillante et disciplin\u00e9e.<\/p>\n<div id=\"amelia-cal-45\" style=\"display: none; margin-top: 24px;\">\n<script>\n  if (typeof hasAmeliaEntitiesApiCall === 'undefined' && ('' === '' && '' !== '1')) {\n    var hasAmeliaEntitiesApiCall = true;\n  }\n  var ameliaShortcodeData = (typeof ameliaShortcodeData === 'undefined') ? [] : ameliaShortcodeData;\n  ameliaShortcodeData.push(\n    {\n      'hasApiCall': (typeof hasAmeliaEntitiesApiCall !== 'undefined') && hasAmeliaEntitiesApiCall,\n      'trigger': '',\n      'trigger_type': '',\n      'triggered_form': 'sbsNew',\n      'in_dialog': '',\n      'show': 'services',\n      'counter': '1000',\n      'category': '45',\n      'service': '',\n      'employee': '4',\n      'location': '',\n      'package': '',\n      'layout': '1',\n    }\n  );\n\n  var ameliaShortcodeDataTriggered = (typeof ameliaShortcodeDataTriggered === 'undefined') ? [] : ameliaShortcodeDataTriggered;\n  if (ameliaShortcodeData[ameliaShortcodeData.length - 1].trigger !== '') {\n    if (ameliaShortcodeDataTriggered.filter(a => a.counter === ameliaShortcodeData[ameliaShortcodeData.length - 1].counter).length === 0) {\n      ameliaShortcodeDataTriggered.push(ameliaShortcodeData.pop());\n    } else {\n      ameliaShortcodeData.pop()\n    }\n  }\n  if (typeof hasAmeliaEntitiesApiCall !== 'undefined' && hasAmeliaEntitiesApiCall) {\n    hasAmeliaEntitiesApiCall = false;\n  }\n<\/script>\n\n<div\n  id=\"amelia-v2-booking-1000\"\n  class=\"amelia-v2-booking\"\n >\n    <step-form-wrapper><\/step-form-wrapper><\/div>\n<\/div>\n","protected":false},"excerpt":{"rendered":"<p data-start=\"474\" data-end=\"610\">Soin Botox Lissant Caviar \u00e0 Paris : r\u00e9pare, lisse et hydrate vos cheveux en profondeur pour une chevelure douce, brillante et soyeuse.<\/p>","protected":false},"featured_media":1676,"comment_status":"open","ping_status":"closed","template":"","meta":{"_monsterinsights_skip_tracking":false,"_monsterinsights_sitenote_active":false,"_monsterinsights_sitenote_note":"","_monsterinsights_sitenote_category":0,"_joinchat":[]},"product_brand":[],"product_cat":[51],"product_tag":[],"giftcard-category":[],"class_list":{"0":"post-1124","1":"product","2":"type-product","3":"status-publish","4":"has-post-thumbnail","6":"product_cat-soins-capillaires","7":"latest_post","9":"first","10":"instock","11":"virtual","12":"taxable","13":"purchasable","14":"product-type-simple"},"jetpack_sharing_enabled":true,"_links":{"self":[{"href":"https:\/\/spavendome.fr\/en\/wp-json\/wp\/v2\/product\/1124","targetHints":{"allow":["GET"]}}],"collection":[{"href":"https:\/\/spavendome.fr\/en\/wp-json\/wp\/v2\/product"}],"about":[{"href":"https:\/\/spavendome.fr\/en\/wp-json\/wp\/v2\/types\/product"}],"replies":[{"embeddable":true,"href":"https:\/\/spavendome.fr\/en\/wp-json\/wp\/v2\/comments?post=1124"}],"wp:featuredmedia":[{"embeddable":true,"href":"https:\/\/spavendome.fr\/en\/wp-json\/wp\/v2\/media\/1676"}],"wp:attachment":[{"href":"https:\/\/spavendome.fr\/en\/wp-json\/wp\/v2\/media?parent=1124"}],"wp:term":[{"taxonomy":"product_brand","embeddable":true,"href":"https:\/\/spavendome.fr\/en\/wp-json\/wp\/v2\/product_brand?post=1124"},{"taxonomy":"product_cat","embeddable":true,"href":"https:\/\/spavendome.fr\/en\/wp-json\/wp\/v2\/product_cat?post=1124"},{"taxonomy":"product_tag","embeddable":true,"href":"https:\/\/spavendome.fr\/en\/wp-json\/wp\/v2\/product_tag?post=1124"},{"taxonomy":"giftcard-category","embeddable":true,"href":"https:\/\/spavendome.fr\/en\/wp-json\/wp\/v2\/giftcard-category?post=1124"}],"curies":[{"name":"wp","href":"https:\/\/api.w.org\/{rel}","templated":true}]}}