{"id":1118,"date":"2025-09-30T13:39:05","date_gmt":"2025-09-30T13:39:05","guid":{"rendered":"https:\/\/www.luno3284.odns.fr\/?post_type=product&#038;p=1118"},"modified":"2025-11-22T23:49:04","modified_gmt":"2025-11-22T22:49:04","slug":"wavy-mariage","status":"publish","type":"product","link":"https:\/\/spavendome.fr\/en\/service\/wavy-mariage\/","title":{"rendered":"Wavy Mariage - Romantic Wavy Hair - Paris"},"content":{"rendered":"<h2>Wavy Mariage \u2013 Cheveux Ondul\u00e9s Romantiques \u2013 Paris<\/h2>\n<p>Le <strong>wavy mariage<\/strong> est la coiffure parfaite pour apporter romantisme, \u00e9l\u00e9gance et fluidit\u00e9 \u00e0 votre look le jour J. Id\u00e9al pour les mari\u00e9es ou les invit\u00e9es, ce style d\u2019ondulations naturelles met en valeur le visage, sublime la chevelure et apporte un effet glamour tout en restant l\u00e9ger et confortable.<\/p>\n<h3>Bienfaits et avantages :<\/h3>\n<ul>\n<li>Ondulations naturelles, souples et a\u00e9riennes<\/li>\n<li>Look romantique et sophistiqu\u00e9, adapt\u00e9 aux mariages et c\u00e9r\u00e9monies<\/li>\n<li>Tenue longue dur\u00e9e gr\u00e2ce aux techniques professionnelles<\/li>\n<li>Adaptable \u00e0 tous types de cheveux : courts, mi-longs ou longs<\/li>\n<li>Compatible avec accessoires : fleurs, bijoux, voile de mari\u00e9e<\/li>\n<\/ul>\n<h3>Pour qui ?<\/h3>\n<p>Le wavy mariage est id\u00e9al pour toutes celles qui souhaitent une coiffure \u00e9l\u00e9gante et romantique, avec un rendu naturel et raffin\u00e9. Convient aux mari\u00e9es, demoiselles d\u2019honneur, invit\u00e9es ou pour toute occasion sp\u00e9ciale.<\/p>\n<h3>Technique :<\/h3>\n<p>Nos experts cr\u00e9ent des ondulations harmonieuses en utilisant des m\u00e9thodes professionnelles de brushing et de lissage doux, combin\u00e9es \u00e0 des produits fixateurs de qualit\u00e9, pour garantir un wavy durable et sans frisottis. Chaque coiffure est personnalis\u00e9e selon la texture, la longueur des cheveux et le style souhait\u00e9.<\/p>\n<h3>Suppl\u00e9ment :<\/h3>\n<p>Un suppl\u00e9ment peut \u00eatre appliqu\u00e9 selon la longueur, la densit\u00e9 ou la complexit\u00e9 souhait\u00e9e pour la coiffure, ou pour ajouter des accessoires de mari\u00e9e.<\/p>\n<p>Avec le <strong>wavy mariage<\/strong>, vos cheveux ondul\u00e9s refl\u00e8tent \u00e9l\u00e9gance et romantisme, pour un look parfait et inoubliable le jour J.<\/p>\n<div id=\"amelia-cal-64\" style=\"display: none; margin-top: 24px;\">\n<script>\n  if (typeof hasAmeliaEntitiesApiCall === 'undefined' && ('' === '' && '' !== '1')) {\n    var hasAmeliaEntitiesApiCall = true;\n  }\n  var ameliaShortcodeData = (typeof ameliaShortcodeData === 'undefined') ? [] : ameliaShortcodeData;\n  ameliaShortcodeData.push(\n    {\n      'hasApiCall': (typeof hasAmeliaEntitiesApiCall !== 'undefined') && hasAmeliaEntitiesApiCall,\n      'trigger': '',\n      'trigger_type': '',\n      'triggered_form': 'sbsNew',\n      'in_dialog': '',\n      'show': 'services',\n      'counter': '1000',\n      'category': '',\n      'service': '64',\n      'employee': '4',\n      'location': '',\n      'package': '',\n      'layout': '1',\n    }\n  );\n\n  var ameliaShortcodeDataTriggered = (typeof ameliaShortcodeDataTriggered === 'undefined') ? [] : ameliaShortcodeDataTriggered;\n  if (ameliaShortcodeData[ameliaShortcodeData.length - 1].trigger !== '') {\n    if (ameliaShortcodeDataTriggered.filter(a => a.counter === ameliaShortcodeData[ameliaShortcodeData.length - 1].counter).length === 0) {\n      ameliaShortcodeDataTriggered.push(ameliaShortcodeData.pop());\n    } else {\n      ameliaShortcodeData.pop()\n    }\n  }\n  if (typeof hasAmeliaEntitiesApiCall !== 'undefined' && hasAmeliaEntitiesApiCall) {\n    hasAmeliaEntitiesApiCall = false;\n  }\n<\/script>\n\n<div\n  id=\"amelia-v2-booking-1000\"\n  class=\"amelia-v2-booking\"\n >\n    <step-form-wrapper><\/step-form-wrapper><\/div>\n<\/div>\n","protected":false},"excerpt":{"rendered":"<p data-start=\"428\" data-end=\"570\">Wavy mariage \u00e0 Paris : ondulations romantiques et \u00e9l\u00e9gantes, coiffure sur-mesure pour mari\u00e9e ou invit\u00e9, tenue longue dur\u00e9e et style raffin\u00e9.<\/p>","protected":false},"featured_media":1678,"comment_status":"open","ping_status":"closed","template":"","meta":{"_monsterinsights_skip_tracking":false,"_monsterinsights_sitenote_active":false,"_monsterinsights_sitenote_note":"","_monsterinsights_sitenote_category":0,"_joinchat":[]},"product_brand":[],"product_cat":[47],"product_tag":[],"giftcard-category":[],"class_list":{"0":"post-1118","1":"product","2":"type-product","3":"status-publish","4":"has-post-thumbnail","6":"product_cat-coiffures-evenementielles","7":"latest_post","9":"first","10":"instock","11":"virtual","12":"taxable","13":"purchasable","14":"product-type-simple"},"jetpack_sharing_enabled":true,"_links":{"self":[{"href":"https:\/\/spavendome.fr\/en\/wp-json\/wp\/v2\/product\/1118","targetHints":{"allow":["GET"]}}],"collection":[{"href":"https:\/\/spavendome.fr\/en\/wp-json\/wp\/v2\/product"}],"about":[{"href":"https:\/\/spavendome.fr\/en\/wp-json\/wp\/v2\/types\/product"}],"replies":[{"embeddable":true,"href":"https:\/\/spavendome.fr\/en\/wp-json\/wp\/v2\/comments?post=1118"}],"wp:featuredmedia":[{"embeddable":true,"href":"https:\/\/spavendome.fr\/en\/wp-json\/wp\/v2\/media\/1678"}],"wp:attachment":[{"href":"https:\/\/spavendome.fr\/en\/wp-json\/wp\/v2\/media?parent=1118"}],"wp:term":[{"taxonomy":"product_brand","embeddable":true,"href":"https:\/\/spavendome.fr\/en\/wp-json\/wp\/v2\/product_brand?post=1118"},{"taxonomy":"product_cat","embeddable":true,"href":"https:\/\/spavendome.fr\/en\/wp-json\/wp\/v2\/product_cat?post=1118"},{"taxonomy":"product_tag","embeddable":true,"href":"https:\/\/spavendome.fr\/en\/wp-json\/wp\/v2\/product_tag?post=1118"},{"taxonomy":"giftcard-category","embeddable":true,"href":"https:\/\/spavendome.fr\/en\/wp-json\/wp\/v2\/giftcard-category?post=1118"}],"curies":[{"name":"wp","href":"https:\/\/api.w.org\/{rel}","templated":true}]}}