{"id":1117,"date":"2025-09-30T13:37:48","date_gmt":"2025-09-30T13:37:48","guid":{"rendered":"https:\/\/www.luno3284.odns.fr\/?post_type=product&#038;p=1117"},"modified":"2025-11-22T23:49:07","modified_gmt":"2025-11-22T22:49:07","slug":"chignon-mariage","status":"publish","type":"product","link":"https:\/\/spavendome.fr\/en\/service\/chignon-mariage\/","title":{"rendered":"Wedding Chignon - Event Hairstyling - Paris"},"content":{"rendered":"<h2>Chignon Mariage \u2013 Coiffure \u00c9v\u00e9nementielle \u2013 Paris<\/h2>\n<p>Le <strong>chignon<\/strong> est la coiffure intemporelle par excellence, symbole d\u2019\u00e9l\u00e9gance et de raffinement, parfait pour sublimer toutes vos occasions : mariage, soir\u00e9e, gala ou \u00e9v\u00e9nement professionnel. Que vous souhaitiez un style classique et structur\u00e9, romantique et flou, boh\u00e8me ou sophistiqu\u00e9, nos experts coiffure r\u00e9alisent un chignon enti\u00e8rement <strong>sur-mesure<\/strong>, adapt\u00e9 \u00e0 la nature de vos cheveux et \u00e0 la forme de votre visage.<\/p>\n<h3>Pourquoi choisir notre service Chignon Mariage ?<\/h3>\n<ul>\n<li>Tenue longue dur\u00e9e : le chignon est con\u00e7u pour rester impeccable toute la journ\u00e9e.<\/li>\n<li>Confort et l\u00e9g\u00e8ret\u00e9 : chaque coiffure est r\u00e9alis\u00e9e pour \u00eatre agr\u00e9able \u00e0 porter.<\/li>\n<li>Style personnalis\u00e9 : lisse, structur\u00e9, flou, naturel ou d\u00e9contract\u00e9 avec m\u00e8ches l\u00e2ch\u00e9es.<\/li>\n<li>Expertise professionnelle : technique de fixation professionnelle pour un r\u00e9sultat parfait.<\/li>\n<li>Adapt\u00e9 \u00e0 toutes occasions : mariage, soir\u00e9e, entretien ou \u00e9v\u00e9nement sp\u00e9cial.<\/li>\n<\/ul>\n<h3>Le processus :<\/h3>\n<ol>\n<li>Consultation personnalis\u00e9e pour d\u00e9terminer le style souhait\u00e9 et \u00e9valuer la texture et longueur de vos cheveux.<\/li>\n<li>Pr\u00e9paration des cheveux avec shampoing et soin adapt\u00e9 pour garantir douceur, brillance et tenue.<\/li>\n<li>R\u00e9alisation du chignon avec technique professionnelle et accessoires si n\u00e9cessaire.<\/li>\n<li>Finitions : fixation, mise en forme et v\u00e9rification de la tenue pour un r\u00e9sultat impeccable.<\/li>\n<\/ol>\n<h3>R\u00e9sultat :<\/h3>\n<p>Un <strong>chignon \u00e9l\u00e9gant, raffin\u00e9 et durable<\/strong> qui met en valeur votre f\u00e9minit\u00e9 et votre personnalit\u00e9, tout en restant confortable. Une coiffure qui sublime votre look et vous permet de briller en toute confiance lors de vos \u00e9v\u00e9nements.<\/p>\n<h3>Suppl\u00e9ments :<\/h3>\n<p>Un suppl\u00e9ment peut \u00eatre appliqu\u00e9 selon la longueur, la densit\u00e9 ou la complexit\u00e9 de la coiffure.<\/p>\n<div id=\"amelia-cal-61\" style=\"display: none; margin-top: 24px;\">\n<script>\n  if (typeof hasAmeliaEntitiesApiCall === 'undefined' && ('' === '' && '' !== '1')) {\n    var hasAmeliaEntitiesApiCall = true;\n  }\n  var ameliaShortcodeData = (typeof ameliaShortcodeData === 'undefined') ? [] : ameliaShortcodeData;\n  ameliaShortcodeData.push(\n    {\n      'hasApiCall': (typeof hasAmeliaEntitiesApiCall !== 'undefined') && hasAmeliaEntitiesApiCall,\n      'trigger': '',\n      'trigger_type': '',\n      'triggered_form': 'sbsNew',\n      'in_dialog': '',\n      'show': 'services',\n      'counter': '1000',\n      'category': '',\n      'service': '61',\n      'employee': '1',\n      'location': '',\n      'package': '',\n      'layout': '1',\n    }\n  );\n\n  var ameliaShortcodeDataTriggered = (typeof ameliaShortcodeDataTriggered === 'undefined') ? [] : ameliaShortcodeDataTriggered;\n  if (ameliaShortcodeData[ameliaShortcodeData.length - 1].trigger !== '') {\n    if (ameliaShortcodeDataTriggered.filter(a => a.counter === ameliaShortcodeData[ameliaShortcodeData.length - 1].counter).length === 0) {\n      ameliaShortcodeDataTriggered.push(ameliaShortcodeData.pop());\n    } else {\n      ameliaShortcodeData.pop()\n    }\n  }\n  if (typeof hasAmeliaEntitiesApiCall !== 'undefined' && hasAmeliaEntitiesApiCall) {\n    hasAmeliaEntitiesApiCall = false;\n  }\n<\/script>\n\n<div\n  id=\"amelia-v2-booking-1000\"\n  class=\"amelia-v2-booking\"\n >\n    <step-form-wrapper><\/step-form-wrapper><\/div>\n<\/div>\n","protected":false},"excerpt":{"rendered":"<p>Chignon Mariage \u00e0 Paris : coiffure sur-mesure, \u00e9l\u00e9gante et durable pour mariage, soir\u00e9e ou \u00e9v\u00e9nement, r\u00e9alis\u00e9e par nos experts coiffure.<\/p>","protected":false},"featured_media":2766,"comment_status":"open","ping_status":"closed","template":"","meta":{"_monsterinsights_skip_tracking":false,"_monsterinsights_sitenote_active":false,"_monsterinsights_sitenote_note":"","_monsterinsights_sitenote_category":0,"_joinchat":[]},"product_brand":[],"product_cat":[47],"product_tag":[],"giftcard-category":[],"class_list":{"0":"post-1117","1":"product","2":"type-product","3":"status-publish","4":"has-post-thumbnail","6":"product_cat-coiffures-evenementielles","7":"latest_post","9":"first","10":"instock","11":"virtual","12":"taxable","13":"purchasable","14":"product-type-simple"},"jetpack_sharing_enabled":true,"_links":{"self":[{"href":"https:\/\/spavendome.fr\/en\/wp-json\/wp\/v2\/product\/1117","targetHints":{"allow":["GET"]}}],"collection":[{"href":"https:\/\/spavendome.fr\/en\/wp-json\/wp\/v2\/product"}],"about":[{"href":"https:\/\/spavendome.fr\/en\/wp-json\/wp\/v2\/types\/product"}],"replies":[{"embeddable":true,"href":"https:\/\/spavendome.fr\/en\/wp-json\/wp\/v2\/comments?post=1117"}],"wp:featuredmedia":[{"embeddable":true,"href":"https:\/\/spavendome.fr\/en\/wp-json\/wp\/v2\/media\/2766"}],"wp:attachment":[{"href":"https:\/\/spavendome.fr\/en\/wp-json\/wp\/v2\/media?parent=1117"}],"wp:term":[{"taxonomy":"product_brand","embeddable":true,"href":"https:\/\/spavendome.fr\/en\/wp-json\/wp\/v2\/product_brand?post=1117"},{"taxonomy":"product_cat","embeddable":true,"href":"https:\/\/spavendome.fr\/en\/wp-json\/wp\/v2\/product_cat?post=1117"},{"taxonomy":"product_tag","embeddable":true,"href":"https:\/\/spavendome.fr\/en\/wp-json\/wp\/v2\/product_tag?post=1117"},{"taxonomy":"giftcard-category","embeddable":true,"href":"https:\/\/spavendome.fr\/en\/wp-json\/wp\/v2\/giftcard-category?post=1117"}],"curies":[{"name":"wp","href":"https:\/\/api.w.org\/{rel}","templated":true}]}}