{"id":1103,"date":"2025-09-30T13:19:40","date_gmt":"2025-09-30T13:19:40","guid":{"rendered":"https:\/\/www.luno3284.odns.fr\/?post_type=product&#038;p=1103"},"modified":"2025-11-22T23:49:16","modified_gmt":"2025-11-22T22:49:16","slug":"shampoing-soin-profond-coupe-fourche-brushing","status":"publish","type":"product","link":"https:\/\/spavendome.fr\/en\/service\/shampoing-soin-profond-coupe-fourche-brushing\/","title":{"rendered":"Shampoing &#8211; Soin profond  &#8211; Coupe Fourche &#8211; Brushing"},"content":{"rendered":"<p data-start=\"55\" data-end=\"428\">Offrez \u00e0 vos cheveux un soin r\u00e9parateur et une finition impeccable avec notre prestation\u00a0<strong data-start=\"144\" data-end=\"175\">Split Ender Pro et Brushing<\/strong>. Ce soin innovant combine l&rsquo;efficacit\u00e9 du\u00a0<strong data-start=\"218\" data-end=\"237\">Split Ender Pro<\/strong>, un appareil de pointe sp\u00e9cialement con\u00e7u pour couper les pointes fourchues sans alt\u00e9rer la longueur de vos cheveux, et un\u00a0<strong data-start=\"361\" data-end=\"387\">brushing professionnel<\/strong>\u00a0pour une coiffure parfaite et durable.<\/p>\n<p data-start=\"430\" data-end=\"830\">Le\u00a0<strong data-start=\"433\" data-end=\"452\">Split Ender Pro<\/strong>\u00a0agit en douceur, \u00e9liminant les pointes ab\u00eem\u00e9es et fourchues, tout en pr\u00e9servant la sant\u00e9 de vos cheveux. Ce soin est id\u00e9al pour retrouver des cheveux lisses, brillants et en pleine forme. Apr\u00e8s cette r\u00e9paration cibl\u00e9e, un\u00a0<strong data-start=\"675\" data-end=\"694\">brushing expert<\/strong>\u00a0est r\u00e9alis\u00e9 pour sublimer votre coiffure, lui apporter du volume et de la brillance, tout en vous garantissant un fini lisse et soign\u00e9.<\/p>\n<p data-start=\"832\" data-end=\"1067\" data-is-last-node=\"\" data-is-only-node=\"\">Ce soin est parfait pour les cheveux fragilis\u00e9s, ab\u00eem\u00e9s ou pour ceux qui souhaitent maintenir leur chevelure en pleine sant\u00e9 sans sacrifier la longueur. Vous repartirez avec des cheveux revitalis\u00e9s, soyeux et d\u2019une brillance \u00e9clatante.<\/p>\n<div id=\"amelia-cal-42\" style=\"display:none; margin-top:24px;\">\n  \n<script>\n  if (typeof hasAmeliaEntitiesApiCall === 'undefined' && ('' === '' && '' !== '1')) {\n    var hasAmeliaEntitiesApiCall = true;\n  }\n  var ameliaShortcodeData = (typeof ameliaShortcodeData === 'undefined') ? [] : ameliaShortcodeData;\n  ameliaShortcodeData.push(\n    {\n      'hasApiCall': (typeof hasAmeliaEntitiesApiCall !== 'undefined') && hasAmeliaEntitiesApiCall,\n      'trigger': '',\n      'trigger_type': '',\n      'triggered_form': 'sbsNew',\n      'in_dialog': '',\n      'show': 'services',\n      'counter': '1000',\n      'category': '42',\n      'service': '',\n      'employee': '4',\n      'location': '',\n      'package': '',\n      'layout': '1',\n    }\n  );\n\n  var ameliaShortcodeDataTriggered = (typeof ameliaShortcodeDataTriggered === 'undefined') ? [] : ameliaShortcodeDataTriggered;\n  if (ameliaShortcodeData[ameliaShortcodeData.length - 1].trigger !== '') {\n    if (ameliaShortcodeDataTriggered.filter(a => a.counter === ameliaShortcodeData[ameliaShortcodeData.length - 1].counter).length === 0) {\n      ameliaShortcodeDataTriggered.push(ameliaShortcodeData.pop());\n    } else {\n      ameliaShortcodeData.pop()\n    }\n  }\n  if (typeof hasAmeliaEntitiesApiCall !== 'undefined' && hasAmeliaEntitiesApiCall) {\n    hasAmeliaEntitiesApiCall = false;\n  }\n<\/script>\n\n<div\n  id=\"amelia-v2-booking-1000\"\n  class=\"amelia-v2-booking\"\n >\n    <step-form-wrapper><\/step-form-wrapper><\/div>\n\n<\/div>\n","protected":false},"excerpt":{"rendered":"<p>Offrez \u00e0 vos cheveux un soin r\u00e9parateur et une finition impeccable avec notre prestation\u00a0Split Ender Pro et Brushing. Ce soin innovant combine l&rsquo;efficacit\u00e9 du\u00a0Split Ender Pro, un appareil de pointe &hellip; <\/p>","protected":false},"featured_media":1745,"comment_status":"open","ping_status":"closed","template":"","meta":{"_monsterinsights_skip_tracking":false,"_monsterinsights_sitenote_active":false,"_monsterinsights_sitenote_note":"","_monsterinsights_sitenote_category":0,"_joinchat":[]},"product_brand":[],"product_cat":[46],"product_tag":[],"giftcard-category":[],"class_list":{"0":"post-1103","1":"product","2":"type-product","3":"status-publish","4":"has-post-thumbnail","6":"product_cat-coupes","7":"latest_post","9":"first","10":"instock","11":"virtual","12":"taxable","13":"purchasable","14":"product-type-simple"},"jetpack_sharing_enabled":true,"_links":{"self":[{"href":"https:\/\/spavendome.fr\/en\/wp-json\/wp\/v2\/product\/1103","targetHints":{"allow":["GET"]}}],"collection":[{"href":"https:\/\/spavendome.fr\/en\/wp-json\/wp\/v2\/product"}],"about":[{"href":"https:\/\/spavendome.fr\/en\/wp-json\/wp\/v2\/types\/product"}],"replies":[{"embeddable":true,"href":"https:\/\/spavendome.fr\/en\/wp-json\/wp\/v2\/comments?post=1103"}],"wp:featuredmedia":[{"embeddable":true,"href":"https:\/\/spavendome.fr\/en\/wp-json\/wp\/v2\/media\/1745"}],"wp:attachment":[{"href":"https:\/\/spavendome.fr\/en\/wp-json\/wp\/v2\/media?parent=1103"}],"wp:term":[{"taxonomy":"product_brand","embeddable":true,"href":"https:\/\/spavendome.fr\/en\/wp-json\/wp\/v2\/product_brand?post=1103"},{"taxonomy":"product_cat","embeddable":true,"href":"https:\/\/spavendome.fr\/en\/wp-json\/wp\/v2\/product_cat?post=1103"},{"taxonomy":"product_tag","embeddable":true,"href":"https:\/\/spavendome.fr\/en\/wp-json\/wp\/v2\/product_tag?post=1103"},{"taxonomy":"giftcard-category","embeddable":true,"href":"https:\/\/spavendome.fr\/en\/wp-json\/wp\/v2\/giftcard-category?post=1103"}],"curies":[{"name":"wp","href":"https:\/\/api.w.org\/{rel}","templated":true}]}}