{"id":1087,"date":"2025-09-30T12:50:18","date_gmt":"2025-09-30T12:50:18","guid":{"rendered":"https:\/\/www.luno3284.odns.fr\/?post_type=product&#038;p=1087"},"modified":"2025-11-22T23:49:22","modified_gmt":"2025-11-22T22:49:22","slug":"lissage-indien-a-lhuile-dalma","status":"publish","type":"product","link":"https:\/\/spavendome.fr\/en\/service\/lissage-indien-a-lhuile-dalma\/","title":{"rendered":"Indian straightening with Amla oil - Paris"},"content":{"rendered":"<h2>Lissage Indien \u00e0 l\u2019huile d\u2019Amla \u2013 Paris<\/h2>\n<p>Maison Liss Paris a con\u00e7u un <strong>lissage d\u2019exception<\/strong> pour redonner souplesse, brillance et vitalit\u00e9 \u00e0 vos cheveux. Inspir\u00e9 des rituels de beaut\u00e9 indiens, le <strong>Lissage Indien<\/strong> repose sur une formule unique \u00e0 base d\u2019<strong>huile d\u2019Amla<\/strong>, extraite des groseilles indiennes, reconnue pour ses propri\u00e9t\u00e9s fortifiantes et r\u00e9paratrices.<\/p>\n<h3>Une formule riche en traditions et en bienfaits<\/h3>\n<p>Utilis\u00e9e depuis des si\u00e8cles par les femmes indiennes, l\u2019huile d\u2019Amla <strong>renforce les racines, stimule la pousse et pr\u00e9vient la chute des cheveux<\/strong>. Ce soin exceptionnel nourrit intens\u00e9ment la fibre capillaire, tout en la prot\u00e9geant des agressions ext\u00e9rieures.<\/p>\n<h3>Un lissage naturel et r\u00e9parateur<\/h3>\n<p>Gr\u00e2ce \u00e0 sa <strong>formule ultra-nourrissante et r\u00e9paratrice<\/strong>, le Lissage Indien \u00e9limine les frisottis et les ondulations pour des cheveux parfaitement lisses, doux et soyeux. Il apporte <strong>hydratation, brillance et l\u00e9g\u00e8ret\u00e9<\/strong>, sans alourdir ni endommager la fibre capillaire.<\/p>\n<h3>Un soin universel et durable<\/h3>\n<p>Adapt\u00e9 \u00e0 <strong>tous types de cheveux<\/strong> (secs, ab\u00eem\u00e9s, boucl\u00e9s ou sensibilis\u00e9s), ce lissage naturel offre une <strong>tenue de 4 \u00e0 6 mois<\/strong>. Il assure un r\u00e9sultat lisse, \u00e9clatant et facile \u00e0 coiffer, tout en pr\u00e9servant la sant\u00e9 et la souplesse de la chevelure.<\/p>\n<h3>Les bienfaits du Lissage Indien :<\/h3>\n<ul>\n<li>Cheveux lisses, brillants et soyeux<\/li>\n<li>Hydratation intense et r\u00e9paration en profondeur<\/li>\n<li>Stimulation de la croissance capillaire<\/li>\n<li>R\u00e9duction des frisottis et facilit\u00e9 de coiffage<\/li>\n<li>Formule naturelle et respectueuse de la fibre capillaire<\/li>\n<\/ul>\n<p><em>Un suppl\u00e9ment peut \u00eatre appliqu\u00e9 selon la texture et la longueur des cheveux.<\/em><\/p>\n<p>Offrez \u00e0 vos cheveux la puissance nourrissante de l\u2019<strong>huile d\u2019Amla<\/strong> avec le <strong>Lissage Indien Maison Liss Paris<\/strong> \u2014 un soin capillaire naturel, r\u00e9parateur et durable, pour des cheveux sublimes et pleins de vie \u00e0 <strong>Paris<\/strong>.<\/p>\n<div id=\"amelia-cal-39\" style=\"display: none; margin-top: 24px;\">\n<script>\n  if (typeof hasAmeliaEntitiesApiCall === 'undefined' && ('' === '' && '' !== '1')) {\n    var hasAmeliaEntitiesApiCall = true;\n  }\n  var ameliaShortcodeData = (typeof ameliaShortcodeData === 'undefined') ? [] : ameliaShortcodeData;\n  ameliaShortcodeData.push(\n    {\n      'hasApiCall': (typeof hasAmeliaEntitiesApiCall !== 'undefined') && hasAmeliaEntitiesApiCall,\n      'trigger': '',\n      'trigger_type': '',\n      'triggered_form': 'sbsNew',\n      'in_dialog': '',\n      'show': 'services',\n      'counter': '1000',\n      'category': '39',\n      'service': '',\n      'employee': '4',\n      'location': '',\n      'package': '',\n      'layout': '1',\n    }\n  );\n\n  var ameliaShortcodeDataTriggered = (typeof ameliaShortcodeDataTriggered === 'undefined') ? [] : ameliaShortcodeDataTriggered;\n  if (ameliaShortcodeData[ameliaShortcodeData.length - 1].trigger !== '') {\n    if (ameliaShortcodeDataTriggered.filter(a => a.counter === ameliaShortcodeData[ameliaShortcodeData.length - 1].counter).length === 0) {\n      ameliaShortcodeDataTriggered.push(ameliaShortcodeData.pop());\n    } else {\n      ameliaShortcodeData.pop()\n    }\n  }\n  if (typeof hasAmeliaEntitiesApiCall !== 'undefined' && hasAmeliaEntitiesApiCall) {\n    hasAmeliaEntitiesApiCall = false;\n  }\n<\/script>\n\n<div\n  id=\"amelia-v2-booking-1000\"\n  class=\"amelia-v2-booking\"\n >\n    <step-form-wrapper><\/step-form-wrapper><\/div>\n<\/div>\n","protected":false},"excerpt":{"rendered":"<p data-start=\"526\" data-end=\"660\">Indian straightening with Amla oil in Paris: natural, nourishing care for smooth, shiny, moisturized hair for up to 6 months.<\/p>","protected":false},"featured_media":1686,"comment_status":"open","ping_status":"closed","template":"","meta":{"_monsterinsights_skip_tracking":false,"_monsterinsights_sitenote_active":false,"_monsterinsights_sitenote_note":"","_monsterinsights_sitenote_category":0,"_joinchat":[]},"product_brand":[],"product_cat":[52],"product_tag":[],"giftcard-category":[],"class_list":{"0":"post-1087","1":"product","2":"type-product","3":"status-publish","4":"has-post-thumbnail","6":"product_cat-lissages","7":"latest_post","9":"first","10":"instock","11":"virtual","12":"taxable","13":"purchasable","14":"product-type-simple"},"jetpack_sharing_enabled":true,"_links":{"self":[{"href":"https:\/\/spavendome.fr\/en\/wp-json\/wp\/v2\/product\/1087","targetHints":{"allow":["GET"]}}],"collection":[{"href":"https:\/\/spavendome.fr\/en\/wp-json\/wp\/v2\/product"}],"about":[{"href":"https:\/\/spavendome.fr\/en\/wp-json\/wp\/v2\/types\/product"}],"replies":[{"embeddable":true,"href":"https:\/\/spavendome.fr\/en\/wp-json\/wp\/v2\/comments?post=1087"}],"wp:featuredmedia":[{"embeddable":true,"href":"https:\/\/spavendome.fr\/en\/wp-json\/wp\/v2\/media\/1686"}],"wp:attachment":[{"href":"https:\/\/spavendome.fr\/en\/wp-json\/wp\/v2\/media?parent=1087"}],"wp:term":[{"taxonomy":"product_brand","embeddable":true,"href":"https:\/\/spavendome.fr\/en\/wp-json\/wp\/v2\/product_brand?post=1087"},{"taxonomy":"product_cat","embeddable":true,"href":"https:\/\/spavendome.fr\/en\/wp-json\/wp\/v2\/product_cat?post=1087"},{"taxonomy":"product_tag","embeddable":true,"href":"https:\/\/spavendome.fr\/en\/wp-json\/wp\/v2\/product_tag?post=1087"},{"taxonomy":"giftcard-category","embeddable":true,"href":"https:\/\/spavendome.fr\/en\/wp-json\/wp\/v2\/giftcard-category?post=1087"}],"curies":[{"name":"wp","href":"https:\/\/api.w.org\/{rel}","templated":true}]}}