{"id":1082,"date":"2025-09-30T12:43:59","date_gmt":"2025-09-30T12:43:59","guid":{"rendered":"https:\/\/www.luno3284.odns.fr\/?post_type=product&#038;p=1082"},"modified":"2025-11-25T17:51:29","modified_gmt":"2025-11-25T16:51:29","slug":"lissage-keraliss-keratine","status":"publish","type":"product","link":"https:\/\/spavendome.fr\/en\/service\/lissage-keraliss-keratine\/","title":{"rendered":"Keraliss Keratin Smoothing - Paris"},"content":{"rendered":"<h2>Lissage K\u00e9raliss \u00e0 la K\u00e9ratine \u2013 Paris<\/h2>\n<p>Maison Liss Paris vous propose le <strong>Lissage K\u00e9raliss \u00e0 la K\u00e9ratine<\/strong>, un soin capillaire haut de gamme qui combine <strong>lissage intense<\/strong>, r\u00e9paration et nutrition profonde. Id\u00e9al pour les cheveux ab\u00eem\u00e9s, indisciplin\u00e9s ou cr\u00e9pus, il assure une chevelure lisse, brillante et prot\u00e9g\u00e9e.<\/p>\n<h3>Une formule enrichie pour des cheveux sublim\u00e9s<\/h3>\n<p>Ce lissage associe <strong>la k\u00e9ratine<\/strong>, prot\u00e9ine essentielle pour renforcer et r\u00e9parer la fibre capillaire, \u00e0 des huiles nourrissantes, dont l&rsquo;<strong>huile d\u2019argan<\/strong>, reconnue pour ses propri\u00e9t\u00e9s hydratantes et r\u00e9paratrices. Ensemble, elles nourrissent, adoucissent et prot\u00e8gent les cheveux tout en leur apportant <strong>brillance, souplesse et douceur<\/strong>.<\/p>\n<h3>Un lissage durable et soignant<\/h3>\n<p>La <strong>k\u00e9ratine p\u00e9n\u00e8tre profond\u00e9ment la fibre capillaire<\/strong>, \u00e9limine les frisottis et discipline les cheveux indisciplin\u00e9s pour un r\u00e9sultat lisse, souple et naturel. Ce soin est con\u00e7u pour durer de 4 \u00e0 6 mois, en pr\u00e9servant la sant\u00e9 et l\u2019\u00e9clat de vos cheveux.<\/p>\n<h3>Les bienfaits du Lissage K\u00e9raliss :<\/h3>\n<ul>\n<li>Cheveux lisses, soyeux et brillants<\/li>\n<li>Hydratation et nutrition intense<\/li>\n<li>R\u00e9duction des frisottis et discipline des cheveux indisciplin\u00e9s<\/li>\n<li>Renforcement et r\u00e9paration de la fibre capillaire<\/li>\n<li>Lissage durable de 4 \u00e0 6 mois<\/li>\n<li>Protection contre les agressions ext\u00e9rieures<\/li>\n<\/ul>\n<p><em>Un suppl\u00e9ment peut \u00eatre appliqu\u00e9 selon la texture et le type de cheveux.<\/em><\/p>\n<p>Offrez \u00e0 vos cheveux un <strong>Lissage K\u00e9raliss \u00e0 la K\u00e9ratine Maison Liss Paris<\/strong>, pour un soin lissant, nourrissant et r\u00e9parateur, et profitez d\u2019une chevelure sublime, douce et parfaitement disciplin\u00e9e \u00e0 <strong>Paris<\/strong>.<\/p>\n<div id=\"amelia-cal-38\" style=\"display: none; margin-top: 24px;\">\n<script>\n  if (typeof hasAmeliaEntitiesApiCall === 'undefined' && ('' === '' && '' !== '1')) {\n    var hasAmeliaEntitiesApiCall = true;\n  }\n  var ameliaShortcodeData = (typeof ameliaShortcodeData === 'undefined') ? [] : ameliaShortcodeData;\n  ameliaShortcodeData.push(\n    {\n      'hasApiCall': (typeof hasAmeliaEntitiesApiCall !== 'undefined') && hasAmeliaEntitiesApiCall,\n      'trigger': '',\n      'trigger_type': '',\n      'triggered_form': 'sbsNew',\n      'in_dialog': '',\n      'show': 'services',\n      'counter': '1000',\n      'category': '38',\n      'service': '',\n      'employee': '4',\n      'location': '',\n      'package': '',\n      'layout': '1',\n    }\n  );\n\n  var ameliaShortcodeDataTriggered = (typeof ameliaShortcodeDataTriggered === 'undefined') ? [] : ameliaShortcodeDataTriggered;\n  if (ameliaShortcodeData[ameliaShortcodeData.length - 1].trigger !== '') {\n    if (ameliaShortcodeDataTriggered.filter(a => a.counter === ameliaShortcodeData[ameliaShortcodeData.length - 1].counter).length === 0) {\n      ameliaShortcodeDataTriggered.push(ameliaShortcodeData.pop());\n    } else {\n      ameliaShortcodeData.pop()\n    }\n  }\n  if (typeof hasAmeliaEntitiesApiCall !== 'undefined' && hasAmeliaEntitiesApiCall) {\n    hasAmeliaEntitiesApiCall = false;\n  }\n<\/script>\n\n<div\n  id=\"amelia-v2-booking-1000\"\n  class=\"amelia-v2-booking\"\n >\n    <step-form-wrapper><\/step-form-wrapper><\/div>\n<\/div>\n<div id=\"twenty20-1\" class=\"twenty20\" style=\"width: 90%;\"><div class=\"twentytwenty-container twenty20-1 \"><img decoding=\"async\" src=\"https:\/\/spavendome.fr\/wp-content\/uploads\/2025\/09\/IMG_0279-scaled.jpeg\" alt=\"Before image\" \/><img decoding=\"async\" src=\"https:\/\/spavendome.fr\/wp-content\/uploads\/2025\/09\/IMG_0282-scaled.jpeg\" alt=\"After image\" \/><\/div><\/div>\n","protected":false},"excerpt":{"rendered":"<p>Lissage K\u00e9raliss \u00e0 la K\u00e9ratine \u2013 Paris Maison Liss Paris vous propose le Lissage K\u00e9raliss \u00e0 la K\u00e9ratine, un soin capillaire haut de gamme qui combine lissage intense, r\u00e9paration et &hellip; <\/p>","protected":false},"featured_media":1688,"comment_status":"open","ping_status":"closed","template":"","meta":{"_monsterinsights_skip_tracking":false,"_monsterinsights_sitenote_active":false,"_monsterinsights_sitenote_note":"","_monsterinsights_sitenote_category":0,"_joinchat":[]},"product_brand":[],"product_cat":[52,89],"product_tag":[],"giftcard-category":[],"class_list":{"0":"post-1082","1":"product","2":"type-product","3":"status-publish","4":"has-post-thumbnail","6":"product_cat-lissages","7":"product_cat-promo-de-la-semaine","8":"latest_post","10":"first","11":"instock","12":"sale","13":"virtual","14":"taxable","15":"purchasable","16":"product-type-simple"},"jetpack_sharing_enabled":true,"_links":{"self":[{"href":"https:\/\/spavendome.fr\/en\/wp-json\/wp\/v2\/product\/1082","targetHints":{"allow":["GET"]}}],"collection":[{"href":"https:\/\/spavendome.fr\/en\/wp-json\/wp\/v2\/product"}],"about":[{"href":"https:\/\/spavendome.fr\/en\/wp-json\/wp\/v2\/types\/product"}],"replies":[{"embeddable":true,"href":"https:\/\/spavendome.fr\/en\/wp-json\/wp\/v2\/comments?post=1082"}],"wp:featuredmedia":[{"embeddable":true,"href":"https:\/\/spavendome.fr\/en\/wp-json\/wp\/v2\/media\/1688"}],"wp:attachment":[{"href":"https:\/\/spavendome.fr\/en\/wp-json\/wp\/v2\/media?parent=1082"}],"wp:term":[{"taxonomy":"product_brand","embeddable":true,"href":"https:\/\/spavendome.fr\/en\/wp-json\/wp\/v2\/product_brand?post=1082"},{"taxonomy":"product_cat","embeddable":true,"href":"https:\/\/spavendome.fr\/en\/wp-json\/wp\/v2\/product_cat?post=1082"},{"taxonomy":"product_tag","embeddable":true,"href":"https:\/\/spavendome.fr\/en\/wp-json\/wp\/v2\/product_tag?post=1082"},{"taxonomy":"giftcard-category","embeddable":true,"href":"https:\/\/spavendome.fr\/en\/wp-json\/wp\/v2\/giftcard-category?post=1082"}],"curies":[{"name":"wp","href":"https:\/\/api.w.org\/{rel}","templated":true}]}}