{"id":1069,"date":"2025-09-30T12:41:13","date_gmt":"2025-09-30T12:41:13","guid":{"rendered":"https:\/\/www.luno3284.odns.fr\/?post_type=product&#038;p=1069"},"modified":"2025-11-22T23:49:25","modified_gmt":"2025-11-22T22:49:25","slug":"lissage-tanin","status":"publish","type":"product","link":"https:\/\/spavendome.fr\/en\/service\/lissage-tanin\/","title":{"rendered":"Tanin straightening - Paris"},"content":{"rendered":"<h2>Lissage Tanin \u2013 Paris<\/h2>\n<p>Maison Liss Paris vous propose le <strong>Lissage Tanin<\/strong>, un soin capillaire innovant qui lisse les cheveux tout en les nourrissant et les r\u00e9parant en profondeur. Adapt\u00e9 aux cheveux fris\u00e9s, boucl\u00e9s ou ab\u00eem\u00e9s, ce traitement naturel respecte la sant\u00e9 du cheveu tout en offrant un r\u00e9sultat durable et lumineux.<\/p>\n<h3>Une formule \u00e0 base de tanins v\u00e9g\u00e9taux<\/h3>\n<p>Les <strong>tanins v\u00e9g\u00e9taux<\/strong>, extraits naturels de l&rsquo;\u00e9corce d\u2019arbre, agissent directement sur la fibre capillaire. Ils forment une barri\u00e8re protectrice autour du cheveu, favorisent l\u2019hydratation, r\u00e9duisent les frisottis et apportent un <strong>effet lisse, souple et brillant<\/strong>. Ce soin nourrit intens\u00e9ment les cheveux tout en les renfor\u00e7ant, pour une chevelure saine et \u00e9clatante.<\/p>\n<h3>Un lissage durable et naturel<\/h3>\n<p>Le Lissage Tanin offre un <strong>effet lisse semi-permanent<\/strong> qui dure de 3 \u00e0 6 mois, sans alt\u00e9rer la texture naturelle des cheveux. Il prot\u00e8ge des agressions ext\u00e9rieures et r\u00e9duit le temps de coiffage quotidien, pour des cheveux disciplin\u00e9s, doux et brillants.<\/p>\n<h3>Les bienfaits du Lissage Tanin :<\/h3>\n<ul>\n<li>Lissage naturel et durable de 3 \u00e0 6 mois<\/li>\n<li>R\u00e9duction des frisottis et discipline des cheveux<\/li>\n<li>Cheveux nourris, r\u00e9par\u00e9s et prot\u00e9g\u00e9s<\/li>\n<li>Brillance et souplesse imm\u00e9diates<\/li>\n<li>Convient \u00e0 tous types de cheveux, m\u00eame ab\u00eem\u00e9s<\/li>\n<\/ul>\n<p><em>Un suppl\u00e9ment peut \u00eatre appliqu\u00e9 selon la texture et le type de cheveux.<\/em><\/p>\n<p>Offrez \u00e0 vos cheveux le <strong>Lissage Tanin Maison Liss Paris<\/strong> pour un soin capillaire naturel, efficace et durable, et profitez d\u2019une chevelure douce, lisse et \u00e9clatante \u00e0 <strong>Paris<\/strong>.<\/p>\n<div id=\"amelia-cal-10\" style=\"display: none; margin-top: 24px;\">\n<script>\n  if (typeof hasAmeliaEntitiesApiCall === 'undefined' && ('' === '' && '' !== '1')) {\n    var hasAmeliaEntitiesApiCall = true;\n  }\n  var ameliaShortcodeData = (typeof ameliaShortcodeData === 'undefined') ? [] : ameliaShortcodeData;\n  ameliaShortcodeData.push(\n    {\n      'hasApiCall': (typeof hasAmeliaEntitiesApiCall !== 'undefined') && hasAmeliaEntitiesApiCall,\n      'trigger': '',\n      'trigger_type': '',\n      'triggered_form': 'sbsNew',\n      'in_dialog': '',\n      'show': 'services',\n      'counter': '1000',\n      'category': '10',\n      'service': '',\n      'employee': '4',\n      'location': '',\n      'package': '',\n      'layout': '1',\n    }\n  );\n\n  var ameliaShortcodeDataTriggered = (typeof ameliaShortcodeDataTriggered === 'undefined') ? [] : ameliaShortcodeDataTriggered;\n  if (ameliaShortcodeData[ameliaShortcodeData.length - 1].trigger !== '') {\n    if (ameliaShortcodeDataTriggered.filter(a => a.counter === ameliaShortcodeData[ameliaShortcodeData.length - 1].counter).length === 0) {\n      ameliaShortcodeDataTriggered.push(ameliaShortcodeData.pop());\n    } else {\n      ameliaShortcodeData.pop()\n    }\n  }\n  if (typeof hasAmeliaEntitiesApiCall !== 'undefined' && hasAmeliaEntitiesApiCall) {\n    hasAmeliaEntitiesApiCall = false;\n  }\n<\/script>\n\n<div\n  id=\"amelia-v2-booking-1000\"\n  class=\"amelia-v2-booking\"\n >\n    <step-form-wrapper><\/step-form-wrapper><\/div>\n<\/div>\n<p>&nbsp;<\/p>\n","protected":false},"excerpt":{"rendered":"<p>Lissage Tanin \u00e0 Paris : soin naturel, nourrissant et r\u00e9parateur pour cheveux fris\u00e9s, boucl\u00e9s ou ab\u00eem\u00e9s, lisses, brillants et souples pendant 3 \u00e0 6 mois.<\/p>","protected":false},"featured_media":1690,"comment_status":"open","ping_status":"closed","template":"","meta":{"_monsterinsights_skip_tracking":false,"_monsterinsights_sitenote_active":false,"_monsterinsights_sitenote_note":"","_monsterinsights_sitenote_category":0,"_joinchat":[]},"product_brand":[],"product_cat":[52],"product_tag":[],"giftcard-category":[],"class_list":{"0":"post-1069","1":"product","2":"type-product","3":"status-publish","4":"has-post-thumbnail","6":"product_cat-lissages","7":"latest_post","9":"first","10":"instock","11":"virtual","12":"taxable","13":"purchasable","14":"product-type-simple"},"jetpack_sharing_enabled":true,"_links":{"self":[{"href":"https:\/\/spavendome.fr\/en\/wp-json\/wp\/v2\/product\/1069","targetHints":{"allow":["GET"]}}],"collection":[{"href":"https:\/\/spavendome.fr\/en\/wp-json\/wp\/v2\/product"}],"about":[{"href":"https:\/\/spavendome.fr\/en\/wp-json\/wp\/v2\/types\/product"}],"replies":[{"embeddable":true,"href":"https:\/\/spavendome.fr\/en\/wp-json\/wp\/v2\/comments?post=1069"}],"wp:featuredmedia":[{"embeddable":true,"href":"https:\/\/spavendome.fr\/en\/wp-json\/wp\/v2\/media\/1690"}],"wp:attachment":[{"href":"https:\/\/spavendome.fr\/en\/wp-json\/wp\/v2\/media?parent=1069"}],"wp:term":[{"taxonomy":"product_brand","embeddable":true,"href":"https:\/\/spavendome.fr\/en\/wp-json\/wp\/v2\/product_brand?post=1069"},{"taxonomy":"product_cat","embeddable":true,"href":"https:\/\/spavendome.fr\/en\/wp-json\/wp\/v2\/product_cat?post=1069"},{"taxonomy":"product_tag","embeddable":true,"href":"https:\/\/spavendome.fr\/en\/wp-json\/wp\/v2\/product_tag?post=1069"},{"taxonomy":"giftcard-category","embeddable":true,"href":"https:\/\/spavendome.fr\/en\/wp-json\/wp\/v2\/giftcard-category?post=1069"}],"curies":[{"name":"wp","href":"https:\/\/api.w.org\/{rel}","templated":true}]}}