{"id":416,"date":"2018-12-13T05:48:16","date_gmt":"2018-12-13T05:48:16","guid":{"rendered":"https:\/\/www.luno3284.odns.fr\/full-body-massages\/"},"modified":"2025-12-03T19:50:56","modified_gmt":"2025-12-03T18:50:56","slug":"full-body-massages","status":"publish","type":"page","link":"https:\/\/spavendome.fr\/en\/full-body-massages\/","title":{"rendered":"Plus qu&rsquo;un spa : Une parenth\u00e8se enchant\u00e9e"},"content":{"rendered":"<figure class=\"wp-block-image size-large\"><img fetchpriority=\"high\" decoding=\"async\" width=\"1024\" height=\"576\" src=\"https:\/\/spavendome.fr\/wp-content\/uploads\/2025\/11\/5-1024x576.png\" alt=\"\" class=\"wp-image-3660\" srcset=\"https:\/\/spavendome.fr\/wp-content\/uploads\/2025\/11\/5-1024x576.png 1024w, https:\/\/spavendome.fr\/wp-content\/uploads\/2025\/11\/5-300x169.png 300w, https:\/\/spavendome.fr\/wp-content\/uploads\/2025\/11\/5-768x432.png 768w, https:\/\/spavendome.fr\/wp-content\/uploads\/2025\/11\/5-1536x864.png 1536w, https:\/\/spavendome.fr\/wp-content\/uploads\/2025\/11\/5-18x10.png 18w, https:\/\/spavendome.fr\/wp-content\/uploads\/2025\/11\/5-107x60.png 107w, https:\/\/spavendome.fr\/wp-content\/uploads\/2025\/11\/5-600x338.png 600w, https:\/\/spavendome.fr\/wp-content\/uploads\/2025\/11\/5.png 1920w\" sizes=\"(max-width: 1024px) 100vw, 1024px\" \/><\/figure>\n\n\n\n<p class=\"has-text-align-center has-black-color has-text-color has-link-color wp-elements-9dc12b2dd4a1531800a142371e7b401d\">D\u00e9couvrez l\u2019univers sensoriel du Secret Vend\u00f4me : un espace o\u00f9 d\u00e9tente, \u00e9l\u00e9gance et bien-\u00eatre se rencontrent. Massages sur-mesure, Spa privatif, rituels Signature et exp\u00e9riences nocturnes\u2026 chaque instant est pens\u00e9 pour apaiser le corps, lib\u00e9rer l\u2019esprit et sublimer vos sens. Un refuge hors du temps, cr\u00e9\u00e9 pour celles et ceux qui recherchent l\u2019excellence.<\/p>\n\n\n\n<div style=\"height:40px\" aria-hidden=\"true\" class=\"wp-block-spacer\"><\/div>\n\n\n\n<div class=\"wp-block-columns is-layout-flex wp-container-core-columns-is-layout-9d6595d7 wp-block-columns-is-layout-flex\">\n<div class=\"wp-block-column is-layout-flow wp-block-column-is-layout-flow\" style=\"flex-basis:100%\">\n<div class=\"wp-block-group is-layout-grid wp-container-core-group-is-layout-6be84c55 wp-block-group-is-layout-grid\">\n<figure class=\"wp-block-image size-full wp-container-content-2155ee95\"><img decoding=\"async\" width=\"332\" height=\"356\" src=\"https:\/\/spavendome.fr\/wp-content\/uploads\/2025\/12\/Spa-privatif-8.png\" alt=\"\" class=\"wp-image-3892\" srcset=\"https:\/\/spavendome.fr\/wp-content\/uploads\/2025\/12\/Spa-privatif-8.png 332w, https:\/\/spavendome.fr\/wp-content\/uploads\/2025\/12\/Spa-privatif-8-280x300.png 280w, https:\/\/spavendome.fr\/wp-content\/uploads\/2025\/12\/Spa-privatif-8-11x12.png 11w, https:\/\/spavendome.fr\/wp-content\/uploads\/2025\/12\/Spa-privatif-8-56x60.png 56w\" sizes=\"(max-width: 332px) 100vw, 332px\" \/><\/figure>\n\n\n<div class=\"wp-block-image\">\n<figure class=\"aligncenter size-full is-resized\"><img decoding=\"async\" width=\"332\" height=\"356\" src=\"https:\/\/spavendome.fr\/wp-content\/uploads\/2025\/12\/Spa-privatif-9.png\" alt=\"\" class=\"wp-image-3893\" style=\"aspect-ratio:0.9333572410495488;width:229px;height:auto\" srcset=\"https:\/\/spavendome.fr\/wp-content\/uploads\/2025\/12\/Spa-privatif-9.png 332w, https:\/\/spavendome.fr\/wp-content\/uploads\/2025\/12\/Spa-privatif-9-280x300.png 280w, https:\/\/spavendome.fr\/wp-content\/uploads\/2025\/12\/Spa-privatif-9-11x12.png 11w, https:\/\/spavendome.fr\/wp-content\/uploads\/2025\/12\/Spa-privatif-9-56x60.png 56w\" sizes=\"(max-width: 332px) 100vw, 332px\" \/><\/figure>\n<\/div>\n\n<div class=\"wp-block-image is-style-default\">\n<figure class=\"aligncenter size-full is-resized\"><img loading=\"lazy\" decoding=\"async\" width=\"332\" height=\"356\" src=\"https:\/\/spavendome.fr\/wp-content\/uploads\/2025\/12\/Spa-privatif-10.png\" alt=\"\" class=\"wp-image-3894\" style=\"aspect-ratio:0.93338000233345;width:231px;height:auto\" srcset=\"https:\/\/spavendome.fr\/wp-content\/uploads\/2025\/12\/Spa-privatif-10.png 332w, https:\/\/spavendome.fr\/wp-content\/uploads\/2025\/12\/Spa-privatif-10-280x300.png 280w, https:\/\/spavendome.fr\/wp-content\/uploads\/2025\/12\/Spa-privatif-10-11x12.png 11w, https:\/\/spavendome.fr\/wp-content\/uploads\/2025\/12\/Spa-privatif-10-56x60.png 56w\" sizes=\"(max-width: 332px) 100vw, 332px\" \/><\/figure>\n<\/div>\n\n\n<div class=\"wp-block-buttons has-custom-font-size has-small-font-size wp-container-content-2155ee95 is-horizontal is-content-justification-center is-layout-flex wp-container-core-buttons-is-layout-769315fb wp-block-buttons-is-layout-flex\">\n<div class=\"wp-block-button is-style-fill\"><a class=\"wp-block-button__link has-black-color has-text-color has-background has-link-color has-small-font-size has-text-align-center has-custom-font-size wp-element-button\" href=\"https:\/\/spavendome.fr\/en\/boutique\/rituels-spa\/signature-spa\/?_gl=1*txf3po*_up*MQ..*_ga*Mjc0NjU2MDQwLjE3NjQxNzc5NDI.*_ga_WS9PQJ5F24*czE3NjQyNDUzOTUkbzIkZzAkdDE3NjQyNDUzOTUkajYwJGwwJGgzNTgxOTYzNw..\" style=\"border-top-left-radius:0px;border-top-right-radius:0px;border-bottom-left-radius:0px;border-bottom-right-radius:0px;background-color:#c9af7e\"><strong>DISCOVER<\/strong><\/a><\/div>\n<\/div>\n\n\n\n<div class=\"wp-block-buttons is-content-justification-center is-layout-flex wp-container-core-buttons-is-layout-16018d1d wp-block-buttons-is-layout-flex\">\n<div class=\"wp-block-button\"><a class=\"wp-block-button__link has-black-color has-text-color has-background has-link-color has-small-font-size has-custom-font-size wp-element-button\" href=\"https:\/\/spavendome.fr\/en\/boutique\/rituels-spa\/nos-rituels\/?_gl=1*4yq5ad*_up*MQ..*_ga*Mjc0NjU2MDQwLjE3NjQxNzc5NDI.*_ga_WS9PQJ5F24*czE3NjQyNDUzOTUkbzIkZzAkdDE3NjQyNDUzOTUkajYwJGwwJGgzNTgxOTYzNw..\" style=\"border-top-left-radius:0px;border-top-right-radius:0px;border-bottom-left-radius:0px;border-bottom-right-radius:0px;background-color:#c9af7e\"><strong>DISCOVER<\/strong><\/a><\/div>\n<\/div>\n\n\n\n<div class=\"wp-block-buttons is-content-justification-center is-layout-flex wp-container-core-buttons-is-layout-16018d1d wp-block-buttons-is-layout-flex\">\n<div class=\"wp-block-button\"><a class=\"wp-block-button__link has-black-color has-text-color has-background has-link-color has-small-font-size has-custom-font-size wp-element-button\" href=\"https:\/\/spavendome.fr\/en\/boutique\/rituels-spa\/spa-nocturne\/?_gl=1*1pb2yhb*_up*MQ..*_ga*Mjc0NjU2MDQwLjE3NjQxNzc5NDI.*_ga_WS9PQJ5F24*czE3NjQyNDUzOTUkbzIkZzAkdDE3NjQyNDUzOTUkajYwJGwwJGgzNTgxOTYzNw..\" style=\"border-top-left-radius:0px;border-top-right-radius:0px;border-bottom-left-radius:0px;border-bottom-right-radius:0px;background-color:#c9af7e\"><strong>DISCOVER<\/strong><\/a><\/div>\n<\/div>\n<\/div>\n<\/div>\n<\/div>\n\n\n\n<div style=\"height:35px\" aria-hidden=\"true\" class=\"wp-block-spacer\"><\/div>\n\n\n\n<div class=\"wp-block-columns is-not-stacked-on-mobile is-layout-flex wp-container-core-columns-is-layout-9d6595d7 wp-block-columns-is-layout-flex\">\n<div class=\"wp-block-column is-layout-flow wp-block-column-is-layout-flow\"><div class=\"wp-block-image\">\n<figure class=\"aligncenter size-full is-resized\"><img loading=\"lazy\" decoding=\"async\" width=\"332\" height=\"356\" src=\"https:\/\/spavendome.fr\/wp-content\/uploads\/2025\/12\/Spa-privatif-2.png\" alt=\"\" class=\"wp-image-3890\" style=\"width:258px\" srcset=\"https:\/\/spavendome.fr\/wp-content\/uploads\/2025\/12\/Spa-privatif-2.png 332w, https:\/\/spavendome.fr\/wp-content\/uploads\/2025\/12\/Spa-privatif-2-280x300.png 280w, https:\/\/spavendome.fr\/wp-content\/uploads\/2025\/12\/Spa-privatif-2-11x12.png 11w, https:\/\/spavendome.fr\/wp-content\/uploads\/2025\/12\/Spa-privatif-2-56x60.png 56w\" sizes=\"(max-width: 332px) 100vw, 332px\" \/><\/figure>\n<\/div>\n\n\n<div class=\"wp-block-buttons alignwide is-content-justification-center is-layout-flex wp-container-core-buttons-is-layout-16018d1d wp-block-buttons-is-layout-flex\">\n<div class=\"wp-block-button\"><a class=\"wp-block-button__link has-black-color has-text-color has-background has-link-color has-small-font-size has-custom-font-size wp-element-button\" href=\"https:\/\/spavendome.fr\/en\/boutique\/rituels-spa\/spa\/?_gl=1*txf3po*_up*MQ..*_ga*Mjc0NjU2MDQwLjE3NjQxNzc5NDI.*_ga_WS9PQJ5F24*czE3NjQyNDUzOTUkbzIkZzAkdDE3NjQyNDUzOTUkajYwJGwwJGgzNTgxOTYzNw..\" style=\"border-top-left-radius:0px;border-top-right-radius:0px;border-bottom-left-radius:0px;border-bottom-right-radius:0px;background-color:#c9af7e\"><strong>DISCOVER<\/strong><\/a><\/div>\n<\/div>\n<\/div>\n\n\n\n<div class=\"wp-block-column is-layout-flow wp-block-column-is-layout-flow\"><div class=\"wp-block-image\">\n<figure class=\"aligncenter size-full is-resized\"><img loading=\"lazy\" decoding=\"async\" width=\"332\" height=\"356\" src=\"https:\/\/spavendome.fr\/wp-content\/uploads\/2025\/12\/Spa-privatif-3.png\" alt=\"\" class=\"wp-image-3891\" style=\"aspect-ratio:0.9326179045467382;width:253px;height:auto\" srcset=\"https:\/\/spavendome.fr\/wp-content\/uploads\/2025\/12\/Spa-privatif-3.png 332w, https:\/\/spavendome.fr\/wp-content\/uploads\/2025\/12\/Spa-privatif-3-280x300.png 280w, https:\/\/spavendome.fr\/wp-content\/uploads\/2025\/12\/Spa-privatif-3-11x12.png 11w, https:\/\/spavendome.fr\/wp-content\/uploads\/2025\/12\/Spa-privatif-3-56x60.png 56w\" sizes=\"(max-width: 332px) 100vw, 332px\" \/><\/figure>\n<\/div>\n\n\n<div class=\"wp-block-buttons alignwide has-custom-font-size has-small-font-size is-content-justification-center is-layout-flex wp-container-core-buttons-is-layout-16018d1d wp-block-buttons-is-layout-flex\">\n<div class=\"wp-block-button\"><a class=\"wp-block-button__link has-black-color has-text-color has-background has-link-color has-small-font-size has-custom-font-size wp-element-button\" href=\"https:\/\/spavendome.fr\/en\/boutique\/rituels-spa\/massages\/?_gl=1*txf3po*_up*MQ..*_ga*Mjc0NjU2MDQwLjE3NjQxNzc5NDI.*_ga_WS9PQJ5F24*czE3NjQyNDUzOTUkbzIkZzAkdDE3NjQyNDUzOTUkajYwJGwwJGgzNTgxOTYzNw..\" style=\"border-top-left-radius:0px;border-top-right-radius:0px;border-bottom-left-radius:0px;border-bottom-right-radius:0px;background-color:#c9af7e\"><strong>DISCOVER<\/strong><\/a><\/div>\n<\/div>\n<\/div>\n<\/div>\n\n\n<div data-src=\"https:\/\/cdn.trustindex.io\/loader.js?99cb43f587b2891e85561ceab4d\"><\/div>\n\n\n<div class=\"wp-block-image\">\n<figure class=\"aligncenter size-large\"><img loading=\"lazy\" decoding=\"async\" width=\"1024\" height=\"188\" src=\"https:\/\/spavendome.fr\/wp-content\/uploads\/2025\/12\/Le-Secret-Vendome-17-1024x188.png\" alt=\"\" class=\"wp-image-4013\" srcset=\"https:\/\/spavendome.fr\/wp-content\/uploads\/2025\/12\/Le-Secret-Vendome-17-1024x188.png 1024w, https:\/\/spavendome.fr\/wp-content\/uploads\/2025\/12\/Le-Secret-Vendome-17-300x55.png 300w, https:\/\/spavendome.fr\/wp-content\/uploads\/2025\/12\/Le-Secret-Vendome-17-768x141.png 768w, https:\/\/spavendome.fr\/wp-content\/uploads\/2025\/12\/Le-Secret-Vendome-17-18x3.png 18w, https:\/\/spavendome.fr\/wp-content\/uploads\/2025\/12\/Le-Secret-Vendome-17-326x60.png 326w, https:\/\/spavendome.fr\/wp-content\/uploads\/2025\/12\/Le-Secret-Vendome-17-600x110.png 600w, https:\/\/spavendome.fr\/wp-content\/uploads\/2025\/12\/Le-Secret-Vendome-17.png 1295w\" sizes=\"(max-width: 1024px) 100vw, 1024px\" \/><\/figure>\n<\/div>\n\n\n<div class=\"wp-block-columns is-layout-flex wp-container-core-columns-is-layout-9d6595d7 wp-block-columns-is-layout-flex\">\n<div class=\"wp-block-column is-layout-flow wp-block-column-is-layout-flow\">\n<figure class=\"wp-block-image size-full\"><img loading=\"lazy\" decoding=\"async\" width=\"863\" height=\"315\" src=\"https:\/\/spavendome.fr\/wp-content\/uploads\/2025\/12\/Le-Secret-Vendome-13.png\" alt=\"\" class=\"wp-image-4014\" srcset=\"https:\/\/spavendome.fr\/wp-content\/uploads\/2025\/12\/Le-Secret-Vendome-13.png 863w, https:\/\/spavendome.fr\/wp-content\/uploads\/2025\/12\/Le-Secret-Vendome-13-300x110.png 300w, https:\/\/spavendome.fr\/wp-content\/uploads\/2025\/12\/Le-Secret-Vendome-13-768x280.png 768w, https:\/\/spavendome.fr\/wp-content\/uploads\/2025\/12\/Le-Secret-Vendome-13-18x7.png 18w, https:\/\/spavendome.fr\/wp-content\/uploads\/2025\/12\/Le-Secret-Vendome-13-164x60.png 164w, https:\/\/spavendome.fr\/wp-content\/uploads\/2025\/12\/Le-Secret-Vendome-13-600x219.png 600w\" sizes=\"(max-width: 863px) 100vw, 863px\" \/><\/figure>\n\n\n\n<figure class=\"wp-block-image size-full\"><img loading=\"lazy\" decoding=\"async\" width=\"863\" height=\"408\" src=\"https:\/\/spavendome.fr\/wp-content\/uploads\/2025\/12\/Le-Secret-Vendome-15.png\" alt=\"\" class=\"wp-image-4011\" srcset=\"https:\/\/spavendome.fr\/wp-content\/uploads\/2025\/12\/Le-Secret-Vendome-15.png 863w, https:\/\/spavendome.fr\/wp-content\/uploads\/2025\/12\/Le-Secret-Vendome-15-300x142.png 300w, https:\/\/spavendome.fr\/wp-content\/uploads\/2025\/12\/Le-Secret-Vendome-15-768x363.png 768w, https:\/\/spavendome.fr\/wp-content\/uploads\/2025\/12\/Le-Secret-Vendome-15-18x9.png 18w, https:\/\/spavendome.fr\/wp-content\/uploads\/2025\/12\/Le-Secret-Vendome-15-127x60.png 127w, https:\/\/spavendome.fr\/wp-content\/uploads\/2025\/12\/Le-Secret-Vendome-15-600x284.png 600w\" sizes=\"(max-width: 863px) 100vw, 863px\" \/><\/figure>\n<\/div>\n\n\n\n<div class=\"wp-block-column is-layout-flow wp-block-column-is-layout-flow\">\n<figure class=\"wp-block-image size-full\"><img loading=\"lazy\" decoding=\"async\" width=\"863\" height=\"361\" src=\"https:\/\/spavendome.fr\/wp-content\/uploads\/2025\/12\/Le-Secret-Vendome-14.png\" alt=\"\" class=\"wp-image-4015\" srcset=\"https:\/\/spavendome.fr\/wp-content\/uploads\/2025\/12\/Le-Secret-Vendome-14.png 863w, https:\/\/spavendome.fr\/wp-content\/uploads\/2025\/12\/Le-Secret-Vendome-14-300x125.png 300w, https:\/\/spavendome.fr\/wp-content\/uploads\/2025\/12\/Le-Secret-Vendome-14-768x321.png 768w, https:\/\/spavendome.fr\/wp-content\/uploads\/2025\/12\/Le-Secret-Vendome-14-18x8.png 18w, https:\/\/spavendome.fr\/wp-content\/uploads\/2025\/12\/Le-Secret-Vendome-14-143x60.png 143w, https:\/\/spavendome.fr\/wp-content\/uploads\/2025\/12\/Le-Secret-Vendome-14-600x251.png 600w\" sizes=\"(max-width: 863px) 100vw, 863px\" \/><\/figure>\n\n\n\n<figure class=\"wp-block-image size-full\"><img loading=\"lazy\" decoding=\"async\" width=\"863\" height=\"316\" src=\"https:\/\/spavendome.fr\/wp-content\/uploads\/2025\/12\/Le-Secret-Vendome-16.png\" alt=\"\" class=\"wp-image-4012\" srcset=\"https:\/\/spavendome.fr\/wp-content\/uploads\/2025\/12\/Le-Secret-Vendome-16.png 863w, https:\/\/spavendome.fr\/wp-content\/uploads\/2025\/12\/Le-Secret-Vendome-16-300x110.png 300w, https:\/\/spavendome.fr\/wp-content\/uploads\/2025\/12\/Le-Secret-Vendome-16-768x281.png 768w, https:\/\/spavendome.fr\/wp-content\/uploads\/2025\/12\/Le-Secret-Vendome-16-18x7.png 18w, https:\/\/spavendome.fr\/wp-content\/uploads\/2025\/12\/Le-Secret-Vendome-16-164x60.png 164w, https:\/\/spavendome.fr\/wp-content\/uploads\/2025\/12\/Le-Secret-Vendome-16-600x220.png 600w\" sizes=\"(max-width: 863px) 100vw, 863px\" \/><\/figure>\n<\/div>\n<\/div>\n\n\n\n<figure class=\"wp-block-gallery has-nested-images columns-default is-cropped wp-block-gallery-1 is-layout-flex wp-block-gallery-is-layout-flex\">\n<figure class=\"wp-block-image size-large\"><img decoding=\"async\" data-id=\"3888\" src=\"https:\/\/spavendome.fr\/wp-content\/uploads\/2025\/12\/IMG_7577-2.heic\" alt=\"\" class=\"wp-image-3888\"\/><\/figure>\n\n\n\n<figure class=\"wp-block-image size-large\"><img loading=\"lazy\" decoding=\"async\" width=\"768\" height=\"1024\" data-id=\"3793\" src=\"https:\/\/spavendome.fr\/wp-content\/uploads\/2018\/10\/PHOTO-2025-11-24-16-53-07-768x1024.jpeg\" alt=\"\" class=\"wp-image-3793\" srcset=\"https:\/\/spavendome.fr\/wp-content\/uploads\/2018\/10\/PHOTO-2025-11-24-16-53-07-768x1024.jpeg 768w, https:\/\/spavendome.fr\/wp-content\/uploads\/2018\/10\/PHOTO-2025-11-24-16-53-07-225x300.jpeg 225w, https:\/\/spavendome.fr\/wp-content\/uploads\/2018\/10\/PHOTO-2025-11-24-16-53-07-1152x1536.jpeg 1152w, https:\/\/spavendome.fr\/wp-content\/uploads\/2018\/10\/PHOTO-2025-11-24-16-53-07-9x12.jpeg 9w, https:\/\/spavendome.fr\/wp-content\/uploads\/2018\/10\/PHOTO-2025-11-24-16-53-07-45x60.jpeg 45w, https:\/\/spavendome.fr\/wp-content\/uploads\/2018\/10\/PHOTO-2025-11-24-16-53-07-600x800.jpeg 600w, https:\/\/spavendome.fr\/wp-content\/uploads\/2018\/10\/PHOTO-2025-11-24-16-53-07.jpeg 1536w\" sizes=\"(max-width: 768px) 100vw, 768px\" \/><\/figure>\n\n\n\n<figure class=\"wp-block-image size-large\"><img loading=\"lazy\" decoding=\"async\" width=\"619\" height=\"1024\" data-id=\"3889\" src=\"https:\/\/spavendome.fr\/wp-content\/uploads\/2025\/12\/IMG_3124-619x1024.jpg\" alt=\"\" class=\"wp-image-3889\" srcset=\"https:\/\/spavendome.fr\/wp-content\/uploads\/2025\/12\/IMG_3124-619x1024.jpg 619w, https:\/\/spavendome.fr\/wp-content\/uploads\/2025\/12\/IMG_3124-181x300.jpg 181w, https:\/\/spavendome.fr\/wp-content\/uploads\/2025\/12\/IMG_3124-768x1271.jpg 768w, https:\/\/spavendome.fr\/wp-content\/uploads\/2025\/12\/IMG_3124-928x1536.jpg 928w, https:\/\/spavendome.fr\/wp-content\/uploads\/2025\/12\/IMG_3124-scaled.jpg 1238w, https:\/\/spavendome.fr\/wp-content\/uploads\/2025\/12\/IMG_3124-7x12.jpg 7w, https:\/\/spavendome.fr\/wp-content\/uploads\/2025\/12\/IMG_3124-36x60.jpg 36w, https:\/\/spavendome.fr\/wp-content\/uploads\/2025\/12\/IMG_3124-600x993.jpg 600w\" sizes=\"(max-width: 619px) 100vw, 619px\" \/><\/figure>\n<\/figure>\n\n\n\n\n\n<p><\/p>","protected":false},"excerpt":{"rendered":"<p>D\u00e9couvrez l\u2019univers sensoriel du Secret Vend\u00f4me : un espace o\u00f9 d\u00e9tente, \u00e9l\u00e9gance et bien-\u00eatre se rencontrent. Massages sur-mesure, Spa privatif, rituels Signature et exp\u00e9riences nocturnes\u2026 chaque instant est pens\u00e9 pour &hellip; <\/p>","protected":false},"author":1,"featured_media":3660,"parent":0,"menu_order":0,"comment_status":"closed","ping_status":"closed","template":"","meta":{"_monsterinsights_skip_tracking":false,"_monsterinsights_sitenote_active":false,"_monsterinsights_sitenote_note":"","_monsterinsights_sitenote_category":0,"_joinchat":[],"footnotes":""},"class_list":["post-416","page","type-page","status-publish","has-post-thumbnail","hentry","latest_post"],"jetpack_sharing_enabled":true,"_links":{"self":[{"href":"https:\/\/spavendome.fr\/en\/wp-json\/wp\/v2\/pages\/416","targetHints":{"allow":["GET"]}}],"collection":[{"href":"https:\/\/spavendome.fr\/en\/wp-json\/wp\/v2\/pages"}],"about":[{"href":"https:\/\/spavendome.fr\/en\/wp-json\/wp\/v2\/types\/page"}],"author":[{"embeddable":true,"href":"https:\/\/spavendome.fr\/en\/wp-json\/wp\/v2\/users\/1"}],"replies":[{"embeddable":true,"href":"https:\/\/spavendome.fr\/en\/wp-json\/wp\/v2\/comments?post=416"}],"version-history":[{"count":17,"href":"https:\/\/spavendome.fr\/en\/wp-json\/wp\/v2\/pages\/416\/revisions"}],"predecessor-version":[{"id":4092,"href":"https:\/\/spavendome.fr\/en\/wp-json\/wp\/v2\/pages\/416\/revisions\/4092"}],"wp:featuredmedia":[{"embeddable":true,"href":"https:\/\/spavendome.fr\/en\/wp-json\/wp\/v2\/media\/3660"}],"wp:attachment":[{"href":"https:\/\/spavendome.fr\/en\/wp-json\/wp\/v2\/media?parent=416"}],"curies":[{"name":"wp","href":"https:\/\/api.w.org\/{rel}","templated":true}]}}