{"id":4052,"date":"2025-12-03T17:40:54","date_gmt":"2025-12-03T16:40:54","guid":{"rendered":"https:\/\/lesecretvendome.fr\/?page_id=4052"},"modified":"2025-12-03T19:49:04","modified_gmt":"2025-12-03T18:49:04","slug":"beaute-du-regard-2","status":"publish","type":"page","link":"https:\/\/spavendome.fr\/en\/beaute-du-regard-2\/","title":{"rendered":"Votre regard, notre signature"},"content":{"rendered":"<figure class=\"wp-block-image size-large is-resized\"><img fetchpriority=\"high\" decoding=\"async\" width=\"1024\" height=\"576\" src=\"https:\/\/spavendome.fr\/wp-content\/uploads\/2025\/11\/Le-Secret-Vendome-2-1024x576.jpg\" alt=\"\" class=\"wp-image-3637\" style=\"width:732px;height:auto\" srcset=\"https:\/\/spavendome.fr\/wp-content\/uploads\/2025\/11\/Le-Secret-Vendome-2-1024x576.jpg 1024w, https:\/\/spavendome.fr\/wp-content\/uploads\/2025\/11\/Le-Secret-Vendome-2-300x169.jpg 300w, https:\/\/spavendome.fr\/wp-content\/uploads\/2025\/11\/Le-Secret-Vendome-2-768x432.jpg 768w, https:\/\/spavendome.fr\/wp-content\/uploads\/2025\/11\/Le-Secret-Vendome-2-1536x864.jpg 1536w, https:\/\/spavendome.fr\/wp-content\/uploads\/2025\/11\/Le-Secret-Vendome-2-18x10.jpg 18w, https:\/\/spavendome.fr\/wp-content\/uploads\/2025\/11\/Le-Secret-Vendome-2-107x60.jpg 107w, https:\/\/spavendome.fr\/wp-content\/uploads\/2025\/11\/Le-Secret-Vendome-2-600x338.jpg 600w, https:\/\/spavendome.fr\/wp-content\/uploads\/2025\/11\/Le-Secret-Vendome-2.jpg 1920w\" sizes=\"(max-width: 1024px) 100vw, 1024px\" \/><\/figure>\n\n\n\n<p class=\"has-text-align-center has-black-color has-text-color has-link-color wp-elements-68fff5d329f467baa22e53c8b525ce3a\">Au Secret Vend\u00f4me, nous r\u00e9v\u00e9lons votre beaut\u00e9 sous toutes ses formes : \u00e9pilation impeccable, dents \u00e9clatantes, soins experts, ongles sophistiqu\u00e9s, Head Spa, maquillage, rehaussement de cils et browlift. L\u2019excellence, le luxe et le r\u00e9sultat\u2026 r\u00e9unis en un seul lieu.<\/p>\n\n\n\n<div style=\"height:40px\" aria-hidden=\"true\" class=\"wp-block-spacer\"><\/div>\n\n\n\n<div class=\"wp-block-group is-layout-grid wp-container-core-group-is-layout-6be84c55 wp-block-group-is-layout-grid\">\n<figure class=\"wp-block-image size-full\"><img decoding=\"async\" width=\"332\" height=\"368\" src=\"https:\/\/spavendome.fr\/wp-content\/uploads\/2025\/12\/Beaute-du-regard-9.png\" alt=\"\" class=\"wp-image-3865\" srcset=\"https:\/\/spavendome.fr\/wp-content\/uploads\/2025\/12\/Beaute-du-regard-9.png 332w, https:\/\/spavendome.fr\/wp-content\/uploads\/2025\/12\/Beaute-du-regard-9-271x300.png 271w, https:\/\/spavendome.fr\/wp-content\/uploads\/2025\/12\/Beaute-du-regard-9-11x12.png 11w, https:\/\/spavendome.fr\/wp-content\/uploads\/2025\/12\/Beaute-du-regard-9-54x60.png 54w, https:\/\/spavendome.fr\/wp-content\/uploads\/2025\/12\/Beaute-du-regard-9-270x300.png 270w\" sizes=\"(max-width: 332px) 100vw, 332px\" \/><\/figure>\n\n\n<div class=\"wp-block-image\">\n<figure class=\"aligncenter size-medium is-resized\"><img decoding=\"async\" width=\"264\" height=\"300\" src=\"https:\/\/spavendome.fr\/wp-content\/uploads\/2025\/12\/Beaute-du-regard-16-264x300.png\" alt=\"\" class=\"wp-image-3872\" style=\"width:227px\" srcset=\"https:\/\/spavendome.fr\/wp-content\/uploads\/2025\/12\/Beaute-du-regard-16-264x300.png 264w, https:\/\/spavendome.fr\/wp-content\/uploads\/2025\/12\/Beaute-du-regard-16-11x12.png 11w, https:\/\/spavendome.fr\/wp-content\/uploads\/2025\/12\/Beaute-du-regard-16-53x60.png 53w, https:\/\/spavendome.fr\/wp-content\/uploads\/2025\/12\/Beaute-du-regard-16.png 333w\" sizes=\"(max-width: 264px) 100vw, 264px\" \/><\/figure>\n<\/div>\n\n\n<figure class=\"wp-block-image size-full\"><img loading=\"lazy\" decoding=\"async\" width=\"333\" height=\"368\" src=\"https:\/\/spavendome.fr\/wp-content\/uploads\/2025\/12\/Beaute-du-regard-11.png\" alt=\"\" class=\"wp-image-3867\" srcset=\"https:\/\/spavendome.fr\/wp-content\/uploads\/2025\/12\/Beaute-du-regard-11.png 333w, https:\/\/spavendome.fr\/wp-content\/uploads\/2025\/12\/Beaute-du-regard-11-271x300.png 271w, https:\/\/spavendome.fr\/wp-content\/uploads\/2025\/12\/Beaute-du-regard-11-11x12.png 11w, https:\/\/spavendome.fr\/wp-content\/uploads\/2025\/12\/Beaute-du-regard-11-54x60.png 54w\" sizes=\"(max-width: 333px) 100vw, 333px\" \/><\/figure>\n\n\n\n<div class=\"wp-block-buttons has-custom-font-size has-small-font-size wp-container-content-2155ee95 is-horizontal is-content-justification-center is-layout-flex wp-container-core-buttons-is-layout-769315fb wp-block-buttons-is-layout-flex\">\n<div class=\"wp-block-button is-style-fill\"><a class=\"wp-block-button__link has-black-color has-text-color has-background has-link-color has-small-font-size has-text-align-center has-custom-font-size wp-element-button\" href=\"https:\/\/spavendome.fr\/en\/boutique\/beaute-bien-etre\/epilation-epilation\/?_gl=1*1oyftvc*_up*MQ..*_ga*Mjc0NjU2MDQwLjE3NjQxNzc5NDI.*_ga_WS9PQJ5F24*czE3NjQyNDQ4NDIkbzIkZzAkdDE3NjQyNDQ4NDIkajYwJGwwJGgzODI5Nzc4NDQ.\" style=\"border-top-left-radius:0px;border-top-right-radius:0px;border-bottom-left-radius:0px;border-bottom-right-radius:0px;background-color:#c9af7e\"><strong>DISCOVER<\/strong><\/a><\/div>\n<\/div>\n\n\n\n<div class=\"wp-block-buttons alignwide is-content-justification-center is-layout-flex wp-container-core-buttons-is-layout-16018d1d wp-block-buttons-is-layout-flex\">\n<div class=\"wp-block-button\"><a class=\"wp-block-button__link has-black-color has-text-color has-background has-link-color has-small-font-size has-custom-font-size wp-element-button\" href=\"https:\/\/spavendome.fr\/en\/boutique\/beaute-bien-etre\/blanchiment-dentaire\/?_gl=1*tjvr5j*_up*MQ..*_ga*Mjc0NjU2MDQwLjE3NjQxNzc5NDI.*_ga_WS9PQJ5F24*czE3NjQyNDQ4NDIkbzIkZzAkdDE3NjQyNDQ4NDIkajYwJGwwJGgzODI5Nzc4NDQ.\" style=\"border-top-left-radius:0px;border-top-right-radius:0px;border-bottom-left-radius:0px;border-bottom-right-radius:0px;background-color:#c9af7e\"><strong>DISCOVER<\/strong><\/a><\/div>\n<\/div>\n\n\n\n<div class=\"wp-block-buttons is-content-justification-center is-layout-flex wp-container-core-buttons-is-layout-16018d1d wp-block-buttons-is-layout-flex\">\n<div class=\"wp-block-button\"><a class=\"wp-block-button__link has-black-color has-text-color has-background has-link-color has-small-font-size has-custom-font-size wp-element-button\" href=\"https:\/\/spavendome.fr\/en\/boutique\/beaute-bien-etre\/soins-corps\/?_gl=1*u4r797*_up*MQ..*_ga*Mjc0NjU2MDQwLjE3NjQxNzc5NDI.*_ga_WS9PQJ5F24*czE3NjQyNDQ4NDIkbzIkZzAkdDE3NjQyNDQ4NDIkajYwJGwwJGgzODI5Nzc4NDQ.\" style=\"border-top-left-radius:0px;border-top-right-radius:0px;border-bottom-left-radius:0px;border-bottom-right-radius:0px;background-color:#c9af7e\"><strong>DISCOVER<\/strong><\/a><\/div>\n<\/div>\n<\/div>\n\n\n\n<div style=\"height:35px\" aria-hidden=\"true\" class=\"wp-block-spacer\"><\/div>\n\n\n\n<div class=\"wp-block-columns is-not-stacked-on-mobile is-layout-flex wp-container-core-columns-is-layout-9d6595d7 wp-block-columns-is-layout-flex\">\n<div class=\"wp-block-column is-layout-flow wp-block-column-is-layout-flow\">\n<figure class=\"wp-block-image size-medium\"><img loading=\"lazy\" decoding=\"async\" width=\"268\" height=\"300\" src=\"https:\/\/spavendome.fr\/wp-content\/uploads\/2025\/12\/Beaute-du-regard-12-268x300.png\" alt=\"\" class=\"wp-image-3868\" style=\"aspect-ratio:0.9333572410495488;object-fit:cover\" srcset=\"https:\/\/spavendome.fr\/wp-content\/uploads\/2025\/12\/Beaute-du-regard-12-268x300.png 268w, https:\/\/spavendome.fr\/wp-content\/uploads\/2025\/12\/Beaute-du-regard-12-11x12.png 11w, https:\/\/spavendome.fr\/wp-content\/uploads\/2025\/12\/Beaute-du-regard-12-54x60.png 54w, https:\/\/spavendome.fr\/wp-content\/uploads\/2025\/12\/Beaute-du-regard-12.png 332w\" sizes=\"(max-width: 268px) 100vw, 268px\" \/><\/figure>\n\n\n\n<div class=\"wp-block-buttons is-content-justification-center is-layout-flex wp-container-core-buttons-is-layout-16018d1d wp-block-buttons-is-layout-flex\">\n<div class=\"wp-block-button\"><a class=\"wp-block-button__link has-black-color has-text-color has-background has-link-color has-small-font-size has-custom-font-size wp-element-button\" href=\"https:\/\/spavendome.fr\/en\/boutique\/beaute-bien-etre\/onglerie\/?_gl=1*uodozj*_up*MQ..*_ga*Mjc0NjU2MDQwLjE3NjQxNzc5NDI.*_ga_WS9PQJ5F24*czE3NjQyNDQ4NDIkbzIkZzAkdDE3NjQyNDQ4NDIkajYwJGwwJGgzODI5Nzc4NDQ.\" style=\"border-top-left-radius:0px;border-top-right-radius:0px;border-bottom-left-radius:0px;border-bottom-right-radius:0px;background-color:#c9af7e\"><strong>DISCOVER<\/strong><\/a><\/div>\n<\/div>\n<\/div>\n\n\n\n<div class=\"wp-block-column is-layout-flow wp-block-column-is-layout-flow\">\n<figure class=\"wp-block-image size-medium is-resized\"><img loading=\"lazy\" decoding=\"async\" width=\"269\" height=\"300\" src=\"https:\/\/spavendome.fr\/wp-content\/uploads\/2025\/12\/Beaute-du-regard-13-269x300.png\" alt=\"\" class=\"wp-image-3869\" style=\"aspect-ratio:0.8966960214852289;object-fit:cover;width:213px;height:auto\" srcset=\"https:\/\/spavendome.fr\/wp-content\/uploads\/2025\/12\/Beaute-du-regard-13-269x300.png 269w, https:\/\/spavendome.fr\/wp-content\/uploads\/2025\/12\/Beaute-du-regard-13-11x12.png 11w, https:\/\/spavendome.fr\/wp-content\/uploads\/2025\/12\/Beaute-du-regard-13-54x60.png 54w, https:\/\/spavendome.fr\/wp-content\/uploads\/2025\/12\/Beaute-du-regard-13-270x300.png 270w, https:\/\/spavendome.fr\/wp-content\/uploads\/2025\/12\/Beaute-du-regard-13.png 333w\" sizes=\"(max-width: 269px) 100vw, 269px\" \/><\/figure>\n\n\n\n<div class=\"wp-block-buttons is-content-justification-center is-layout-flex wp-container-core-buttons-is-layout-16018d1d wp-block-buttons-is-layout-flex\">\n<div class=\"wp-block-button\"><a class=\"wp-block-button__link has-black-color has-text-color has-background has-link-color has-small-font-size has-custom-font-size wp-element-button\" href=\"https:\/\/spavendome.fr\/en\/boutique\/beaute-bien-etre\/beaute-du-regard\/?_gl=1*uodozj*_up*MQ..*_ga*Mjc0NjU2MDQwLjE3NjQxNzc5NDI.*_ga_WS9PQJ5F24*czE3NjQyNDQ4NDIkbzIkZzAkdDE3NjQyNDQ4NDIkajYwJGwwJGgzODI5Nzc4NDQ.\" style=\"border-top-left-radius:0px;border-top-right-radius:0px;border-bottom-left-radius:0px;border-bottom-right-radius:0px;background-color:#c9af7e\"><strong>DISCOVER<\/strong><\/a><\/div>\n<\/div>\n<\/div>\n\n\n\n<div class=\"wp-block-column is-layout-flow wp-block-column-is-layout-flow\"><div class=\"wp-block-image\">\n<figure class=\"aligncenter size-medium is-resized\"><img loading=\"lazy\" decoding=\"async\" width=\"271\" height=\"300\" src=\"https:\/\/spavendome.fr\/wp-content\/uploads\/2025\/12\/Beaute-du-regard-15-271x300.png\" alt=\"\" class=\"wp-image-3871\" style=\"aspect-ratio:0.903370786516854;width:191px;height:auto\" srcset=\"https:\/\/spavendome.fr\/wp-content\/uploads\/2025\/12\/Beaute-du-regard-15-271x300.png 271w, https:\/\/spavendome.fr\/wp-content\/uploads\/2025\/12\/Beaute-du-regard-15-11x12.png 11w, https:\/\/spavendome.fr\/wp-content\/uploads\/2025\/12\/Beaute-du-regard-15-54x60.png 54w, https:\/\/spavendome.fr\/wp-content\/uploads\/2025\/12\/Beaute-du-regard-15-270x300.png 270w, https:\/\/spavendome.fr\/wp-content\/uploads\/2025\/12\/Beaute-du-regard-15.png 333w\" sizes=\"(max-width: 271px) 100vw, 271px\" \/><\/figure>\n<\/div>\n\n\n<div class=\"wp-block-buttons alignwide is-content-justification-center is-layout-flex wp-container-core-buttons-is-layout-16018d1d wp-block-buttons-is-layout-flex\">\n<div class=\"wp-block-button\"><a class=\"wp-block-button__link has-black-color has-text-color has-background has-link-color has-small-font-size has-custom-font-size wp-element-button\" href=\"https:\/\/spavendome.fr\/en\/boutique\/beaute-bien-etre\/maquillage\/?_gl=1*1oeqcl8*_up*MQ..*_ga*Mjc0NjU2MDQwLjE3NjQxNzc5NDI.*_ga_WS9PQJ5F24*czE3NjQyNDQ4NDIkbzIkZzAkdDE3NjQyNDQ4NDIkajYwJGwwJGgzODI5Nzc4NDQ.\" style=\"border-top-left-radius:0px;border-top-right-radius:0px;border-bottom-left-radius:0px;border-bottom-right-radius:0px;background-color:#c9af7e\"><strong>DISCOVER<\/strong><\/a><\/div>\n<\/div>\n<\/div>\n<\/div>\n\n\n\n<div class=\"wp-block-columns is-not-stacked-on-mobile is-layout-flex wp-container-core-columns-is-layout-9d6595d7 wp-block-columns-is-layout-flex\">\n<div class=\"wp-block-column has-small-font-size is-layout-flow wp-block-column-is-layout-flow\"><div class=\"wp-block-image\">\n<figure class=\"aligncenter size-medium is-resized\"><img loading=\"lazy\" decoding=\"async\" width=\"269\" height=\"300\" src=\"https:\/\/spavendome.fr\/wp-content\/uploads\/2025\/12\/Beaute-du-regard-14-269x300.png\" alt=\"\" class=\"wp-image-3870\" style=\"aspect-ratio:0.8967090257412839;width:263px;height:auto\" srcset=\"https:\/\/spavendome.fr\/wp-content\/uploads\/2025\/12\/Beaute-du-regard-14-269x300.png 269w, https:\/\/spavendome.fr\/wp-content\/uploads\/2025\/12\/Beaute-du-regard-14-11x12.png 11w, https:\/\/spavendome.fr\/wp-content\/uploads\/2025\/12\/Beaute-du-regard-14-54x60.png 54w, https:\/\/spavendome.fr\/wp-content\/uploads\/2025\/12\/Beaute-du-regard-14-270x300.png 270w, https:\/\/spavendome.fr\/wp-content\/uploads\/2025\/12\/Beaute-du-regard-14.png 333w\" sizes=\"(max-width: 269px) 100vw, 269px\" \/><\/figure>\n<\/div>\n\n\n<div class=\"wp-block-buttons alignwide is-content-justification-center is-layout-flex wp-container-core-buttons-is-layout-16018d1d wp-block-buttons-is-layout-flex\">\n<div class=\"wp-block-button\"><a class=\"wp-block-button__link has-black-color has-text-color has-background has-link-color has-small-font-size has-custom-font-size wp-element-button\" href=\"https:\/\/spavendome.fr\/en\/boutique\/beaute-bien-etre\/head-spa\/?_gl=1*1oeqcl8*_up*MQ..*_ga*Mjc0NjU2MDQwLjE3NjQxNzc5NDI.*_ga_WS9PQJ5F24*czE3NjQyNDQ4NDIkbzIkZzAkdDE3NjQyNDQ4NDIkajYwJGwwJGgzODI5Nzc4NDQ.\" style=\"border-top-left-radius:0px;border-top-right-radius:0px;border-bottom-left-radius:0px;border-bottom-right-radius:0px;background-color:#c9af7e\"><strong>DISCOVER<\/strong><\/a><\/div>\n<\/div>\n<\/div>\n\n\n\n<div class=\"wp-block-column is-vertically-aligned-center has-small-font-size is-layout-flow wp-block-column-is-layout-flow\"><div class=\"wp-block-image\">\n<figure class=\"aligncenter size-full is-resized\"><img loading=\"lazy\" decoding=\"async\" width=\"333\" height=\"368\" src=\"https:\/\/spavendome.fr\/wp-content\/uploads\/2025\/12\/Beaute-du-regard-10.png\" alt=\"\" class=\"wp-image-3866\" style=\"aspect-ratio:0.9049112786179129;width:263px;height:auto\" srcset=\"https:\/\/spavendome.fr\/wp-content\/uploads\/2025\/12\/Beaute-du-regard-10.png 333w, https:\/\/spavendome.fr\/wp-content\/uploads\/2025\/12\/Beaute-du-regard-10-271x300.png 271w, https:\/\/spavendome.fr\/wp-content\/uploads\/2025\/12\/Beaute-du-regard-10-11x12.png 11w, https:\/\/spavendome.fr\/wp-content\/uploads\/2025\/12\/Beaute-du-regard-10-54x60.png 54w\" sizes=\"(max-width: 333px) 100vw, 333px\" \/><\/figure>\n<\/div>\n\n\n<div class=\"wp-block-buttons is-content-justification-center is-layout-flex wp-container-core-buttons-is-layout-16018d1d wp-block-buttons-is-layout-flex\">\n<div class=\"wp-block-button\"><a class=\"wp-block-button__link has-black-color has-text-color has-background has-link-color has-small-font-size has-custom-font-size wp-element-button\" href=\"https:\/\/spavendome.fr\/en\/boutique\/beaute-bien-etre\/soins-visage\/?_gl=1*u4r797*_up*MQ..*_ga*Mjc0NjU2MDQwLjE3NjQxNzc5NDI.*_ga_WS9PQJ5F24*czE3NjQyNDQ4NDIkbzIkZzAkdDE3NjQyNDQ4NDIkajYwJGwwJGgzODI5Nzc4NDQ.\" style=\"border-top-left-radius:0px;border-top-right-radius:0px;border-bottom-left-radius:0px;border-bottom-right-radius:0px;background-color:#c9af7e\"><strong>DISCOVER<\/strong><\/a><\/div>\n<\/div>\n<\/div>\n<\/div>\n\n\n<div data-src=\"https:\/\/cdn.trustindex.io\/loader.js?99cb43f587b2891e85561ceab4d\"><\/div>\n\n\n<div class=\"wp-block-image\">\n<figure class=\"aligncenter size-large\"><img loading=\"lazy\" decoding=\"async\" width=\"1024\" height=\"188\" src=\"https:\/\/spavendome.fr\/wp-content\/uploads\/2025\/12\/Le-Secret-Vendome-23-1024x188.png\" alt=\"\" class=\"wp-image-4024\" srcset=\"https:\/\/spavendome.fr\/wp-content\/uploads\/2025\/12\/Le-Secret-Vendome-23-1024x188.png 1024w, https:\/\/spavendome.fr\/wp-content\/uploads\/2025\/12\/Le-Secret-Vendome-23-300x55.png 300w, https:\/\/spavendome.fr\/wp-content\/uploads\/2025\/12\/Le-Secret-Vendome-23-768x141.png 768w, https:\/\/spavendome.fr\/wp-content\/uploads\/2025\/12\/Le-Secret-Vendome-23-18x3.png 18w, https:\/\/spavendome.fr\/wp-content\/uploads\/2025\/12\/Le-Secret-Vendome-23-326x60.png 326w, https:\/\/spavendome.fr\/wp-content\/uploads\/2025\/12\/Le-Secret-Vendome-23-600x110.png 600w, https:\/\/spavendome.fr\/wp-content\/uploads\/2025\/12\/Le-Secret-Vendome-23.png 1295w\" sizes=\"(max-width: 1024px) 100vw, 1024px\" \/><\/figure>\n<\/div>\n\n\n<div class=\"wp-block-columns is-layout-flex wp-container-core-columns-is-layout-9d6595d7 wp-block-columns-is-layout-flex\">\n<div class=\"wp-block-column is-layout-flow wp-block-column-is-layout-flow\">\n<figure class=\"wp-block-image size-full\"><img loading=\"lazy\" decoding=\"async\" width=\"863\" height=\"361\" src=\"https:\/\/spavendome.fr\/wp-content\/uploads\/2025\/12\/Le-Secret-Vendome-24.png\" alt=\"\" class=\"wp-image-4025\" srcset=\"https:\/\/spavendome.fr\/wp-content\/uploads\/2025\/12\/Le-Secret-Vendome-24.png 863w, https:\/\/spavendome.fr\/wp-content\/uploads\/2025\/12\/Le-Secret-Vendome-24-300x125.png 300w, https:\/\/spavendome.fr\/wp-content\/uploads\/2025\/12\/Le-Secret-Vendome-24-768x321.png 768w, https:\/\/spavendome.fr\/wp-content\/uploads\/2025\/12\/Le-Secret-Vendome-24-18x8.png 18w, https:\/\/spavendome.fr\/wp-content\/uploads\/2025\/12\/Le-Secret-Vendome-24-143x60.png 143w, https:\/\/spavendome.fr\/wp-content\/uploads\/2025\/12\/Le-Secret-Vendome-24-600x251.png 600w\" sizes=\"(max-width: 863px) 100vw, 863px\" \/><\/figure>\n\n\n\n<figure class=\"wp-block-image size-full\"><img loading=\"lazy\" decoding=\"async\" width=\"863\" height=\"316\" src=\"https:\/\/spavendome.fr\/wp-content\/uploads\/2025\/12\/Le-Secret-Vendome-26.png\" alt=\"\" class=\"wp-image-4022\" srcset=\"https:\/\/spavendome.fr\/wp-content\/uploads\/2025\/12\/Le-Secret-Vendome-26.png 863w, https:\/\/spavendome.fr\/wp-content\/uploads\/2025\/12\/Le-Secret-Vendome-26-300x110.png 300w, https:\/\/spavendome.fr\/wp-content\/uploads\/2025\/12\/Le-Secret-Vendome-26-768x281.png 768w, https:\/\/spavendome.fr\/wp-content\/uploads\/2025\/12\/Le-Secret-Vendome-26-18x7.png 18w, https:\/\/spavendome.fr\/wp-content\/uploads\/2025\/12\/Le-Secret-Vendome-26-164x60.png 164w, https:\/\/spavendome.fr\/wp-content\/uploads\/2025\/12\/Le-Secret-Vendome-26-600x220.png 600w\" sizes=\"(max-width: 863px) 100vw, 863px\" \/><\/figure>\n<\/div>\n\n\n\n<div class=\"wp-block-column is-layout-flow wp-block-column-is-layout-flow\">\n<figure class=\"wp-block-image size-full\"><img loading=\"lazy\" decoding=\"async\" width=\"863\" height=\"361\" src=\"https:\/\/spavendome.fr\/wp-content\/uploads\/2025\/12\/Le-Secret-Vendome-25.png\" alt=\"\" class=\"wp-image-4021\" srcset=\"https:\/\/spavendome.fr\/wp-content\/uploads\/2025\/12\/Le-Secret-Vendome-25.png 863w, https:\/\/spavendome.fr\/wp-content\/uploads\/2025\/12\/Le-Secret-Vendome-25-300x125.png 300w, https:\/\/spavendome.fr\/wp-content\/uploads\/2025\/12\/Le-Secret-Vendome-25-768x321.png 768w, https:\/\/spavendome.fr\/wp-content\/uploads\/2025\/12\/Le-Secret-Vendome-25-18x8.png 18w, https:\/\/spavendome.fr\/wp-content\/uploads\/2025\/12\/Le-Secret-Vendome-25-143x60.png 143w, https:\/\/spavendome.fr\/wp-content\/uploads\/2025\/12\/Le-Secret-Vendome-25-600x251.png 600w\" sizes=\"(max-width: 863px) 100vw, 863px\" \/><\/figure>\n\n\n\n<figure class=\"wp-block-image size-full\"><img loading=\"lazy\" decoding=\"async\" width=\"863\" height=\"316\" src=\"https:\/\/spavendome.fr\/wp-content\/uploads\/2025\/12\/Le-Secret-Vendome-16.png\" alt=\"\" class=\"wp-image-4012\" srcset=\"https:\/\/spavendome.fr\/wp-content\/uploads\/2025\/12\/Le-Secret-Vendome-16.png 863w, https:\/\/spavendome.fr\/wp-content\/uploads\/2025\/12\/Le-Secret-Vendome-16-300x110.png 300w, https:\/\/spavendome.fr\/wp-content\/uploads\/2025\/12\/Le-Secret-Vendome-16-768x281.png 768w, https:\/\/spavendome.fr\/wp-content\/uploads\/2025\/12\/Le-Secret-Vendome-16-18x7.png 18w, https:\/\/spavendome.fr\/wp-content\/uploads\/2025\/12\/Le-Secret-Vendome-16-164x60.png 164w, https:\/\/spavendome.fr\/wp-content\/uploads\/2025\/12\/Le-Secret-Vendome-16-600x220.png 600w\" sizes=\"(max-width: 863px) 100vw, 863px\" \/><\/figure>\n<\/div>\n<\/div>\n\n\n\n<figure class=\"wp-block-gallery has-nested-images columns-default is-cropped wp-block-gallery-1 is-layout-flex wp-block-gallery-is-layout-flex\">\n<figure class=\"wp-block-image size-full\"><img loading=\"lazy\" decoding=\"async\" width=\"1536\" height=\"2048\" data-id=\"3668\" src=\"https:\/\/spavendome.fr\/wp-content\/uploads\/2025\/11\/image00002-scaled.jpeg\" alt=\"\" class=\"wp-image-3668\" srcset=\"https:\/\/spavendome.fr\/wp-content\/uploads\/2025\/11\/image00002-scaled.jpeg 1536w, https:\/\/spavendome.fr\/wp-content\/uploads\/2025\/11\/image00002-225x300.jpeg 225w, https:\/\/spavendome.fr\/wp-content\/uploads\/2025\/11\/image00002-768x1024.jpeg 768w, https:\/\/spavendome.fr\/wp-content\/uploads\/2025\/11\/image00002-1152x1536.jpeg 1152w, https:\/\/spavendome.fr\/wp-content\/uploads\/2025\/11\/image00002-9x12.jpeg 9w, https:\/\/spavendome.fr\/wp-content\/uploads\/2025\/11\/image00002-45x60.jpeg 45w, https:\/\/spavendome.fr\/wp-content\/uploads\/2025\/11\/image00002-600x800.jpeg 600w\" sizes=\"(max-width: 1536px) 100vw, 1536px\" \/><\/figure>\n\n\n\n<figure class=\"wp-block-image size-full\"><img decoding=\"async\" data-id=\"3615\" src=\"https:\/\/spavendome.fr\/wp-content\/uploads\/2025\/11\/IMG_7595.heic\" alt=\"\" class=\"wp-image-3615\"\/><\/figure>\n\n\n\n<figure class=\"wp-block-image size-full is-style-default\"><img loading=\"lazy\" decoding=\"async\" width=\"2048\" height=\"1536\" data-id=\"3798\" src=\"https:\/\/spavendome.fr\/wp-content\/uploads\/2018\/10\/PHOTO-2025-11-24-16-02-14.jpeg\" alt=\"\" class=\"wp-image-3798\" srcset=\"https:\/\/spavendome.fr\/wp-content\/uploads\/2018\/10\/PHOTO-2025-11-24-16-02-14.jpeg 2048w, https:\/\/spavendome.fr\/wp-content\/uploads\/2018\/10\/PHOTO-2025-11-24-16-02-14-300x225.jpeg 300w, https:\/\/spavendome.fr\/wp-content\/uploads\/2018\/10\/PHOTO-2025-11-24-16-02-14-1024x768.jpeg 1024w, https:\/\/spavendome.fr\/wp-content\/uploads\/2018\/10\/PHOTO-2025-11-24-16-02-14-768x576.jpeg 768w, https:\/\/spavendome.fr\/wp-content\/uploads\/2018\/10\/PHOTO-2025-11-24-16-02-14-1536x1152.jpeg 1536w, https:\/\/spavendome.fr\/wp-content\/uploads\/2018\/10\/PHOTO-2025-11-24-16-02-14-16x12.jpeg 16w, https:\/\/spavendome.fr\/wp-content\/uploads\/2018\/10\/PHOTO-2025-11-24-16-02-14-80x60.jpeg 80w, https:\/\/spavendome.fr\/wp-content\/uploads\/2018\/10\/PHOTO-2025-11-24-16-02-14-640x480.jpeg 640w, https:\/\/spavendome.fr\/wp-content\/uploads\/2018\/10\/PHOTO-2025-11-24-16-02-14-110x83.jpeg 110w, https:\/\/spavendome.fr\/wp-content\/uploads\/2018\/10\/PHOTO-2025-11-24-16-02-14-600x450.jpeg 600w\" sizes=\"(max-width: 2048px) 100vw, 2048px\" \/><\/figure>\n<\/figure>\n\n\n\n\n\n<p><\/p>","protected":false},"excerpt":{"rendered":"<p>Au Secret Vend\u00f4me, nous r\u00e9v\u00e9lons votre beaut\u00e9 sous toutes ses formes : \u00e9pilation impeccable, dents \u00e9clatantes, soins experts, ongles sophistiqu\u00e9s, Head Spa, maquillage, rehaussement de cils et browlift. L\u2019excellence, le &hellip; <\/p>","protected":false},"author":1,"featured_media":3637,"parent":0,"menu_order":0,"comment_status":"closed","ping_status":"closed","template":"","meta":{"_monsterinsights_skip_tracking":false,"_monsterinsights_sitenote_active":false,"_monsterinsights_sitenote_note":"","_monsterinsights_sitenote_category":0,"_joinchat":[],"footnotes":""},"class_list":["post-4052","page","type-page","status-publish","has-post-thumbnail","hentry","latest_post"],"jetpack_sharing_enabled":true,"_links":{"self":[{"href":"https:\/\/spavendome.fr\/en\/wp-json\/wp\/v2\/pages\/4052","targetHints":{"allow":["GET"]}}],"collection":[{"href":"https:\/\/spavendome.fr\/en\/wp-json\/wp\/v2\/pages"}],"about":[{"href":"https:\/\/spavendome.fr\/en\/wp-json\/wp\/v2\/types\/page"}],"author":[{"embeddable":true,"href":"https:\/\/spavendome.fr\/en\/wp-json\/wp\/v2\/users\/1"}],"replies":[{"embeddable":true,"href":"https:\/\/spavendome.fr\/en\/wp-json\/wp\/v2\/comments?post=4052"}],"version-history":[{"count":12,"href":"https:\/\/spavendome.fr\/en\/wp-json\/wp\/v2\/pages\/4052\/revisions"}],"predecessor-version":[{"id":4089,"href":"https:\/\/spavendome.fr\/en\/wp-json\/wp\/v2\/pages\/4052\/revisions\/4089"}],"wp:featuredmedia":[{"embeddable":true,"href":"https:\/\/spavendome.fr\/en\/wp-json\/wp\/v2\/media\/3637"}],"wp:attachment":[{"href":"https:\/\/spavendome.fr\/en\/wp-json\/wp\/v2\/media?parent=4052"}],"curies":[{"name":"wp","href":"https:\/\/api.w.org\/{rel}","templated":true}]}}