{"id":3677,"date":"2025-11-29T18:46:59","date_gmt":"2025-11-29T17:46:59","guid":{"rendered":"https:\/\/lesecretvendome.fr\/?page_id=3677"},"modified":"2025-12-03T12:15:32","modified_gmt":"2025-12-03T11:15:32","slug":"elementor-3677","status":"publish","type":"page","link":"https:\/\/spavendome.fr\/en\/elementor-3677\/","title":{"rendered":"Page carte cadeau"},"content":{"rendered":"<div data-elementor-type=\"wp-post\" data-elementor-id=\"3677\" class=\"elementor elementor-3677\">\n\t\t\t\t<div class=\"elementor-element elementor-element-db08aff e-con-full e-flex e-con e-parent\" data-id=\"db08aff\" data-element_type=\"container\" data-e-type=\"container\">\n\t\t\t\t<div class=\"elementor-element elementor-element-190b864 elementor-widget__width-initial elementor-widget elementor-widget-image\" data-id=\"190b864\" data-element_type=\"widget\" data-e-type=\"widget\" data-widget_type=\"image.default\">\n\t\t\t\t\t\t\t\t\t\t\t\t\t\t\t<img fetchpriority=\"high\" decoding=\"async\" width=\"1024\" height=\"576\" src=\"https:\/\/spavendome.fr\/wp-content\/uploads\/2025\/11\/7-1024x576.png\" class=\"attachment-large size-large wp-image-3683\" alt=\"\" srcset=\"https:\/\/spavendome.fr\/wp-content\/uploads\/2025\/11\/7-1024x576.png 1024w, https:\/\/spavendome.fr\/wp-content\/uploads\/2025\/11\/7-300x169.png 300w, https:\/\/spavendome.fr\/wp-content\/uploads\/2025\/11\/7-768x432.png 768w, https:\/\/spavendome.fr\/wp-content\/uploads\/2025\/11\/7-1536x864.png 1536w, https:\/\/spavendome.fr\/wp-content\/uploads\/2025\/11\/7-18x10.png 18w, https:\/\/spavendome.fr\/wp-content\/uploads\/2025\/11\/7-107x60.png 107w, https:\/\/spavendome.fr\/wp-content\/uploads\/2025\/11\/7-600x338.png 600w, https:\/\/spavendome.fr\/wp-content\/uploads\/2025\/11\/7.png 1920w\" sizes=\"(max-width: 1024px) 100vw, 1024px\" \/>\t\t\t\t\t\t\t\t\t\t\t\t\t\t\t<\/div>\n\t\t\t\t<\/div>\n\t\t<div class=\"elementor-element elementor-element-7554ae7 e-grid e-con-boxed e-con e-parent\" data-id=\"7554ae7\" data-element_type=\"container\" data-e-type=\"container\">\n\t\t\t\t\t<div class=\"e-con-inner\">\n\t\t\t\t<div class=\"elementor-element elementor-element-c6dc8a5 elementor-position-top elementor-widget elementor-widget-image-box\" data-id=\"c6dc8a5\" data-element_type=\"widget\" data-e-type=\"widget\" data-widget_type=\"image-box.default\">\n\t\t\t\t\t<div class=\"elementor-image-box-wrapper\"><figure class=\"elementor-image-box-img\"><img decoding=\"async\" width=\"1050\" height=\"600\" src=\"https:\/\/spavendome.fr\/wp-content\/uploads\/2025\/11\/2.png\" class=\"attachment-full size-full wp-image-3687\" alt=\"\" srcset=\"https:\/\/spavendome.fr\/wp-content\/uploads\/2025\/11\/2.png 1050w, https:\/\/spavendome.fr\/wp-content\/uploads\/2025\/11\/2-300x171.png 300w, https:\/\/spavendome.fr\/wp-content\/uploads\/2025\/11\/2-1024x585.png 1024w, https:\/\/spavendome.fr\/wp-content\/uploads\/2025\/11\/2-768x439.png 768w, https:\/\/spavendome.fr\/wp-content\/uploads\/2025\/11\/2-330x190.png 330w, https:\/\/spavendome.fr\/wp-content\/uploads\/2025\/11\/2-18x10.png 18w, https:\/\/spavendome.fr\/wp-content\/uploads\/2025\/11\/2-105x60.png 105w, https:\/\/spavendome.fr\/wp-content\/uploads\/2025\/11\/2-600x343.png 600w\" sizes=\"(max-width: 1050px) 100vw, 1050px\" \/><\/figure><div class=\"elementor-image-box-content\"><h3 class=\"elementor-image-box-title\">Carte cadeau physique <\/h3><p class=\"elementor-image-box-description\"><p style=\"margin-bottom: 1em;font-size: 0.95em;white-space: normal\">Sealed hard case, available from the institute (3 Rue Saint-Hyacinthe, Paris 1er) or dispatched within 48 h.<br>Fixed amounts: \u20ac50, \u20ac100, \u20ac150, \u20ac250 or customized amounts up to \u20ac1000.<br>Can be used in instalments until the amount is used up.<\/p><div><br><\/div><\/p><\/div><\/div>\t\t\t\t<\/div>\n\t\t\t\t<div class=\"elementor-element elementor-element-1317c69 elementor-position-top elementor-widget elementor-widget-image-box\" data-id=\"1317c69\" data-element_type=\"widget\" data-e-type=\"widget\" data-widget_type=\"image-box.default\">\n\t\t\t\t\t<div class=\"elementor-image-box-wrapper\"><figure class=\"elementor-image-box-img\"><img decoding=\"async\" width=\"1050\" height=\"600\" src=\"https:\/\/spavendome.fr\/wp-content\/uploads\/2025\/11\/3-1.png\" class=\"attachment-full size-full wp-image-3688\" alt=\"\" srcset=\"https:\/\/spavendome.fr\/wp-content\/uploads\/2025\/11\/3-1.png 1050w, https:\/\/spavendome.fr\/wp-content\/uploads\/2025\/11\/3-1-300x171.png 300w, https:\/\/spavendome.fr\/wp-content\/uploads\/2025\/11\/3-1-1024x585.png 1024w, https:\/\/spavendome.fr\/wp-content\/uploads\/2025\/11\/3-1-768x439.png 768w, https:\/\/spavendome.fr\/wp-content\/uploads\/2025\/11\/3-1-330x190.png 330w, https:\/\/spavendome.fr\/wp-content\/uploads\/2025\/11\/3-1-18x10.png 18w, https:\/\/spavendome.fr\/wp-content\/uploads\/2025\/11\/3-1-105x60.png 105w, https:\/\/spavendome.fr\/wp-content\/uploads\/2025\/11\/3-1-600x343.png 600w\" sizes=\"(max-width: 1050px) 100vw, 1050px\" \/><\/figure><div class=\"elementor-image-box-content\"><h3 class=\"elementor-image-box-title\">Carte cadeau virtuelle<\/h3><p class=\"elementor-image-box-description\"><p style=\"margin-bottom: 1em;font-size: 0.95em;white-space: normal\">To print or e-mail.<br>Select the day of dispatch and add a personalized message.<br>Available in amounts from \u20ac20 to \u20ac1,000.<br>Can be used in instalments until the balance is used up.<span style=\"white-space: pre-wrap;font-size: 18px\"><\/span><\/p><\/p><\/div><\/div>\t\t\t\t<\/div>\n\t\t\t\t\t<\/div>\n\t\t\t\t<\/div>\n\t\t<div class=\"elementor-element elementor-element-0b7be92 e-flex e-con-boxed e-con e-parent\" data-id=\"0b7be92\" data-element_type=\"container\" data-e-type=\"container\">\n\t\t\t\t\t<div class=\"e-con-inner\">\n\t\t\t\t<div class=\"elementor-element elementor-element-47781cf elementor-widget elementor-widget-image\" data-id=\"47781cf\" data-element_type=\"widget\" data-e-type=\"widget\" data-widget_type=\"image.default\">\n\t\t\t\t\t\t\t\t\t\t\t\t\t\t\t<img decoding=\"async\" src=\"https:\/\/spavendome.fr\/wp-content\/uploads\/2025\/11\/Le-Secret-Vendome-4-2.pdf\" title=\"\" alt=\"\" loading=\"lazy\" \/>\t\t\t\t\t\t\t\t\t\t\t\t\t\t\t<\/div>\n\t\t\t\t\t<\/div>\n\t\t\t\t<\/div>\n\t\t<div class=\"elementor-element elementor-element-40dac9d e-flex e-con-boxed e-con e-parent\" data-id=\"40dac9d\" data-element_type=\"container\" data-e-type=\"container\">\n\t\t\t\t\t<div class=\"e-con-inner\">\n\t\t\t\t<div class=\"elementor-element elementor-element-e910d65 elementor-align-justify elementor-widget__width-auto elementor-absolute elementor-widget elementor-widget-button\" data-id=\"e910d65\" data-element_type=\"widget\" data-e-type=\"widget\" data-settings=\"{&quot;_position&quot;:&quot;absolute&quot;}\" data-widget_type=\"button.default\">\n\t\t\t\t\t\t\t\t\t\t<a class=\"elementor-button elementor-button-link elementor-size-sm\" href=\"#\">\n\t\t\t\t\t\t<span class=\"elementor-button-content-wrapper\">\n\t\t\t\t\t\t\t\t\t<span class=\"elementor-button-text\">OFFER<\/span>\n\t\t\t\t\t<\/span>\n\t\t\t\t\t<\/a>\n\t\t\t\t\t\t\t\t<\/div>\n\t\t\t\t<div class=\"elementor-element elementor-element-74b6974 elementor-align-justify elementor-widget__width-auto elementor-absolute elementor-widget elementor-widget-button\" data-id=\"74b6974\" data-element_type=\"widget\" data-e-type=\"widget\" data-settings=\"{&quot;_position&quot;:&quot;absolute&quot;}\" data-widget_type=\"button.default\">\n\t\t\t\t\t\t\t\t\t\t<a class=\"elementor-button elementor-button-link elementor-size-sm\" href=\"#\">\n\t\t\t\t\t\t<span class=\"elementor-button-content-wrapper\">\n\t\t\t\t\t\t\t\t\t<span class=\"elementor-button-text\">OFFER<\/span>\n\t\t\t\t\t<\/span>\n\t\t\t\t\t<\/a>\n\t\t\t\t\t\t\t\t<\/div>\n\t\t\t\t\t<\/div>\n\t\t\t\t<\/div>\n\t\t<div class=\"elementor-element elementor-element-2860ab4 e-flex e-con-boxed e-con e-parent\" data-id=\"2860ab4\" data-element_type=\"container\" data-e-type=\"container\">\n\t\t\t\t\t<div class=\"e-con-inner\">\n\t\t\t\t<div class=\"elementor-element elementor-element-1ac4bab elementor-widget elementor-widget-image\" data-id=\"1ac4bab\" data-element_type=\"widget\" data-e-type=\"widget\" data-widget_type=\"image.default\">\n\t\t\t\t\t\t\t\t\t\t\t\t\t\t\t<img loading=\"lazy\" decoding=\"async\" width=\"1024\" height=\"576\" src=\"https:\/\/spavendome.fr\/wp-content\/uploads\/2025\/12\/8-1024x576.jpg\" class=\"attachment-large size-large wp-image-3907\" alt=\"\" srcset=\"https:\/\/spavendome.fr\/wp-content\/uploads\/2025\/12\/8-1024x576.jpg 1024w, https:\/\/spavendome.fr\/wp-content\/uploads\/2025\/12\/8-300x169.jpg 300w, https:\/\/spavendome.fr\/wp-content\/uploads\/2025\/12\/8-768x432.jpg 768w, https:\/\/spavendome.fr\/wp-content\/uploads\/2025\/12\/8-1536x864.jpg 1536w, https:\/\/spavendome.fr\/wp-content\/uploads\/2025\/12\/8-18x10.jpg 18w, https:\/\/spavendome.fr\/wp-content\/uploads\/2025\/12\/8-107x60.jpg 107w, https:\/\/spavendome.fr\/wp-content\/uploads\/2025\/12\/8-600x338.jpg 600w, https:\/\/spavendome.fr\/wp-content\/uploads\/2025\/12\/8.jpg 1920w\" sizes=\"(max-width: 1024px) 100vw, 1024px\" \/>\t\t\t\t\t\t\t\t\t\t\t\t\t\t\t<\/div>\n\t\t\t\t\t<\/div>\n\t\t\t\t<\/div>\n\t\t<div class=\"elementor-element elementor-element-e36ccae e-flex e-con-boxed e-con e-parent\" data-id=\"e36ccae\" data-element_type=\"container\" data-e-type=\"container\">\n\t\t\t\t\t<div class=\"e-con-inner\">\n\t\t\t\t<div class=\"elementor-element elementor-element-2885ec0 elementor-widget elementor-widget-heading\" data-id=\"2885ec0\" data-element_type=\"widget\" data-e-type=\"widget\" data-widget_type=\"heading.default\">\n\t\t\t\t\t<h2 class=\"elementor-heading-title elementor-size-default\"><span class=\"elementor-heading-title elementor-size-default\" style=\"clear: both;text-align: center;white-space: normal\">Choose your gift card<\/span><\/h2>\t\t\t\t<\/div>\n\t\t\t\t\t<\/div>\n\t\t\t\t<\/div>\n\t\t<div class=\"elementor-element elementor-element-239eb8c e-con-full e-flex e-con e-parent\" data-id=\"239eb8c\" data-element_type=\"container\" data-e-type=\"container\">\n\t\t\t\t<div class=\"elementor-element elementor-element-37b4059 elementor-widget__width-initial elementor-arrows-position-inside elementor-pagination-position-outside elementor-widget elementor-widget-image-carousel\" data-id=\"37b4059\" data-element_type=\"widget\" data-e-type=\"widget\" data-settings=\"{&quot;slides_to_show&quot;:&quot;1&quot;,&quot;navigation&quot;:&quot;both&quot;,&quot;autoplay&quot;:&quot;yes&quot;,&quot;pause_on_hover&quot;:&quot;yes&quot;,&quot;pause_on_interaction&quot;:&quot;yes&quot;,&quot;autoplay_speed&quot;:5000,&quot;infinite&quot;:&quot;yes&quot;,&quot;effect&quot;:&quot;slide&quot;,&quot;speed&quot;:500}\" data-widget_type=\"image-carousel.default\">\n\t\t\t\t\t\t\t<div class=\"elementor-image-carousel-wrapper swiper\" role=\"region\" aria-roledescription=\"carousel\" aria-label=\"Carrousel d\u2019images\" dir=\"ltr\">\n\t\t\t<div class=\"elementor-image-carousel swiper-wrapper\" aria-live=\"off\">\n\t\t\t\t\t\t\t\t<div class=\"swiper-slide\" role=\"group\" aria-roledescription=\"slide\" aria-label=\"1 sur 4\"><figure class=\"swiper-slide-inner\"><img decoding=\"async\" class=\"swiper-slide-image\" src=\"https:\/\/spavendome.fr\/wp-content\/uploads\/2025\/11\/1-1024x585.png\" alt=\"Carte cadeau\" \/><figcaption class=\"elementor-image-carousel-caption\">Carte cadeau<\/figcaption><\/figure><\/div><div class=\"swiper-slide\" role=\"group\" aria-roledescription=\"slide\" aria-label=\"2 sur 4\"><figure class=\"swiper-slide-inner\"><img decoding=\"async\" class=\"swiper-slide-image\" src=\"https:\/\/spavendome.fr\/wp-content\/uploads\/2025\/11\/2-1024x585.png\" alt=\"Carte cadeau Anniversaire\" \/><figcaption class=\"elementor-image-carousel-caption\">Carte cadeau Anniversaire<\/figcaption><\/figure><\/div><div class=\"swiper-slide\" role=\"group\" aria-roledescription=\"slide\" aria-label=\"3 sur 4\"><figure class=\"swiper-slide-inner\"><img decoding=\"async\" class=\"swiper-slide-image\" src=\"https:\/\/spavendome.fr\/wp-content\/uploads\/2025\/11\/3-1-1024x585.png\" alt=\"Carte cadeau Romantique\" \/><figcaption class=\"elementor-image-carousel-caption\">Carte cadeau Romantique<\/figcaption><\/figure><\/div><div class=\"swiper-slide\" role=\"group\" aria-roledescription=\"slide\" aria-label=\"4 sur 4\"><figure class=\"swiper-slide-inner\"><img decoding=\"async\" class=\"swiper-slide-image\" src=\"https:\/\/spavendome.fr\/wp-content\/uploads\/2025\/11\/4-1-1024x585.png\" alt=\"Carde cadeau Noel\" \/><figcaption class=\"elementor-image-carousel-caption\">Carde cadeau Noel<\/figcaption><\/figure><\/div>\t\t\t<\/div>\n\t\t\t\t\t\t\t\t\t\t\t\t<div class=\"elementor-swiper-button elementor-swiper-button-prev\" role=\"button\" tabindex=\"0\">\n\t\t\t\t\t\t<svg aria-hidden=\"true\" class=\"e-font-icon-svg e-eicon-chevron-left\" viewbox=\"0 0 1000 1000\" xmlns=\"http:\/\/www.w3.org\/2000\/svg\"><path d=\"M646 125C629 125 613 133 604 142L308 442C296 454 292 471 292 487 292 504 296 521 308 533L604 854C617 867 629 875 646 875 663 875 679 871 692 858 704 846 713 829 713 812 713 796 708 779 692 767L438 487 692 225C700 217 708 204 708 187 708 171 704 154 692 142 675 129 663 125 646 125Z\"><\/path><\/svg>\t\t\t\t\t<\/div>\n\t\t\t\t\t<div class=\"elementor-swiper-button elementor-swiper-button-next\" role=\"button\" tabindex=\"0\">\n\t\t\t\t\t\t<svg aria-hidden=\"true\" class=\"e-font-icon-svg e-eicon-chevron-right\" viewbox=\"0 0 1000 1000\" xmlns=\"http:\/\/www.w3.org\/2000\/svg\"><path d=\"M696 533C708 521 713 504 713 487 713 471 708 454 696 446L400 146C388 133 375 125 354 125 338 125 325 129 313 142 300 154 292 171 292 187 292 204 296 221 308 233L563 492 304 771C292 783 288 800 288 817 288 833 296 850 308 863 321 871 338 875 354 875 371 875 388 867 400 854L696 533Z\"><\/path><\/svg>\t\t\t\t\t<\/div>\n\t\t\t\t\n\t\t\t\t\t\t\t\t\t<div class=\"swiper-pagination\"><\/div>\n\t\t\t\t\t\t\t\t\t<\/div>\n\t\t\t\t\t\t<\/div>\n\t\t\t\t<\/div>\n\t\t<div class=\"elementor-element elementor-element-db0fc64 e-flex e-con-boxed e-con e-parent\" data-id=\"db0fc64\" data-element_type=\"container\" data-e-type=\"container\">\n\t\t\t\t\t<div class=\"e-con-inner\">\n\t\t\t\t<div class=\"elementor-element elementor-element-8ba0126 elementor-absolute elementor-widget elementor-widget-heading\" data-id=\"8ba0126\" data-element_type=\"widget\" data-e-type=\"widget\" data-settings=\"{&quot;_position&quot;:&quot;absolute&quot;}\" data-widget_type=\"heading.default\">\n\t\t\t\t\t<h2 class=\"elementor-heading-title elementor-size-default\">Offrez le Cadeau Qui Fait Toujours Plaisir\n<\/h2>\t\t\t\t<\/div>\n\t\t\t\t\t<\/div>\n\t\t\t\t<\/div>\n\t\t<div class=\"elementor-element elementor-element-5687bb8 e-flex e-con-boxed e-con e-parent\" data-id=\"5687bb8\" data-element_type=\"container\" data-e-type=\"container\">\n\t\t\t\t\t<div class=\"e-con-inner\">\n\t\t\t\t<div class=\"elementor-element elementor-element-37fa1a4 elementor-absolute elementor-widget elementor-widget-heading\" data-id=\"37fa1a4\" data-element_type=\"widget\" data-e-type=\"widget\" data-settings=\"{&quot;_position&quot;:&quot;absolute&quot;}\" data-widget_type=\"heading.default\">\n\t\t\t\t\t<h5 class=\"elementor-heading-title elementor-size-default\"><span style=\"font-weight: 400;white-space: normal;font-size: medium\">Des cartes cadeaux pr\u00eates \u00e0 offrir, valables sur tous nos soins, pour un moment de beaut\u00e9 et de bien-\u00eatre inoubliable.<\/span><br><\/h5>\t\t\t\t<\/div>\n\t\t\t\t\t<\/div>\n\t\t\t\t<\/div>\n\t\t\t\t<\/div>","protected":false},"excerpt":{"rendered":"<p>Carte cadeau physique Coffret rigide scell\u00e9, \u00e0 retirer \u00e0 l\u2019institut (3 Rue Saint-Hyacinthe, Paris 1er) ou exp\u00e9di\u00e9 sous 48 h.Montants fixes : 50 \u20ac, 100 \u20ac, 150 \u20ac, 250 \u20ac &hellip; <\/p>","protected":false},"author":1,"featured_media":0,"parent":0,"menu_order":0,"comment_status":"closed","ping_status":"closed","template":"","meta":{"_monsterinsights_skip_tracking":false,"_monsterinsights_sitenote_active":false,"_monsterinsights_sitenote_note":"","_monsterinsights_sitenote_category":0,"_joinchat":[],"footnotes":""},"class_list":["post-3677","page","type-page","status-publish","hentry","latest_post"],"jetpack_sharing_enabled":true,"_links":{"self":[{"href":"https:\/\/spavendome.fr\/en\/wp-json\/wp\/v2\/pages\/3677","targetHints":{"allow":["GET"]}}],"collection":[{"href":"https:\/\/spavendome.fr\/en\/wp-json\/wp\/v2\/pages"}],"about":[{"href":"https:\/\/spavendome.fr\/en\/wp-json\/wp\/v2\/types\/page"}],"author":[{"embeddable":true,"href":"https:\/\/spavendome.fr\/en\/wp-json\/wp\/v2\/users\/1"}],"replies":[{"embeddable":true,"href":"https:\/\/spavendome.fr\/en\/wp-json\/wp\/v2\/comments?post=3677"}],"version-history":[{"count":9,"href":"https:\/\/spavendome.fr\/en\/wp-json\/wp\/v2\/pages\/3677\/revisions"}],"predecessor-version":[{"id":3940,"href":"https:\/\/spavendome.fr\/en\/wp-json\/wp\/v2\/pages\/3677\/revisions\/3940"}],"wp:attachment":[{"href":"https:\/\/spavendome.fr\/en\/wp-json\/wp\/v2\/media?parent=3677"}],"curies":[{"name":"wp","href":"https:\/\/api.w.org\/{rel}","templated":true}]}}