{"id":3658,"date":"2025-11-29T18:22:49","date_gmt":"2025-11-29T17:22:49","guid":{"rendered":"https:\/\/lesecretvendome.fr\/?page_id=3658"},"modified":"2025-12-02T16:07:43","modified_gmt":"2025-12-02T15:07:43","slug":"elementor-3658","status":"publish","type":"page","link":"https:\/\/spavendome.fr\/en\/elementor-3658\/","title":{"rendered":"Page spa privatif"},"content":{"rendered":"<div data-elementor-type=\"wp-post\" data-elementor-id=\"3658\" class=\"elementor elementor-3658\">\n\t\t\t\t<div class=\"elementor-element elementor-element-68ff770 e-transform e-flex e-con-boxed e-con e-parent\" data-id=\"68ff770\" data-element_type=\"container\" data-e-type=\"container\" data-settings=\"{&quot;background_background&quot;:&quot;classic&quot;,&quot;_transform_scale_effect&quot;:{&quot;unit&quot;:&quot;px&quot;,&quot;size&quot;:1.1999999999999999555910790149937383830547332763671875,&quot;sizes&quot;:[]},&quot;_transform_scale_effect_tablet&quot;:{&quot;unit&quot;:&quot;px&quot;,&quot;size&quot;:&quot;&quot;,&quot;sizes&quot;:[]},&quot;_transform_scale_effect_mobile&quot;:{&quot;unit&quot;:&quot;px&quot;,&quot;size&quot;:&quot;&quot;,&quot;sizes&quot;:[]}}\">\n\t\t\t\t\t<div class=\"e-con-inner\">\n\t\t\t\t<div class=\"elementor-element elementor-element-b5dcb25 elementor-align-justify elementor-widget__width-auto elementor-widget elementor-widget-button\" data-id=\"b5dcb25\" data-element_type=\"widget\" data-e-type=\"widget\" data-widget_type=\"button.default\">\n\t\t\t\t\t\t\t\t\t\t<a class=\"elementor-button elementor-button-link elementor-size-sm\" href=\"#\">\n\t\t\t\t\t\t<span class=\"elementor-button-content-wrapper\">\n\t\t\t\t\t\t\t\t\t<span class=\"elementor-button-text\">R\u00c9SERVER CE SOIN<\/span>\n\t\t\t\t\t<\/span>\n\t\t\t\t\t<\/a>\n\t\t\t\t\t\t\t\t<\/div>\n\t\t\t\t\t<\/div>\n\t\t\t\t<\/div>\n\t\t<div class=\"elementor-element elementor-element-db3b442 e-flex e-con-boxed e-con e-parent\" data-id=\"db3b442\" data-element_type=\"container\" data-e-type=\"container\">\n\t\t\t\t\t<div class=\"e-con-inner\">\n\t\t\t\t\t<\/div>\n\t\t\t\t<\/div>\n\t\t<div class=\"elementor-element elementor-element-9619093 e-flex e-con-boxed e-con e-parent\" data-id=\"9619093\" data-element_type=\"container\" data-e-type=\"container\">\n\t\t\t\t\t<div class=\"e-con-inner\">\n\t\t\t\t\t<\/div>\n\t\t\t\t<\/div>\n\t\t<div class=\"elementor-element elementor-element-83db184 e-flex e-con-boxed e-con e-parent\" data-id=\"83db184\" data-element_type=\"container\" data-e-type=\"container\">\n\t\t\t\t\t<div class=\"e-con-inner\">\n\t\t\t\t<div class=\"elementor-element elementor-element-b2a55de elementor-absolute elementor-widget elementor-widget-heading\" data-id=\"b2a55de\" data-element_type=\"widget\" data-e-type=\"widget\" data-settings=\"{&quot;_position&quot;:&quot;absolute&quot;}\" data-widget_type=\"heading.default\">\n\t\t\t\t\t<h2 class=\"elementor-heading-title elementor-size-default\">Plus qu'un Spa : Une parenth\u00e8se enchant\u00e9<\/h2>\t\t\t\t<\/div>\n\t\t\t\t<div class=\"elementor-element elementor-element-90719d9 elementor-absolute elementor-widget elementor-widget-heading\" data-id=\"90719d9\" data-element_type=\"widget\" data-e-type=\"widget\" data-settings=\"{&quot;_position&quot;:&quot;absolute&quot;}\" data-widget_type=\"heading.default\">\n\t\t\t\t\t<h5 class=\"elementor-heading-title elementor-size-default\">Un rituel de bien-\u00eatre immersif, con\u00e7u pour vous d\u00e9connecter totalement du quotidien<\/h5>\t\t\t\t<\/div>\n\t\t\t\t\t<\/div>\n\t\t\t\t<\/div>\n\t\t<div class=\"elementor-element elementor-element-3aaebb0 e-grid e-con-boxed e-con e-parent\" data-id=\"3aaebb0\" data-element_type=\"container\" data-e-type=\"container\">\n\t\t\t\t\t<div class=\"e-con-inner\">\n\t\t\t\t<div class=\"elementor-element elementor-element-a10b0e2 elementor-widget elementor-widget-image\" data-id=\"a10b0e2\" data-element_type=\"widget\" data-e-type=\"widget\" data-widget_type=\"image.default\">\n\t\t\t\t\t\t\t\t\t\t\t\t<figure class=\"wp-caption\">\n\t\t\t\t\t\t\t\t\t\t\t<a href=\"https:\/\/spavendome.fr\/en\/boutique\/rituels-spa\/spa\/?_gl=1*txf3po*_up*MQ..*_ga*Mjc0NjU2MDQwLjE3NjQxNzc5NDI.*_ga_WS9PQJ5F24*czE3NjQyNDUzOTUkbzIkZzAkdDE3NjQyNDUzOTUkajYwJGwwJGgzNTgxOTYzNw..\">\n\t\t\t\t\t\t\t<img fetchpriority=\"high\" decoding=\"async\" width=\"332\" height=\"356\" src=\"https:\/\/spavendome.fr\/wp-content\/uploads\/2025\/12\/Spa-privatif-2.png\" class=\"attachment-large size-large wp-image-3890\" alt=\"\" srcset=\"https:\/\/spavendome.fr\/wp-content\/uploads\/2025\/12\/Spa-privatif-2.png 332w, https:\/\/spavendome.fr\/wp-content\/uploads\/2025\/12\/Spa-privatif-2-280x300.png 280w, https:\/\/spavendome.fr\/wp-content\/uploads\/2025\/12\/Spa-privatif-2-11x12.png 11w, https:\/\/spavendome.fr\/wp-content\/uploads\/2025\/12\/Spa-privatif-2-56x60.png 56w\" sizes=\"(max-width: 332px) 100vw, 332px\" \/>\t\t\t\t\t\t\t\t<\/a>\n\t\t\t\t\t\t\t\t\t\t\t<figcaption class=\"widget-image-caption wp-caption-text\">DISCOVER<\/figcaption>\n\t\t\t\t\t\t\t\t\t\t<\/figure>\n\t\t\t\t\t\t\t\t\t<\/div>\n\t\t\t\t<div class=\"elementor-element elementor-element-1a113e9 elementor-widget elementor-widget-image\" data-id=\"1a113e9\" data-element_type=\"widget\" data-e-type=\"widget\" data-widget_type=\"image.default\">\n\t\t\t\t\t\t\t\t\t\t\t\t<figure class=\"wp-caption\">\n\t\t\t\t\t\t\t\t\t\t\t<a href=\"https:\/\/spavendome.fr\/en\/boutique\/rituels-spa\/massages\/?_gl=1*txf3po*_up*MQ..*_ga*Mjc0NjU2MDQwLjE3NjQxNzc5NDI.*_ga_WS9PQJ5F24*czE3NjQyNDUzOTUkbzIkZzAkdDE3NjQyNDUzOTUkajYwJGwwJGgzNTgxOTYzNw..\">\n\t\t\t\t\t\t\t<img decoding=\"async\" width=\"332\" height=\"356\" src=\"https:\/\/spavendome.fr\/wp-content\/uploads\/2025\/12\/Spa-privatif-3.png\" class=\"attachment-large size-large wp-image-3891\" alt=\"\" srcset=\"https:\/\/spavendome.fr\/wp-content\/uploads\/2025\/12\/Spa-privatif-3.png 332w, https:\/\/spavendome.fr\/wp-content\/uploads\/2025\/12\/Spa-privatif-3-280x300.png 280w, https:\/\/spavendome.fr\/wp-content\/uploads\/2025\/12\/Spa-privatif-3-11x12.png 11w, https:\/\/spavendome.fr\/wp-content\/uploads\/2025\/12\/Spa-privatif-3-56x60.png 56w\" sizes=\"(max-width: 332px) 100vw, 332px\" \/>\t\t\t\t\t\t\t\t<\/a>\n\t\t\t\t\t\t\t\t\t\t\t<figcaption class=\"widget-image-caption wp-caption-text\">DISCOVER<\/figcaption>\n\t\t\t\t\t\t\t\t\t\t<\/figure>\n\t\t\t\t\t\t\t\t\t<\/div>\n\t\t\t\t<div class=\"elementor-element elementor-element-8b6c35f elementor-widget elementor-widget-image\" data-id=\"8b6c35f\" data-element_type=\"widget\" data-e-type=\"widget\" data-widget_type=\"image.default\">\n\t\t\t\t\t\t\t\t\t\t\t\t<figure class=\"wp-caption\">\n\t\t\t\t\t\t\t\t\t\t\t<a href=\"https:\/\/spavendome.fr\/en\/boutique\/rituels-spa\/signature-spa\/?_gl=1*txf3po*_up*MQ..*_ga*Mjc0NjU2MDQwLjE3NjQxNzc5NDI.*_ga_WS9PQJ5F24*czE3NjQyNDUzOTUkbzIkZzAkdDE3NjQyNDUzOTUkajYwJGwwJGgzNTgxOTYzNw..\">\n\t\t\t\t\t\t\t<img decoding=\"async\" width=\"332\" height=\"356\" src=\"https:\/\/spavendome.fr\/wp-content\/uploads\/2025\/12\/Spa-privatif-8.png\" class=\"attachment-large size-large wp-image-3892\" alt=\"\" srcset=\"https:\/\/spavendome.fr\/wp-content\/uploads\/2025\/12\/Spa-privatif-8.png 332w, https:\/\/spavendome.fr\/wp-content\/uploads\/2025\/12\/Spa-privatif-8-280x300.png 280w, https:\/\/spavendome.fr\/wp-content\/uploads\/2025\/12\/Spa-privatif-8-11x12.png 11w, https:\/\/spavendome.fr\/wp-content\/uploads\/2025\/12\/Spa-privatif-8-56x60.png 56w\" sizes=\"(max-width: 332px) 100vw, 332px\" \/>\t\t\t\t\t\t\t\t<\/a>\n\t\t\t\t\t\t\t\t\t\t\t<figcaption class=\"widget-image-caption wp-caption-text\">DISCOVER<\/figcaption>\n\t\t\t\t\t\t\t\t\t\t<\/figure>\n\t\t\t\t\t\t\t\t\t<\/div>\n\t\t\t\t\t<\/div>\n\t\t\t\t<\/div>\n\t\t<div class=\"elementor-element elementor-element-edc87ad e-grid e-con-boxed e-con e-parent\" data-id=\"edc87ad\" data-element_type=\"container\" data-e-type=\"container\">\n\t\t\t\t\t<div class=\"e-con-inner\">\n\t\t\t\t<div class=\"elementor-element elementor-element-309e832 elementor-widget elementor-widget-image\" data-id=\"309e832\" data-element_type=\"widget\" data-e-type=\"widget\" data-widget_type=\"image.default\">\n\t\t\t\t\t\t\t\t\t\t\t\t<figure class=\"wp-caption\">\n\t\t\t\t\t\t\t\t\t\t\t<a href=\"https:\/\/spavendome.fr\/en\/boutique\/rituels-spa\/nos-rituels\/?_gl=1*4yq5ad*_up*MQ..*_ga*Mjc0NjU2MDQwLjE3NjQxNzc5NDI.*_ga_WS9PQJ5F24*czE3NjQyNDUzOTUkbzIkZzAkdDE3NjQyNDUzOTUkajYwJGwwJGgzNTgxOTYzNw..\">\n\t\t\t\t\t\t\t<img loading=\"lazy\" decoding=\"async\" width=\"332\" height=\"356\" src=\"https:\/\/spavendome.fr\/wp-content\/uploads\/2025\/12\/Spa-privatif-9.png\" class=\"attachment-large size-large wp-image-3893\" alt=\"\" srcset=\"https:\/\/spavendome.fr\/wp-content\/uploads\/2025\/12\/Spa-privatif-9.png 332w, https:\/\/spavendome.fr\/wp-content\/uploads\/2025\/12\/Spa-privatif-9-280x300.png 280w, https:\/\/spavendome.fr\/wp-content\/uploads\/2025\/12\/Spa-privatif-9-11x12.png 11w, https:\/\/spavendome.fr\/wp-content\/uploads\/2025\/12\/Spa-privatif-9-56x60.png 56w\" sizes=\"(max-width: 332px) 100vw, 332px\" \/>\t\t\t\t\t\t\t\t<\/a>\n\t\t\t\t\t\t\t\t\t\t\t<figcaption class=\"widget-image-caption wp-caption-text\">DISCOVER<\/figcaption>\n\t\t\t\t\t\t\t\t\t\t<\/figure>\n\t\t\t\t\t\t\t\t\t<\/div>\n\t\t\t\t<div class=\"elementor-element elementor-element-2dad44c elementor-widget elementor-widget-image\" data-id=\"2dad44c\" data-element_type=\"widget\" data-e-type=\"widget\" data-widget_type=\"image.default\">\n\t\t\t\t\t\t\t\t\t\t\t\t<figure class=\"wp-caption\">\n\t\t\t\t\t\t\t\t\t\t\t<a href=\"https:\/\/spavendome.fr\/en\/boutique\/rituels-spa\/nos-rituels\/?_gl=1*4yq5ad*_up*MQ..*_ga*Mjc0NjU2MDQwLjE3NjQxNzc5NDI.*_ga_WS9PQJ5F24*czE3NjQyNDUzOTUkbzIkZzAkdDE3NjQyNDUzOTUkajYwJGwwJGgzNTgxOTYzNw..\">\n\t\t\t\t\t\t\t<img loading=\"lazy\" decoding=\"async\" width=\"332\" height=\"356\" src=\"https:\/\/spavendome.fr\/wp-content\/uploads\/2025\/12\/Spa-privatif-10.png\" class=\"attachment-large size-large wp-image-3894\" alt=\"\" srcset=\"https:\/\/spavendome.fr\/wp-content\/uploads\/2025\/12\/Spa-privatif-10.png 332w, https:\/\/spavendome.fr\/wp-content\/uploads\/2025\/12\/Spa-privatif-10-280x300.png 280w, https:\/\/spavendome.fr\/wp-content\/uploads\/2025\/12\/Spa-privatif-10-11x12.png 11w, https:\/\/spavendome.fr\/wp-content\/uploads\/2025\/12\/Spa-privatif-10-56x60.png 56w\" sizes=\"(max-width: 332px) 100vw, 332px\" \/>\t\t\t\t\t\t\t\t<\/a>\n\t\t\t\t\t\t\t\t\t\t\t<figcaption class=\"widget-image-caption wp-caption-text\">DISCOVER<\/figcaption>\n\t\t\t\t\t\t\t\t\t\t<\/figure>\n\t\t\t\t\t\t\t\t\t<\/div>\n\t\t\t\t\t<\/div>\n\t\t\t\t<\/div>\n\t\t<div class=\"elementor-element elementor-element-214cd92 e-flex e-con-boxed e-con e-parent\" data-id=\"214cd92\" data-element_type=\"container\" data-e-type=\"container\">\n\t\t\t\t\t<div class=\"e-con-inner\">\n\t\t\t\t<div class=\"elementor-element elementor-element-1ff9a71 elementor-widget elementor-widget-shortcode\" data-id=\"1ff9a71\" data-element_type=\"widget\" data-e-type=\"widget\" data-widget_type=\"shortcode.default\">\n\t\t\t\t\t\t\t<div class=\"elementor-shortcode\"><div data-src=\"https:\/\/cdn.trustindex.io\/loader.js?99cb43f587b2891e85561ceab4d\"><\/div><\/div>\n\t\t\t\t\t\t<\/div>\n\t\t\t\t\t<\/div>\n\t\t\t\t<\/div>\n\t\t<div class=\"elementor-element elementor-element-ea071e4 e-flex e-con-boxed e-con e-parent\" data-id=\"ea071e4\" data-element_type=\"container\" data-e-type=\"container\">\n\t\t\t\t\t<div class=\"e-con-inner\">\n\t\t\t\t<div class=\"elementor-element elementor-element-7d8c638 elementor-widget elementor-widget-image\" data-id=\"7d8c638\" data-element_type=\"widget\" data-e-type=\"widget\" data-widget_type=\"image.default\">\n\t\t\t\t\t\t\t\t\t\t\t\t\t\t\t<img loading=\"lazy\" decoding=\"async\" width=\"1024\" height=\"576\" src=\"https:\/\/spavendome.fr\/wp-content\/uploads\/2025\/11\/6-1024x576.png\" class=\"attachment-large size-large wp-image-3661\" alt=\"\" srcset=\"https:\/\/spavendome.fr\/wp-content\/uploads\/2025\/11\/6-1024x576.png 1024w, https:\/\/spavendome.fr\/wp-content\/uploads\/2025\/11\/6-300x169.png 300w, https:\/\/spavendome.fr\/wp-content\/uploads\/2025\/11\/6-768x432.png 768w, https:\/\/spavendome.fr\/wp-content\/uploads\/2025\/11\/6-1536x864.png 1536w, https:\/\/spavendome.fr\/wp-content\/uploads\/2025\/11\/6-18x10.png 18w, https:\/\/spavendome.fr\/wp-content\/uploads\/2025\/11\/6-107x60.png 107w, https:\/\/spavendome.fr\/wp-content\/uploads\/2025\/11\/6-600x338.png 600w, https:\/\/spavendome.fr\/wp-content\/uploads\/2025\/11\/6.png 1920w\" sizes=\"(max-width: 1024px) 100vw, 1024px\" \/>\t\t\t\t\t\t\t\t\t\t\t\t\t\t\t<\/div>\n\t\t\t\t\t<\/div>\n\t\t\t\t<\/div>\n\t\t<div class=\"elementor-element elementor-element-ffb0402 e-grid e-con-boxed e-con e-parent\" data-id=\"ffb0402\" data-element_type=\"container\" data-e-type=\"container\">\n\t\t\t\t\t<div class=\"e-con-inner\">\n\t\t\t\t<div class=\"elementor-element elementor-element-97d204e elementor-widget elementor-widget-image\" data-id=\"97d204e\" data-element_type=\"widget\" data-e-type=\"widget\" data-widget_type=\"image.default\">\n\t\t\t\t\t\t\t\t\t\t\t\t\t\t\t<img loading=\"lazy\" decoding=\"async\" width=\"1536\" height=\"2048\" src=\"https:\/\/spavendome.fr\/wp-content\/uploads\/2025\/11\/image00005-scaled.jpeg\" class=\"attachment-full size-full wp-image-3671\" alt=\"\" srcset=\"https:\/\/spavendome.fr\/wp-content\/uploads\/2025\/11\/image00005-scaled.jpeg 1536w, https:\/\/spavendome.fr\/wp-content\/uploads\/2025\/11\/image00005-225x300.jpeg 225w, https:\/\/spavendome.fr\/wp-content\/uploads\/2025\/11\/image00005-768x1024.jpeg 768w, https:\/\/spavendome.fr\/wp-content\/uploads\/2025\/11\/image00005-1152x1536.jpeg 1152w, https:\/\/spavendome.fr\/wp-content\/uploads\/2025\/11\/image00005-9x12.jpeg 9w, https:\/\/spavendome.fr\/wp-content\/uploads\/2025\/11\/image00005-45x60.jpeg 45w, https:\/\/spavendome.fr\/wp-content\/uploads\/2025\/11\/image00005-600x800.jpeg 600w\" sizes=\"(max-width: 1536px) 100vw, 1536px\" \/>\t\t\t\t\t\t\t\t\t\t\t\t\t\t\t<\/div>\n\t\t\t\t<div class=\"elementor-element elementor-element-fbcebc5 elementor-widget elementor-widget-image\" data-id=\"fbcebc5\" data-element_type=\"widget\" data-e-type=\"widget\" data-widget_type=\"image.default\">\n\t\t\t\t\t\t\t\t\t\t\t\t\t\t\t<img decoding=\"async\" src=\"https:\/\/spavendome.fr\/wp-content\/uploads\/2025\/12\/IMG_7577-2.heic\" class=\"attachment-full size-full wp-image-3888\" alt=\"\" \/>\t\t\t\t\t\t\t\t\t\t\t\t\t\t\t<\/div>\n\t\t\t\t<div class=\"elementor-element elementor-element-60dcb3d elementor-widget elementor-widget-image\" data-id=\"60dcb3d\" data-element_type=\"widget\" data-e-type=\"widget\" data-widget_type=\"image.default\">\n\t\t\t\t\t\t\t\t\t\t\t\t\t\t\t<img decoding=\"async\" src=\"https:\/\/spavendome.fr\/wp-content\/uploads\/elementor\/thumbs\/IMG_3124-scaled-rfke2ig755sh4a4io1ynj7vptt08m190h1aev0dvr4.jpg\" title=\"Screenshot\" alt=\"Screenshot\" loading=\"lazy\" \/>\t\t\t\t\t\t\t\t\t\t\t\t\t\t\t<\/div>\n\t\t\t\t\t<\/div>\n\t\t\t\t<\/div>\n\t\t\t\t<\/div>","protected":false},"excerpt":{"rendered":"<p>Plus Qu\u2019un Spa : Une Parenth\u00e8se Enchant\u00e9e Un rituel de bien-\u00eatre immersif, con\u00e7u pour vous d\u00e9connecter totalement du quotidien. D\u00e9couvrir D\u00e9couvrir D\u00e9couvrir D\u00e9couvrir D\u00e9couvrir<\/p>","protected":false},"author":1,"featured_media":3660,"parent":0,"menu_order":0,"comment_status":"closed","ping_status":"closed","template":"","meta":{"_monsterinsights_skip_tracking":false,"_monsterinsights_sitenote_active":false,"_monsterinsights_sitenote_note":"","_monsterinsights_sitenote_category":0,"_joinchat":[],"footnotes":""},"class_list":["post-3658","page","type-page","status-publish","has-post-thumbnail","hentry","latest_post"],"jetpack_sharing_enabled":true,"_links":{"self":[{"href":"https:\/\/spavendome.fr\/en\/wp-json\/wp\/v2\/pages\/3658","targetHints":{"allow":["GET"]}}],"collection":[{"href":"https:\/\/spavendome.fr\/en\/wp-json\/wp\/v2\/pages"}],"about":[{"href":"https:\/\/spavendome.fr\/en\/wp-json\/wp\/v2\/types\/page"}],"author":[{"embeddable":true,"href":"https:\/\/spavendome.fr\/en\/wp-json\/wp\/v2\/users\/1"}],"replies":[{"embeddable":true,"href":"https:\/\/spavendome.fr\/en\/wp-json\/wp\/v2\/comments?post=3658"}],"version-history":[{"count":12,"href":"https:\/\/spavendome.fr\/en\/wp-json\/wp\/v2\/pages\/3658\/revisions"}],"predecessor-version":[{"id":3899,"href":"https:\/\/spavendome.fr\/en\/wp-json\/wp\/v2\/pages\/3658\/revisions\/3899"}],"wp:featuredmedia":[{"embeddable":true,"href":"https:\/\/spavendome.fr\/en\/wp-json\/wp\/v2\/media\/3660"}],"wp:attachment":[{"href":"https:\/\/spavendome.fr\/en\/wp-json\/wp\/v2\/media?parent=3658"}],"curies":[{"name":"wp","href":"https:\/\/api.w.org\/{rel}","templated":true}]}}