{"id":3635,"date":"2025-11-29T18:02:35","date_gmt":"2025-11-29T17:02:35","guid":{"rendered":"https:\/\/lesecretvendome.fr\/?page_id=3635"},"modified":"2025-12-03T11:12:57","modified_gmt":"2025-12-03T10:12:57","slug":"elementor-3635","status":"publish","type":"page","link":"https:\/\/spavendome.fr\/en\/elementor-3635\/","title":{"rendered":"Page beaut\u00e9 du regard"},"content":{"rendered":"<div data-elementor-type=\"wp-post\" data-elementor-id=\"3635\" class=\"elementor elementor-3635\">\n\t\t\t\t<div class=\"elementor-element elementor-element-c125d16 e-transform e-flex e-con-boxed e-con e-parent\" data-id=\"c125d16\" data-element_type=\"container\" data-e-type=\"container\" data-settings=\"{&quot;background_background&quot;:&quot;classic&quot;,&quot;_transform_scale_effect&quot;:{&quot;unit&quot;:&quot;px&quot;,&quot;size&quot;:1.1999999999999999555910790149937383830547332763671875,&quot;sizes&quot;:[]},&quot;_transform_scale_effect_tablet&quot;:{&quot;unit&quot;:&quot;px&quot;,&quot;size&quot;:&quot;&quot;,&quot;sizes&quot;:[]},&quot;_transform_scale_effect_mobile&quot;:{&quot;unit&quot;:&quot;px&quot;,&quot;size&quot;:&quot;&quot;,&quot;sizes&quot;:[]}}\">\n\t\t\t\t\t<div class=\"e-con-inner\">\n\t\t\t\t<div class=\"elementor-element elementor-element-6705fab elementor-absolute elementor-widget elementor-widget-heading\" data-id=\"6705fab\" data-element_type=\"widget\" data-e-type=\"widget\" data-settings=\"{&quot;_position&quot;:&quot;absolute&quot;}\" data-widget_type=\"heading.default\">\n\t\t\t\t\t<h6 class=\"elementor-heading-title elementor-size-default\">Sourcils parfaits, regard lift\u00e9, r\u00e9sultat naturel\u2026 r\u00e9v\u00e9lez la plus belle version de vous-m\u00eame.<\/h6>\t\t\t\t<\/div>\n\t\t\t\t<div class=\"elementor-element elementor-element-1824398 elementor-absolute elementor-widget elementor-widget-heading\" data-id=\"1824398\" data-element_type=\"widget\" data-e-type=\"widget\" data-settings=\"{&quot;_position&quot;:&quot;absolute&quot;}\" data-widget_type=\"heading.default\">\n\t\t\t\t\t<h2 class=\"elementor-heading-title elementor-size-default\">Votre Regard, Notre Signature<\/h2>\t\t\t\t<\/div>\n\t\t\t\t<div class=\"elementor-element elementor-element-74b1168 elementor-align-justify elementor-widget__width-auto elementor-widget elementor-widget-button\" data-id=\"74b1168\" data-element_type=\"widget\" data-e-type=\"widget\" data-widget_type=\"button.default\">\n\t\t\t\t\t\t\t\t\t\t<a class=\"elementor-button elementor-button-link elementor-size-sm\" href=\"#\">\n\t\t\t\t\t\t<span class=\"elementor-button-content-wrapper\">\n\t\t\t\t\t\t\t\t\t<span class=\"elementor-button-text\">R\u00c9SERVER CE SOIN<\/span>\n\t\t\t\t\t<\/span>\n\t\t\t\t\t<\/a>\n\t\t\t\t\t\t\t\t<\/div>\n\t\t\t\t\t<\/div>\n\t\t\t\t<\/div>\n\t\t<div class=\"elementor-element elementor-element-3fc25f8 e-flex e-con-boxed e-con e-parent\" data-id=\"3fc25f8\" data-element_type=\"container\" data-e-type=\"container\">\n\t\t\t\t\t<div class=\"e-con-inner\">\n\t\t\t\t\t<\/div>\n\t\t\t\t<\/div>\n\t\t<div class=\"elementor-element elementor-element-17a59e5 e-flex e-con-boxed e-con e-parent\" data-id=\"17a59e5\" data-element_type=\"container\" data-e-type=\"container\">\n\t\t\t\t\t<div class=\"e-con-inner\">\n\t\t\t\t\t<\/div>\n\t\t\t\t<\/div>\n\t\t<div class=\"elementor-element elementor-element-7d6c722 e-flex e-con-boxed e-con e-parent\" data-id=\"7d6c722\" data-element_type=\"container\" data-e-type=\"container\">\n\t\t\t\t\t<div class=\"e-con-inner\">\n\t\t\t\t\t<\/div>\n\t\t\t\t<\/div>\n\t\t<div class=\"elementor-element elementor-element-955ce7c e-grid e-con-boxed e-con e-parent\" data-id=\"955ce7c\" data-element_type=\"container\" data-e-type=\"container\">\n\t\t\t\t\t<div class=\"e-con-inner\">\n\t\t\t\t<div class=\"elementor-element elementor-element-3a4425b elementor-widget elementor-widget-image\" data-id=\"3a4425b\" data-element_type=\"widget\" data-e-type=\"widget\" data-widget_type=\"image.default\">\n\t\t\t\t\t\t\t\t\t\t\t\t<figure class=\"wp-caption\">\n\t\t\t\t\t\t\t\t\t\t\t<a href=\"https:\/\/spavendome.fr\/en\/boutique\/beaute-bien-etre\/epilation-epilation\/?_gl=1*1oyftvc*_up*MQ..*_ga*Mjc0NjU2MDQwLjE3NjQxNzc5NDI.*_ga_WS9PQJ5F24*czE3NjQyNDQ4NDIkbzIkZzAkdDE3NjQyNDQ4NDIkajYwJGwwJGgzODI5Nzc4NDQ.\">\n\t\t\t\t\t\t\t<img fetchpriority=\"high\" decoding=\"async\" width=\"332\" height=\"368\" src=\"https:\/\/spavendome.fr\/wp-content\/uploads\/2025\/12\/Beaute-du-regard-9.png\" class=\"attachment-large size-large wp-image-3865\" alt=\"\" srcset=\"https:\/\/spavendome.fr\/wp-content\/uploads\/2025\/12\/Beaute-du-regard-9.png 332w, https:\/\/spavendome.fr\/wp-content\/uploads\/2025\/12\/Beaute-du-regard-9-271x300.png 271w, https:\/\/spavendome.fr\/wp-content\/uploads\/2025\/12\/Beaute-du-regard-9-11x12.png 11w, https:\/\/spavendome.fr\/wp-content\/uploads\/2025\/12\/Beaute-du-regard-9-54x60.png 54w, https:\/\/spavendome.fr\/wp-content\/uploads\/2025\/12\/Beaute-du-regard-9-270x300.png 270w\" sizes=\"(max-width: 332px) 100vw, 332px\" \/>\t\t\t\t\t\t\t\t<\/a>\n\t\t\t\t\t\t\t\t\t\t\t<figcaption class=\"widget-image-caption wp-caption-text\">DISCOVER<\/figcaption>\n\t\t\t\t\t\t\t\t\t\t<\/figure>\n\t\t\t\t\t\t\t\t\t<\/div>\n\t\t\t\t<div class=\"elementor-element elementor-element-355c91b elementor-widget elementor-widget-image\" data-id=\"355c91b\" data-element_type=\"widget\" data-e-type=\"widget\" data-widget_type=\"image.default\">\n\t\t\t\t\t\t\t\t\t\t\t\t<figure class=\"wp-caption\">\n\t\t\t\t\t\t\t\t\t\t\t<a href=\"https:\/\/spavendome.fr\/en\/boutique\/beaute-bien-etre\/epilation-epilation\/?_gl=1*1oyftvc*_up*MQ..*_ga*Mjc0NjU2MDQwLjE3NjQxNzc5NDI.*_ga_WS9PQJ5F24*czE3NjQyNDQ4NDIkbzIkZzAkdDE3NjQyNDQ4NDIkajYwJGwwJGgzODI5Nzc4NDQ.\">\n\t\t\t\t\t\t\t<img decoding=\"async\" width=\"333\" height=\"368\" src=\"https:\/\/spavendome.fr\/wp-content\/uploads\/2025\/12\/Beaute-du-regard-10.png\" class=\"attachment-large size-large wp-image-3866\" alt=\"\" srcset=\"https:\/\/spavendome.fr\/wp-content\/uploads\/2025\/12\/Beaute-du-regard-10.png 333w, https:\/\/spavendome.fr\/wp-content\/uploads\/2025\/12\/Beaute-du-regard-10-271x300.png 271w, https:\/\/spavendome.fr\/wp-content\/uploads\/2025\/12\/Beaute-du-regard-10-11x12.png 11w, https:\/\/spavendome.fr\/wp-content\/uploads\/2025\/12\/Beaute-du-regard-10-54x60.png 54w\" sizes=\"(max-width: 333px) 100vw, 333px\" \/>\t\t\t\t\t\t\t\t<\/a>\n\t\t\t\t\t\t\t\t\t\t\t<figcaption class=\"widget-image-caption wp-caption-text\">DISCOVER<\/figcaption>\n\t\t\t\t\t\t\t\t\t\t<\/figure>\n\t\t\t\t\t\t\t\t\t<\/div>\n\t\t\t\t<div class=\"elementor-element elementor-element-dc49a9e elementor-widget elementor-widget-image\" data-id=\"dc49a9e\" data-element_type=\"widget\" data-e-type=\"widget\" data-widget_type=\"image.default\">\n\t\t\t\t\t\t\t\t\t\t\t\t<figure class=\"wp-caption\">\n\t\t\t\t\t\t\t\t\t\t\t<a href=\"https:\/\/spavendome.fr\/en\/boutique\/beaute-bien-etre\/soins-corps\/?_gl=1*u4r797*_up*MQ..*_ga*Mjc0NjU2MDQwLjE3NjQxNzc5NDI.*_ga_WS9PQJ5F24*czE3NjQyNDQ4NDIkbzIkZzAkdDE3NjQyNDQ4NDIkajYwJGwwJGgzODI5Nzc4NDQ.\">\n\t\t\t\t\t\t\t<img decoding=\"async\" width=\"333\" height=\"368\" src=\"https:\/\/spavendome.fr\/wp-content\/uploads\/2025\/12\/Beaute-du-regard-11.png\" class=\"attachment-large size-large wp-image-3867\" alt=\"\" srcset=\"https:\/\/spavendome.fr\/wp-content\/uploads\/2025\/12\/Beaute-du-regard-11.png 333w, https:\/\/spavendome.fr\/wp-content\/uploads\/2025\/12\/Beaute-du-regard-11-271x300.png 271w, https:\/\/spavendome.fr\/wp-content\/uploads\/2025\/12\/Beaute-du-regard-11-11x12.png 11w, https:\/\/spavendome.fr\/wp-content\/uploads\/2025\/12\/Beaute-du-regard-11-54x60.png 54w\" sizes=\"(max-width: 333px) 100vw, 333px\" \/>\t\t\t\t\t\t\t\t<\/a>\n\t\t\t\t\t\t\t\t\t\t\t<figcaption class=\"widget-image-caption wp-caption-text\">DISCOVER<\/figcaption>\n\t\t\t\t\t\t\t\t\t\t<\/figure>\n\t\t\t\t\t\t\t\t\t<\/div>\n\t\t\t\t\t<\/div>\n\t\t\t\t<\/div>\n\t\t<div class=\"elementor-element elementor-element-a2f6124 e-grid e-con-boxed e-con e-parent\" data-id=\"a2f6124\" data-element_type=\"container\" data-e-type=\"container\">\n\t\t\t\t\t<div class=\"e-con-inner\">\n\t\t\t\t<div class=\"elementor-element elementor-element-4065e30 elementor-widget elementor-widget-image\" data-id=\"4065e30\" data-element_type=\"widget\" data-e-type=\"widget\" data-widget_type=\"image.default\">\n\t\t\t\t\t\t\t\t\t\t\t\t<figure class=\"wp-caption\">\n\t\t\t\t\t\t\t\t\t\t\t<a href=\"https:\/\/spavendome.fr\/en\/boutique\/beaute-bien-etre\/onglerie\/?_gl=1*uodozj*_up*MQ..*_ga*Mjc0NjU2MDQwLjE3NjQxNzc5NDI.*_ga_WS9PQJ5F24*czE3NjQyNDQ4NDIkbzIkZzAkdDE3NjQyNDQ4NDIkajYwJGwwJGgzODI5Nzc4NDQ.\">\n\t\t\t\t\t\t\t<img loading=\"lazy\" decoding=\"async\" width=\"332\" height=\"371\" src=\"https:\/\/spavendome.fr\/wp-content\/uploads\/2025\/12\/Beaute-du-regard-12.png\" class=\"attachment-large size-large wp-image-3868\" alt=\"\" srcset=\"https:\/\/spavendome.fr\/wp-content\/uploads\/2025\/12\/Beaute-du-regard-12.png 332w, https:\/\/spavendome.fr\/wp-content\/uploads\/2025\/12\/Beaute-du-regard-12-268x300.png 268w, https:\/\/spavendome.fr\/wp-content\/uploads\/2025\/12\/Beaute-du-regard-12-11x12.png 11w, https:\/\/spavendome.fr\/wp-content\/uploads\/2025\/12\/Beaute-du-regard-12-54x60.png 54w\" sizes=\"(max-width: 332px) 100vw, 332px\" \/>\t\t\t\t\t\t\t\t<\/a>\n\t\t\t\t\t\t\t\t\t\t\t<figcaption class=\"widget-image-caption wp-caption-text\">DISCOVER<\/figcaption>\n\t\t\t\t\t\t\t\t\t\t<\/figure>\n\t\t\t\t\t\t\t\t\t<\/div>\n\t\t\t\t<div class=\"elementor-element elementor-element-0d8551e elementor-widget elementor-widget-image\" data-id=\"0d8551e\" data-element_type=\"widget\" data-e-type=\"widget\" data-widget_type=\"image.default\">\n\t\t\t\t\t\t\t\t\t\t\t\t<figure class=\"wp-caption\">\n\t\t\t\t\t\t\t\t\t\t\t<a href=\"https:\/\/spavendome.fr\/en\/boutique\/beaute-bien-etre\/beaute-du-regard\/?_gl=1*uodozj*_up*MQ..*_ga*Mjc0NjU2MDQwLjE3NjQxNzc5NDI.*_ga_WS9PQJ5F24*czE3NjQyNDQ4NDIkbzIkZzAkdDE3NjQyNDQ4NDIkajYwJGwwJGgzODI5Nzc4NDQ.\">\n\t\t\t\t\t\t\t<img loading=\"lazy\" decoding=\"async\" width=\"333\" height=\"371\" src=\"https:\/\/spavendome.fr\/wp-content\/uploads\/2025\/12\/Beaute-du-regard-13.png\" class=\"attachment-large size-large wp-image-3869\" alt=\"\" srcset=\"https:\/\/spavendome.fr\/wp-content\/uploads\/2025\/12\/Beaute-du-regard-13.png 333w, https:\/\/spavendome.fr\/wp-content\/uploads\/2025\/12\/Beaute-du-regard-13-269x300.png 269w, https:\/\/spavendome.fr\/wp-content\/uploads\/2025\/12\/Beaute-du-regard-13-11x12.png 11w, https:\/\/spavendome.fr\/wp-content\/uploads\/2025\/12\/Beaute-du-regard-13-54x60.png 54w, https:\/\/spavendome.fr\/wp-content\/uploads\/2025\/12\/Beaute-du-regard-13-270x300.png 270w\" sizes=\"(max-width: 333px) 100vw, 333px\" \/>\t\t\t\t\t\t\t\t<\/a>\n\t\t\t\t\t\t\t\t\t\t\t<figcaption class=\"widget-image-caption wp-caption-text\">DISCOVER<\/figcaption>\n\t\t\t\t\t\t\t\t\t\t<\/figure>\n\t\t\t\t\t\t\t\t\t<\/div>\n\t\t\t\t<div class=\"elementor-element elementor-element-09c3c32 elementor-widget elementor-widget-image\" data-id=\"09c3c32\" data-element_type=\"widget\" data-e-type=\"widget\" data-widget_type=\"image.default\">\n\t\t\t\t\t\t\t\t\t\t\t\t<figure class=\"wp-caption\">\n\t\t\t\t\t\t\t\t\t\t\t<a href=\"https:\/\/spavendome.fr\/en\/boutique\/beaute-bien-etre\/head-spa\/?_gl=1*1oeqcl8*_up*MQ..*_ga*Mjc0NjU2MDQwLjE3NjQxNzc5NDI.*_ga_WS9PQJ5F24*czE3NjQyNDQ4NDIkbzIkZzAkdDE3NjQyNDQ4NDIkajYwJGwwJGgzODI5Nzc4NDQ.\">\n\t\t\t\t\t\t\t<img loading=\"lazy\" decoding=\"async\" width=\"333\" height=\"371\" src=\"https:\/\/spavendome.fr\/wp-content\/uploads\/2025\/12\/Beaute-du-regard-14.png\" class=\"attachment-large size-large wp-image-3870\" alt=\"\" srcset=\"https:\/\/spavendome.fr\/wp-content\/uploads\/2025\/12\/Beaute-du-regard-14.png 333w, https:\/\/spavendome.fr\/wp-content\/uploads\/2025\/12\/Beaute-du-regard-14-269x300.png 269w, https:\/\/spavendome.fr\/wp-content\/uploads\/2025\/12\/Beaute-du-regard-14-11x12.png 11w, https:\/\/spavendome.fr\/wp-content\/uploads\/2025\/12\/Beaute-du-regard-14-54x60.png 54w, https:\/\/spavendome.fr\/wp-content\/uploads\/2025\/12\/Beaute-du-regard-14-270x300.png 270w\" sizes=\"(max-width: 333px) 100vw, 333px\" \/>\t\t\t\t\t\t\t\t<\/a>\n\t\t\t\t\t\t\t\t\t\t\t<figcaption class=\"widget-image-caption wp-caption-text\">DISCOVER<\/figcaption>\n\t\t\t\t\t\t\t\t\t\t<\/figure>\n\t\t\t\t\t\t\t\t\t<\/div>\n\t\t\t\t\t<\/div>\n\t\t\t\t<\/div>\n\t\t<div class=\"elementor-element elementor-element-4f5a260 e-grid e-con-boxed e-con e-parent\" data-id=\"4f5a260\" data-element_type=\"container\" data-e-type=\"container\">\n\t\t\t\t\t<div class=\"e-con-inner\">\n\t\t\t\t<div class=\"elementor-element elementor-element-8c0644e elementor-widget elementor-widget-image\" data-id=\"8c0644e\" data-element_type=\"widget\" data-e-type=\"widget\" data-widget_type=\"image.default\">\n\t\t\t\t\t\t\t\t\t\t\t\t<figure class=\"wp-caption\">\n\t\t\t\t\t\t\t\t\t\t\t<a href=\"https:\/\/spavendome.fr\/en\/boutique\/beaute-bien-etre\/maquillage\/?_gl=1*1oeqcl8*_up*MQ..*_ga*Mjc0NjU2MDQwLjE3NjQxNzc5NDI.*_ga_WS9PQJ5F24*czE3NjQyNDQ4NDIkbzIkZzAkdDE3NjQyNDQ4NDIkajYwJGwwJGgzODI5Nzc4NDQ.\">\n\t\t\t\t\t\t\t<img loading=\"lazy\" decoding=\"async\" width=\"333\" height=\"369\" src=\"https:\/\/spavendome.fr\/wp-content\/uploads\/2025\/12\/Beaute-du-regard-15.png\" class=\"attachment-large size-large wp-image-3871\" alt=\"\" srcset=\"https:\/\/spavendome.fr\/wp-content\/uploads\/2025\/12\/Beaute-du-regard-15.png 333w, https:\/\/spavendome.fr\/wp-content\/uploads\/2025\/12\/Beaute-du-regard-15-271x300.png 271w, https:\/\/spavendome.fr\/wp-content\/uploads\/2025\/12\/Beaute-du-regard-15-11x12.png 11w, https:\/\/spavendome.fr\/wp-content\/uploads\/2025\/12\/Beaute-du-regard-15-54x60.png 54w, https:\/\/spavendome.fr\/wp-content\/uploads\/2025\/12\/Beaute-du-regard-15-270x300.png 270w\" sizes=\"(max-width: 333px) 100vw, 333px\" \/>\t\t\t\t\t\t\t\t<\/a>\n\t\t\t\t\t\t\t\t\t\t\t<figcaption class=\"widget-image-caption wp-caption-text\">DISCOVER<\/figcaption>\n\t\t\t\t\t\t\t\t\t\t<\/figure>\n\t\t\t\t\t\t\t\t\t<\/div>\n\t\t\t\t<div class=\"elementor-element elementor-element-461569d elementor-widget elementor-widget-image\" data-id=\"461569d\" data-element_type=\"widget\" data-e-type=\"widget\" data-widget_type=\"image.default\">\n\t\t\t\t\t\t\t\t\t\t\t\t<figure class=\"wp-caption\">\n\t\t\t\t\t\t\t\t\t\t\t<a href=\"https:\/\/spavendome.fr\/en\/boutique\/beaute-bien-etre\/blanchiment-dentaire\/?_gl=1*tjvr5j*_up*MQ..*_ga*Mjc0NjU2MDQwLjE3NjQxNzc5NDI.*_ga_WS9PQJ5F24*czE3NjQyNDQ4NDIkbzIkZzAkdDE3NjQyNDQ4NDIkajYwJGwwJGgzODI5Nzc4NDQ.\">\n\t\t\t\t\t\t\t<img loading=\"lazy\" decoding=\"async\" width=\"333\" height=\"378\" src=\"https:\/\/spavendome.fr\/wp-content\/uploads\/2025\/12\/Beaute-du-regard-16.png\" class=\"attachment-large size-large wp-image-3872\" alt=\"\" srcset=\"https:\/\/spavendome.fr\/wp-content\/uploads\/2025\/12\/Beaute-du-regard-16.png 333w, https:\/\/spavendome.fr\/wp-content\/uploads\/2025\/12\/Beaute-du-regard-16-264x300.png 264w, https:\/\/spavendome.fr\/wp-content\/uploads\/2025\/12\/Beaute-du-regard-16-11x12.png 11w, https:\/\/spavendome.fr\/wp-content\/uploads\/2025\/12\/Beaute-du-regard-16-53x60.png 53w\" sizes=\"(max-width: 333px) 100vw, 333px\" \/>\t\t\t\t\t\t\t\t<\/a>\n\t\t\t\t\t\t\t\t\t\t\t<figcaption class=\"widget-image-caption wp-caption-text\">DISCOVER<\/figcaption>\n\t\t\t\t\t\t\t\t\t\t<\/figure>\n\t\t\t\t\t\t\t\t\t<\/div>\n\t\t\t\t\t<\/div>\n\t\t\t\t<\/div>\n\t\t<div class=\"elementor-element elementor-element-3bb80f2 e-flex e-con-boxed e-con e-parent\" data-id=\"3bb80f2\" data-element_type=\"container\" data-e-type=\"container\">\n\t\t\t\t\t<div class=\"e-con-inner\">\n\t\t\t\t<div class=\"elementor-element elementor-element-f3135aa elementor-widget elementor-widget-shortcode\" data-id=\"f3135aa\" data-element_type=\"widget\" data-e-type=\"widget\" data-widget_type=\"shortcode.default\">\n\t\t\t\t\t\t\t<div class=\"elementor-shortcode\"><div data-src=\"https:\/\/cdn.trustindex.io\/loader.js?99cb43f587b2891e85561ceab4d\"><\/div><\/div>\n\t\t\t\t\t\t<\/div>\n\t\t\t\t\t<\/div>\n\t\t\t\t<\/div>\n\t\t<div class=\"elementor-element elementor-element-663e8b8 e-flex e-con-boxed e-con e-parent\" data-id=\"663e8b8\" data-element_type=\"container\" data-e-type=\"container\">\n\t\t\t\t\t<div class=\"e-con-inner\">\n\t\t\t\t<div class=\"elementor-element elementor-element-301d5af elementor-widget elementor-widget-image\" data-id=\"301d5af\" data-element_type=\"widget\" data-e-type=\"widget\" data-widget_type=\"image.default\">\n\t\t\t\t\t\t\t\t\t\t\t\t\t\t\t<img loading=\"lazy\" decoding=\"async\" width=\"1024\" height=\"576\" src=\"https:\/\/spavendome.fr\/wp-content\/uploads\/2025\/12\/4-1024x576.jpg\" class=\"attachment-large size-large wp-image-3905\" alt=\"\" srcset=\"https:\/\/spavendome.fr\/wp-content\/uploads\/2025\/12\/4-1024x576.jpg 1024w, https:\/\/spavendome.fr\/wp-content\/uploads\/2025\/12\/4-300x169.jpg 300w, https:\/\/spavendome.fr\/wp-content\/uploads\/2025\/12\/4-768x432.jpg 768w, https:\/\/spavendome.fr\/wp-content\/uploads\/2025\/12\/4-1536x864.jpg 1536w, https:\/\/spavendome.fr\/wp-content\/uploads\/2025\/12\/4-18x10.jpg 18w, https:\/\/spavendome.fr\/wp-content\/uploads\/2025\/12\/4-107x60.jpg 107w, https:\/\/spavendome.fr\/wp-content\/uploads\/2025\/12\/4-600x338.jpg 600w, https:\/\/spavendome.fr\/wp-content\/uploads\/2025\/12\/4.jpg 1920w\" sizes=\"(max-width: 1024px) 100vw, 1024px\" \/>\t\t\t\t\t\t\t\t\t\t\t\t\t\t\t<\/div>\n\t\t\t\t\t<\/div>\n\t\t\t\t<\/div>\n\t\t<div class=\"elementor-element elementor-element-cfe8a03 e-grid e-con-boxed e-con e-parent\" data-id=\"cfe8a03\" data-element_type=\"container\" data-e-type=\"container\">\n\t\t\t\t\t<div class=\"e-con-inner\">\n\t\t\t\t<div class=\"elementor-element elementor-element-54be0fe elementor-widget elementor-widget-image\" data-id=\"54be0fe\" data-element_type=\"widget\" data-e-type=\"widget\" data-widget_type=\"image.default\">\n\t\t\t\t\t\t\t\t\t\t\t\t\t\t\t<img loading=\"lazy\" decoding=\"async\" width=\"768\" height=\"1024\" src=\"https:\/\/spavendome.fr\/wp-content\/uploads\/2025\/11\/image00002-768x1024.jpeg\" class=\"attachment-large size-large wp-image-3668\" alt=\"\" srcset=\"https:\/\/spavendome.fr\/wp-content\/uploads\/2025\/11\/image00002-768x1024.jpeg 768w, https:\/\/spavendome.fr\/wp-content\/uploads\/2025\/11\/image00002-225x300.jpeg 225w, https:\/\/spavendome.fr\/wp-content\/uploads\/2025\/11\/image00002-1152x1536.jpeg 1152w, https:\/\/spavendome.fr\/wp-content\/uploads\/2025\/11\/image00002-scaled.jpeg 1536w, https:\/\/spavendome.fr\/wp-content\/uploads\/2025\/11\/image00002-9x12.jpeg 9w, https:\/\/spavendome.fr\/wp-content\/uploads\/2025\/11\/image00002-45x60.jpeg 45w, https:\/\/spavendome.fr\/wp-content\/uploads\/2025\/11\/image00002-600x800.jpeg 600w\" sizes=\"(max-width: 768px) 100vw, 768px\" \/>\t\t\t\t\t\t\t\t\t\t\t\t\t\t\t<\/div>\n\t\t\t\t<div class=\"elementor-element elementor-element-ec24b59 elementor-widget elementor-widget-image\" data-id=\"ec24b59\" data-element_type=\"widget\" data-e-type=\"widget\" data-widget_type=\"image.default\">\n\t\t\t\t\t\t\t\t\t\t\t\t\t\t\t<img decoding=\"async\" src=\"https:\/\/spavendome.fr\/wp-content\/uploads\/2025\/11\/IMG_7595.heic\" class=\"attachment-full size-full wp-image-3615\" alt=\"\" \/>\t\t\t\t\t\t\t\t\t\t\t\t\t\t\t<\/div>\n\t\t\t\t<div class=\"elementor-element elementor-element-2ba386a elementor-widget elementor-widget-image\" data-id=\"2ba386a\" data-element_type=\"widget\" data-e-type=\"widget\" data-widget_type=\"image.default\">\n\t\t\t\t\t\t\t\t\t\t\t\t\t\t\t<img decoding=\"async\" src=\"https:\/\/spavendome.fr\/wp-content\/uploads\/elementor\/thumbs\/IMG_2751-scaled-e1764154272977-rf9rnokomvr2ooy7ggfg505a42upwg3fb56lbtnqps.png\" title=\"IMG_2751\" alt=\"IMG_2751\" loading=\"lazy\" \/>\t\t\t\t\t\t\t\t\t\t\t\t\t\t\t<\/div>\n\t\t\t\t\t<\/div>\n\t\t\t\t<\/div>\n\t\t<div class=\"elementor-element elementor-element-4e0289a e-flex e-con-boxed e-con e-parent\" data-id=\"4e0289a\" data-element_type=\"container\" data-e-type=\"container\">\n\t\t\t\t\t<div class=\"e-con-inner\">\n\t\t\t\t\t<\/div>\n\t\t\t\t<\/div>\n\t\t\t\t<\/div>","protected":false},"excerpt":{"rendered":"<p>Sourcils parfaits, regard lift\u00e9, r\u00e9sultat naturel\u2026 r\u00e9v\u00e9lez la plus belle version de vous-m\u00eame. Votre Regard, Notre Signature R\u00c9SERVER CE SOIN D\u00c9COUVRIR D\u00c9COUVRIR D\u00c9COUVRIR D\u00c9COUVRIR D\u00c9COUVRIR D\u00c9COUVRIR D\u00c9COUVRIR D\u00c9COUVRIR<\/p>","protected":false},"author":1,"featured_media":3637,"parent":0,"menu_order":0,"comment_status":"closed","ping_status":"closed","template":"","meta":{"_monsterinsights_skip_tracking":false,"_monsterinsights_sitenote_active":false,"_monsterinsights_sitenote_note":"","_monsterinsights_sitenote_category":0,"_joinchat":[],"footnotes":""},"class_list":["post-3635","page","type-page","status-publish","has-post-thumbnail","hentry","latest_post"],"jetpack_sharing_enabled":true,"_links":{"self":[{"href":"https:\/\/spavendome.fr\/en\/wp-json\/wp\/v2\/pages\/3635","targetHints":{"allow":["GET"]}}],"collection":[{"href":"https:\/\/spavendome.fr\/en\/wp-json\/wp\/v2\/pages"}],"about":[{"href":"https:\/\/spavendome.fr\/en\/wp-json\/wp\/v2\/types\/page"}],"author":[{"embeddable":true,"href":"https:\/\/spavendome.fr\/en\/wp-json\/wp\/v2\/users\/1"}],"replies":[{"embeddable":true,"href":"https:\/\/spavendome.fr\/en\/wp-json\/wp\/v2\/comments?post=3635"}],"version-history":[{"count":25,"href":"https:\/\/spavendome.fr\/en\/wp-json\/wp\/v2\/pages\/3635\/revisions"}],"predecessor-version":[{"id":3927,"href":"https:\/\/spavendome.fr\/en\/wp-json\/wp\/v2\/pages\/3635\/revisions\/3927"}],"wp:featuredmedia":[{"embeddable":true,"href":"https:\/\/spavendome.fr\/en\/wp-json\/wp\/v2\/media\/3637"}],"wp:attachment":[{"href":"https:\/\/spavendome.fr\/en\/wp-json\/wp\/v2\/media?parent=3635"}],"curies":[{"name":"wp","href":"https:\/\/api.w.org\/{rel}","templated":true}]}}