{"id":2439,"date":"2025-10-13T12:57:39","date_gmt":"2025-10-13T12:57:39","guid":{"rendered":"https:\/\/lesecretvendome.fr\/?page_id=2439"},"modified":"2025-10-13T13:05:37","modified_gmt":"2025-10-13T13:05:37","slug":"signatures-corps","status":"publish","type":"page","link":"https:\/\/spavendome.fr\/en\/signatures-corps\/","title":{"rendered":"BODY SIGNATURES"},"content":{"rendered":"<div data-elementor-type=\"wp-page\" data-elementor-id=\"2439\" class=\"elementor elementor-2439\">\n\t\t\t\t<div class=\"elementor-element elementor-element-68e28eb e-flex e-con-boxed e-con e-parent\" data-id=\"68e28eb\" data-element_type=\"container\" data-e-type=\"container\">\n\t\t\t\t\t<div class=\"e-con-inner\">\n\t\t\t\t<div class=\"elementor-element elementor-element-fb30979 elementor-widget elementor-widget-text-editor\" data-id=\"fb30979\" data-element_type=\"widget\" data-e-type=\"widget\" data-widget_type=\"text-editor.default\">\n\t\t\t\t\t\t\t\t\t<p data-start=\"75\" data-end=\"413\">Plongez dans l\u2019art du bien-\u00eatre \u00e0 la parisienne avec nos Soins Signatures Corps. Inspir\u00e9s par l\u2019\u00e9l\u00e9gance et le raffinement de la capitale, ces rituels sur mesure allient techniques expertes, textures sensorielles et bienfaits cibl\u00e9s pour d\u00e9tendre, sublimer et revitaliser votre corps, tout en \u00e9veillant vos sens \u00e0 une exp\u00e9rience unique.<\/p>\t\t\t\t\t\t\t\t<\/div>\n\t\t\t\t\t<\/div>\n\t\t\t\t<\/div>\n\t\t<div class=\"elementor-element elementor-element-0c25865 e-flex e-con-boxed e-con e-parent\" data-id=\"0c25865\" data-element_type=\"container\" data-e-type=\"container\">\n\t\t\t\t\t<div class=\"e-con-inner\">\n\t\t\t\t<div class=\"elementor-element elementor-element-9ca4871 elementor-widget elementor-widget-image\" data-id=\"9ca4871\" data-element_type=\"widget\" data-e-type=\"widget\" data-widget_type=\"image.default\">\n\t\t\t\t\t\t\t\t\t\t\t\t\t\t\t<img decoding=\"async\" src=\"https:\/\/spavendome.fr\/wp-content\/uploads\/elementor\/thumbs\/6-1-1-rd8qfdqmeamiziykxeveg2lkzc4q9efetkptxgz980.jpg\" title=\"6 (1)\" alt=\"6 (1)\" loading=\"lazy\" \/>\t\t\t\t\t\t\t\t\t\t\t\t\t\t\t<\/div>\n\t\t\t\t\t<\/div>\n\t\t\t\t<\/div>\n\t\t<div class=\"elementor-element elementor-element-528e39b e-flex e-con-boxed e-con e-parent\" data-id=\"528e39b\" data-element_type=\"container\" data-e-type=\"container\">\n\t\t\t\t\t<div class=\"e-con-inner\">\n\t\t\t\t<div class=\"elementor-element elementor-element-44fcece elementor-align-justify elementor-widget__width-auto elementor-widget elementor-widget-button\" data-id=\"44fcece\" data-element_type=\"widget\" data-e-type=\"widget\" data-widget_type=\"button.default\">\n\t\t\t\t\t\t\t\t\t\t<a class=\"elementor-button elementor-button-link elementor-size-sm\" href=\"https:\/\/spavendome.fr\/en\/boutique\/beaute-bien-etre\/soins-corps\/signatures-soins-corps\/\" target=\"_blank\" rel=\"nofollow\">\n\t\t\t\t\t\t<span class=\"elementor-button-content-wrapper\">\n\t\t\t\t\t\t\t\t\t<span class=\"elementor-button-text\">CHOISISSEZ VOTRE SOIN<\/span>\n\t\t\t\t\t<\/span>\n\t\t\t\t\t<\/a>\n\t\t\t\t\t\t\t\t<\/div>\n\t\t\t\t\t<\/div>\n\t\t\t\t<\/div>\n\t\t\t\t<\/div>","protected":false},"excerpt":{"rendered":"<p>Plongez dans l\u2019art du bien-\u00eatre \u00e0 la parisienne avec nos Soins Signatures Corps. Inspir\u00e9s par l\u2019\u00e9l\u00e9gance et le raffinement de la capitale, ces rituels sur mesure allient techniques expertes, textures &hellip; <\/p>","protected":false},"author":1,"featured_media":1583,"parent":0,"menu_order":0,"comment_status":"closed","ping_status":"closed","template":"","meta":{"_monsterinsights_skip_tracking":false,"_monsterinsights_sitenote_active":false,"_monsterinsights_sitenote_note":"","_monsterinsights_sitenote_category":0,"_joinchat":[],"footnotes":""},"class_list":["post-2439","page","type-page","status-publish","has-post-thumbnail","hentry","latest_post"],"jetpack_sharing_enabled":true,"_links":{"self":[{"href":"https:\/\/spavendome.fr\/en\/wp-json\/wp\/v2\/pages\/2439","targetHints":{"allow":["GET"]}}],"collection":[{"href":"https:\/\/spavendome.fr\/en\/wp-json\/wp\/v2\/pages"}],"about":[{"href":"https:\/\/spavendome.fr\/en\/wp-json\/wp\/v2\/types\/page"}],"author":[{"embeddable":true,"href":"https:\/\/spavendome.fr\/en\/wp-json\/wp\/v2\/users\/1"}],"replies":[{"embeddable":true,"href":"https:\/\/spavendome.fr\/en\/wp-json\/wp\/v2\/comments?post=2439"}],"version-history":[{"count":0,"href":"https:\/\/spavendome.fr\/en\/wp-json\/wp\/v2\/pages\/2439\/revisions"}],"wp:featuredmedia":[{"embeddable":true,"href":"https:\/\/spavendome.fr\/en\/wp-json\/wp\/v2\/media\/1583"}],"wp:attachment":[{"href":"https:\/\/spavendome.fr\/en\/wp-json\/wp\/v2\/media?parent=2439"}],"curies":[{"name":"wp","href":"https:\/\/api.w.org\/{rel}","templated":true}]}}