{"id":2429,"date":"2025-10-13T12:08:18","date_gmt":"2025-10-13T12:08:18","guid":{"rendered":"https:\/\/lesecretvendome.fr\/?page_id=2429"},"modified":"2025-10-13T12:48:25","modified_gmt":"2025-10-13T12:48:25","slug":"signatures-spa","status":"publish","type":"page","link":"https:\/\/spavendome.fr\/en\/signatures-spa\/","title":{"rendered":"SIGNATURES SPA"},"content":{"rendered":"<div data-elementor-type=\"wp-page\" data-elementor-id=\"2429\" class=\"elementor elementor-2429\">\n\t\t\t\t<div class=\"elementor-element elementor-element-68e28eb e-flex e-con-boxed e-con e-parent\" data-id=\"68e28eb\" data-element_type=\"container\" data-e-type=\"container\">\n\t\t\t\t\t<div class=\"e-con-inner\">\n\t\t\t\t<div class=\"elementor-element elementor-element-fb30979 elementor-widget elementor-widget-text-editor\" data-id=\"fb30979\" data-element_type=\"widget\" data-e-type=\"widget\" data-widget_type=\"text-editor.default\">\n\t\t\t\t\t\t\t\t\t<p data-start=\"60\" data-end=\"366\">Plongez dans l\u2019art de la d\u00e9tente \u00e0 la parisienne avec nos Spa Signatures. Inspir\u00e9s du raffinement et de l\u2019\u00e9l\u00e9gance de la capitale, ces rituels exclusifs allient techniques expertes, sensations immersives et bienfaits personnalis\u00e9s pour offrir un v\u00e9ritable voyage sensoriel et revitaliser corps et esprit.<\/p>\t\t\t\t\t\t\t\t<\/div>\n\t\t\t\t\t<\/div>\n\t\t\t\t<\/div>\n\t\t<div class=\"elementor-element elementor-element-0c25865 e-flex e-con-boxed e-con e-parent\" data-id=\"0c25865\" data-element_type=\"container\" data-e-type=\"container\">\n\t\t\t\t\t<div class=\"e-con-inner\">\n\t\t\t\t<div class=\"elementor-element elementor-element-9ca4871 elementor-widget elementor-widget-image\" data-id=\"9ca4871\" data-element_type=\"widget\" data-e-type=\"widget\" data-widget_type=\"image.default\">\n\t\t\t\t\t\t\t\t\t\t\t\t\t\t\t<img decoding=\"async\" src=\"https:\/\/spavendome.fr\/wp-content\/uploads\/elementor\/thumbs\/21-rdavlswfwm2p0z5cwefmoy3pldnap0kfhhehxxdx0w.jpg\" title=\"Hammam Royal &#8211; Spa Priv\u00e9 et Massage Californien \u00e0 Paris\" alt=\"Hammam Royal : Spa priv\u00e9 avec hammam et massage californien \u00e0 Paris pour un moment de relaxation totale.\" loading=\"lazy\" \/>\t\t\t\t\t\t\t\t\t\t\t\t\t\t\t<\/div>\n\t\t\t\t\t<\/div>\n\t\t\t\t<\/div>\n\t\t<div class=\"elementor-element elementor-element-528e39b e-flex e-con-boxed e-con e-parent\" data-id=\"528e39b\" data-element_type=\"container\" data-e-type=\"container\">\n\t\t\t\t\t<div class=\"e-con-inner\">\n\t\t\t\t<div class=\"elementor-element elementor-element-44fcece elementor-align-justify elementor-widget__width-auto elementor-widget elementor-widget-button\" data-id=\"44fcece\" data-element_type=\"widget\" data-e-type=\"widget\" data-widget_type=\"button.default\">\n\t\t\t\t\t\t\t\t\t\t<a class=\"elementor-button elementor-button-link elementor-size-sm\" href=\"https:\/\/spavendome.fr\/en\/boutique\/rituels-spa\/signature-spa\/\" target=\"_blank\" rel=\"nofollow\">\n\t\t\t\t\t\t<span class=\"elementor-button-content-wrapper\">\n\t\t\t\t\t\t\t\t\t<span class=\"elementor-button-text\">CHOISISSEZ VOTRE SPA<\/span>\n\t\t\t\t\t<\/span>\n\t\t\t\t\t<\/a>\n\t\t\t\t\t\t\t\t<\/div>\n\t\t\t\t\t<\/div>\n\t\t\t\t<\/div>\n\t\t\t\t<\/div>","protected":false},"excerpt":{"rendered":"<p>Plongez dans l\u2019art de la d\u00e9tente \u00e0 la parisienne avec nos Spa Signatures. Inspir\u00e9s du raffinement et de l\u2019\u00e9l\u00e9gance de la capitale, ces rituels exclusifs allient techniques expertes, sensations immersives &hellip; <\/p>","protected":false},"author":1,"featured_media":1581,"parent":0,"menu_order":0,"comment_status":"closed","ping_status":"closed","template":"","meta":{"_monsterinsights_skip_tracking":false,"_monsterinsights_sitenote_active":false,"_monsterinsights_sitenote_note":"","_monsterinsights_sitenote_category":0,"_joinchat":[],"footnotes":""},"class_list":["post-2429","page","type-page","status-publish","has-post-thumbnail","hentry","latest_post"],"jetpack_sharing_enabled":true,"_links":{"self":[{"href":"https:\/\/spavendome.fr\/en\/wp-json\/wp\/v2\/pages\/2429","targetHints":{"allow":["GET"]}}],"collection":[{"href":"https:\/\/spavendome.fr\/en\/wp-json\/wp\/v2\/pages"}],"about":[{"href":"https:\/\/spavendome.fr\/en\/wp-json\/wp\/v2\/types\/page"}],"author":[{"embeddable":true,"href":"https:\/\/spavendome.fr\/en\/wp-json\/wp\/v2\/users\/1"}],"replies":[{"embeddable":true,"href":"https:\/\/spavendome.fr\/en\/wp-json\/wp\/v2\/comments?post=2429"}],"version-history":[{"count":0,"href":"https:\/\/spavendome.fr\/en\/wp-json\/wp\/v2\/pages\/2429\/revisions"}],"wp:featuredmedia":[{"embeddable":true,"href":"https:\/\/spavendome.fr\/en\/wp-json\/wp\/v2\/media\/1581"}],"wp:attachment":[{"href":"https:\/\/spavendome.fr\/en\/wp-json\/wp\/v2\/media?parent=2429"}],"curies":[{"name":"wp","href":"https:\/\/api.w.org\/{rel}","templated":true}]}}