{"id":2321,"date":"2025-10-13T10:02:48","date_gmt":"2025-10-13T10:02:48","guid":{"rendered":"https:\/\/lesecretvendome.fr\/?page_id=2321"},"modified":"2025-10-15T16:38:18","modified_gmt":"2025-10-15T16:38:18","slug":"signatures-visage","status":"publish","type":"page","link":"https:\/\/spavendome.fr\/en\/signatures-visage\/","title":{"rendered":"FACIAL SIGNATURES"},"content":{"rendered":"<div data-elementor-type=\"wp-page\" data-elementor-id=\"2321\" class=\"elementor elementor-2321\">\n\t\t\t\t<div class=\"elementor-element elementor-element-68e28eb e-flex e-con-boxed e-con e-parent\" data-id=\"68e28eb\" data-element_type=\"container\" data-e-type=\"container\">\n\t\t\t\t\t<div class=\"e-con-inner\">\n\t\t\t\t<div class=\"elementor-element elementor-element-fb30979 elementor-widget elementor-widget-text-editor\" data-id=\"fb30979\" data-element_type=\"widget\" data-e-type=\"widget\" data-widget_type=\"text-editor.default\">\n\t\t\t\t\t\t\t\t\t<p>Plongez dans l\u2019\u00e9l\u00e9gance parisienne avec nos Soins Signatures Visage. Inspir\u00e9s du raffinement et du savoir-faire de la capitale, ces rituels sur mesure allient expertise professionnelle, textures sensorielles et bienfaits cibl\u00e9s pour r\u00e9v\u00e9ler l\u2019\u00e9clat naturel de votre peau.<\/p>\t\t\t\t\t\t\t\t<\/div>\n\t\t\t\t\t<\/div>\n\t\t\t\t<\/div>\n\t\t<div class=\"elementor-element elementor-element-0c25865 e-flex e-con-boxed e-con e-parent\" data-id=\"0c25865\" data-element_type=\"container\" data-e-type=\"container\">\n\t\t\t\t\t<div class=\"e-con-inner\">\n\t\t\t\t<div class=\"elementor-element elementor-element-9ca4871 elementor-widget elementor-widget-image\" data-id=\"9ca4871\" data-element_type=\"widget\" data-e-type=\"widget\" data-widget_type=\"image.default\">\n\t\t\t\t\t\t\t\t\t\t\t\t\t\t\t<img decoding=\"async\" src=\"https:\/\/spavendome.fr\/wp-content\/uploads\/elementor\/thumbs\/78-rdae26apfff9e2mg5vjpou3z98uzb21qz7rhh7wo6o.jpg\" title=\"Peeling Hyperpigmentation \u2013 Soin Anti-Taches et \u00c9claircissant \u00e0 Paris\" alt=\"Peeling Hyperpigmentation Paris : soin anti-taches et \u00e9clat du teint aux algues marines et \u00e0 l\u2019extrait de perle.\" loading=\"lazy\" \/>\t\t\t\t\t\t\t\t\t\t\t\t\t\t\t<\/div>\n\t\t\t\t\t<\/div>\n\t\t\t\t<\/div>\n\t\t<div class=\"elementor-element elementor-element-fd1e2af e-flex e-con-boxed e-con e-parent\" data-id=\"fd1e2af\" data-element_type=\"container\" data-e-type=\"container\">\n\t\t\t\t\t<div class=\"e-con-inner\">\n\t\t\t\t<div class=\"elementor-element elementor-element-ebb44f6 elementor-align-justify elementor-widget__width-auto elementor-widget elementor-widget-button\" data-id=\"ebb44f6\" data-element_type=\"widget\" data-e-type=\"widget\" data-widget_type=\"button.default\">\n\t\t\t\t\t\t\t\t\t\t<a class=\"elementor-button elementor-button-link elementor-size-sm\" href=\"https:\/\/spavendome.fr\/en\/boutique\/beaute-bien-etre\/soins-visage\/signatures-soins-visage\/\">\n\t\t\t\t\t\t<span class=\"elementor-button-content-wrapper\">\n\t\t\t\t\t\t\t\t\t<span class=\"elementor-button-text\">CHOISISSEZ VOTRE SOIN<\/span>\n\t\t\t\t\t<\/span>\n\t\t\t\t\t<\/a>\n\t\t\t\t\t\t\t\t<\/div>\n\t\t\t\t\t<\/div>\n\t\t\t\t<\/div>\n\t\t\t\t<\/div>","protected":false},"excerpt":{"rendered":"<p>Plongez dans l\u2019\u00e9l\u00e9gance parisienne avec nos Soins Signatures Visage. Inspir\u00e9s du raffinement et du savoir-faire de la capitale, ces rituels sur mesure allient expertise professionnelle, textures sensorielles et bienfaits cibl\u00e9s &hellip; <\/p>","protected":false},"author":1,"featured_media":1642,"parent":0,"menu_order":0,"comment_status":"closed","ping_status":"closed","template":"","meta":{"_monsterinsights_skip_tracking":false,"_monsterinsights_sitenote_active":false,"_monsterinsights_sitenote_note":"","_monsterinsights_sitenote_category":0,"_joinchat":[],"footnotes":""},"class_list":["post-2321","page","type-page","status-publish","has-post-thumbnail","hentry","latest_post"],"jetpack_sharing_enabled":true,"_links":{"self":[{"href":"https:\/\/spavendome.fr\/en\/wp-json\/wp\/v2\/pages\/2321","targetHints":{"allow":["GET"]}}],"collection":[{"href":"https:\/\/spavendome.fr\/en\/wp-json\/wp\/v2\/pages"}],"about":[{"href":"https:\/\/spavendome.fr\/en\/wp-json\/wp\/v2\/types\/page"}],"author":[{"embeddable":true,"href":"https:\/\/spavendome.fr\/en\/wp-json\/wp\/v2\/users\/1"}],"replies":[{"embeddable":true,"href":"https:\/\/spavendome.fr\/en\/wp-json\/wp\/v2\/comments?post=2321"}],"version-history":[{"count":0,"href":"https:\/\/spavendome.fr\/en\/wp-json\/wp\/v2\/pages\/2321\/revisions"}],"wp:featuredmedia":[{"embeddable":true,"href":"https:\/\/spavendome.fr\/en\/wp-json\/wp\/v2\/media\/1642"}],"wp:attachment":[{"href":"https:\/\/spavendome.fr\/en\/wp-json\/wp\/v2\/media?parent=2321"}],"curies":[{"name":"wp","href":"https:\/\/api.w.org\/{rel}","templated":true}]}}