{"id":2114,"date":"2025-10-12T15:37:39","date_gmt":"2025-10-12T15:37:39","guid":{"rendered":"https:\/\/www.lesecretvendome.fr\/?page_id=2114"},"modified":"2025-10-12T17:16:12","modified_gmt":"2025-10-12T17:16:12","slug":"signature-visages","status":"publish","type":"page","link":"https:\/\/spavendome.fr\/en\/signature-visages\/","title":{"rendered":"SIGNATURE VISAGES"},"content":{"rendered":"<p class=\"has-text-align-center\"><strong> Les Signatures du Secret Vend\u00f4me<\/strong><\/p>\n\n\n\n<p class=\"has-text-align-center\"><strong>L\u2019art du soin sur mesure, sign\u00e9 Le Secret Vend\u00f4me<\/strong><\/p>\n\n\n\n<p class=\"has-text-align-center\">Au c\u0153ur de Paris, entre \u00e9l\u00e9gance et s\u00e9r\u00e9nit\u00e9, Le Secret Vend\u00f4me a imagin\u00e9 une collection de soins signatures exclusifs, v\u00e9ritables rituels d\u2019exception cr\u00e9\u00e9s par nos expertes beaut\u00e9.<\/p>\n\n\n\n<p class=\"has-text-align-center\">Chacun de ces soins a \u00e9t\u00e9 pens\u00e9 comme une exp\u00e9rience sensorielle compl\u00e8te, m\u00ealant gestuelle experte, textures pr\u00e9cieuses et actifs haute performance, pour r\u00e9v\u00e9ler la beaut\u00e9 profonde de votre peau et apaiser l\u2019esprit.<\/p>\n\n\n\n<p class=\"has-text-align-center\">Plongez dans l\u2019univers raffin\u00e9 du Secret Vend\u00f4me, o\u00f9 chaque d\u00e9tail a \u00e9t\u00e9 con\u00e7u pour \u00e9veiller vos sens et sublimer votre \u00e9clat naturel.<\/p>\n\n\n\n<p class=\"has-text-align-center\"><strong> 1. Apaisement Ultime<\/strong><\/p>\n\n\n\n<p>Un rituel enveloppant pour rel\u00e2cher toutes les tensions.<\/p>\n\n\n\n<p>Ce soin allie gestuelle douce et huiles apaisantes pour calmer les peaux r\u00e9actives et restaurer l\u2019\u00e9quilibre int\u00e9rieur.<\/p>\n\n\n\n<p>Votre peau retrouve confort et souplesse, votre esprit une s\u00e9r\u00e9nit\u00e9 absolue.<\/p>\n\n\n\n<p>Id\u00e9al pour : les peaux sensibles, les moments de stress ou de fatigue nerveuse.<\/p>\n\n\n\n<div class=\"wp-block-buttons is-content-justification-center is-layout-flex wp-container-core-buttons-is-layout-16018d1d wp-block-buttons-is-layout-flex\">\n<div class=\"wp-block-button\"><a class=\"wp-block-button__link wp-element-button\">R\u00c9SERVEZ CE SOIN<\/a><\/div>\n<\/div>\n\n\n\n<figure class=\"wp-block-image size-full\"><img fetchpriority=\"high\" decoding=\"async\" width=\"600\" height=\"800\" src=\"https:\/\/spavendome.fr\/wp-content\/uploads\/2025\/10\/83.jpg\" alt=\"\" class=\"wp-image-1644\" srcset=\"https:\/\/spavendome.fr\/wp-content\/uploads\/2025\/10\/83.jpg 600w, https:\/\/spavendome.fr\/wp-content\/uploads\/2025\/10\/83-225x300.jpg 225w, https:\/\/spavendome.fr\/wp-content\/uploads\/2025\/10\/83-9x12.jpg 9w, https:\/\/spavendome.fr\/wp-content\/uploads\/2025\/10\/83-45x60.jpg 45w\" sizes=\"(max-width: 600px) 100vw, 600px\" \/><\/figure>\n\n\n\n<p><\/p>\n\n\n\n<p class=\"has-text-align-left\"><strong>2. \u00c9clat Prestige<\/strong><\/p>\n\n\n\n<p>Le soin lumi\u00e8re par excellence.<\/p>\n\n\n\n<p>Gr\u00e2ce \u00e0 une synergie d\u2019actifs illuminateurs et de techniques stimulantes, \u00c9clat Prestige ravive instantan\u00e9ment le teint, lisse le grain de peau et offre un effet \u201ccoup d\u2019\u00e9clat\u201d incomparable.<\/p>\n\n\n\n<p>Une peau lumineuse, un teint sublim\u00e9 \u2014 l\u2019essence m\u00eame de la perfection Vend\u00f4me.<\/p>\n\n\n\n<p>Id\u00e9al pour : les peaux ternes, fatigu\u00e9es ou avant un \u00e9v\u00e9nement.<\/p>\n\n\n\n<div class=\"wp-block-buttons is-layout-flex wp-block-buttons-is-layout-flex\"><\/div>\n\n\n\n<figure class=\"wp-block-image size-large\"><img decoding=\"async\" width=\"683\" height=\"1024\" src=\"https:\/\/spavendome.fr\/wp-content\/uploads\/2025\/10\/27-1-683x1024.jpg\" alt=\"\" class=\"wp-image-1588\" srcset=\"https:\/\/spavendome.fr\/wp-content\/uploads\/2025\/10\/27-1-683x1024.jpg 683w, https:\/\/spavendome.fr\/wp-content\/uploads\/2025\/10\/27-1-600x900.jpg 600w, https:\/\/spavendome.fr\/wp-content\/uploads\/2025\/10\/27-1-200x300.jpg 200w, https:\/\/spavendome.fr\/wp-content\/uploads\/2025\/10\/27-1-8x12.jpg 8w, https:\/\/spavendome.fr\/wp-content\/uploads\/2025\/10\/27-1-40x60.jpg 40w, https:\/\/spavendome.fr\/wp-content\/uploads\/2025\/10\/27-1.jpg 736w\" sizes=\"(max-width: 683px) 100vw, 683px\" \/><\/figure>\n\n\n\n<p><\/p>\n\n\n\n<div class=\"wp-block-buttons alignwide is-content-justification-center is-layout-flex wp-container-core-buttons-is-layout-16018d1d wp-block-buttons-is-layout-flex\">\n<div class=\"wp-block-button\"><a class=\"wp-block-button__link wp-element-button\" href=\"https:\/\/spavendome.fr\/en\/?product=eclat-prestige\">R\u00c9SERVEZ CE SOIN <\/a><\/div>\n<\/div>\n\n\n\n<p class=\"has-text-align-left\"><strong> 3. Hydra-Sublime<\/strong><\/p>\n\n\n\n<p>L\u2019hydratation d\u2019exception sign\u00e9e Vend\u00f4me.<\/p>\n\n\n\n<p>Ce soin repulpe, lisse et d\u00e9salt\u00e8re la peau en profondeur gr\u00e2ce \u00e0 des s\u00e9rums concentr\u00e9s et des massages d\u2019absorption lente.<\/p>\n\n\n\n<p>Un moment suspendu, o\u00f9 la peau retrouve son \u00e9clat de jeunesse et une fra\u00eecheur velout\u00e9e.<\/p>\n\n\n\n<p>Id\u00e9al pour : les peaux d\u00e9shydrat\u00e9es, s\u00e8ches ou sujettes aux tiraillements.<\/p>\n\n\n\n<figure class=\"wp-block-image size-full is-resized\"><img decoding=\"async\" width=\"707\" height=\"1000\" src=\"https:\/\/spavendome.fr\/wp-content\/uploads\/2025\/10\/79.jpg\" alt=\"\" class=\"wp-image-1641\" style=\"width:339px;height:auto\" srcset=\"https:\/\/spavendome.fr\/wp-content\/uploads\/2025\/10\/79.jpg 707w, https:\/\/spavendome.fr\/wp-content\/uploads\/2025\/10\/79-600x849.jpg 600w, https:\/\/spavendome.fr\/wp-content\/uploads\/2025\/10\/79-212x300.jpg 212w, https:\/\/spavendome.fr\/wp-content\/uploads\/2025\/10\/79-8x12.jpg 8w, https:\/\/spavendome.fr\/wp-content\/uploads\/2025\/10\/79-42x60.jpg 42w\" sizes=\"(max-width: 707px) 100vw, 707px\" \/><figcaption class=\"wp-element-caption\">Woman applying facial serum drops skin adult perfection.<\/figcaption><\/figure>\n\n\n\n<div class=\"wp-block-buttons is-content-justification-center is-layout-flex wp-container-core-buttons-is-layout-16018d1d wp-block-buttons-is-layout-flex\">\n<div class=\"wp-block-button\"><a class=\"wp-block-button__link wp-element-button\">R\u00c9SERVEZ CE SOIN<\/a><\/div>\n<\/div>\n\n\n\n<p><strong> 4. L\u2019Intense R\u00e9paration<\/strong><\/p>\n\n\n\n<p>Un soin r\u00e9g\u00e9n\u00e9rant profond pour les peaux fragilis\u00e9es.<\/p>\n\n\n\n<p>Associant des actifs r\u00e9parateurs, collag\u00e8ne v\u00e9g\u00e9tal et techniques apaisantes, il stimule la r\u00e9g\u00e9n\u00e9ration cellulaire tout en nourrissant intens\u00e9ment la peau.<\/p>\n\n\n\n<p>Le visage se r\u00e9pare, le teint s\u2019illumine, l\u2019\u00e9nergie se r\u00e9veille.<\/p>\n\n\n\n<p>Id\u00e9al pour : les peaux agress\u00e9es, post-exposition ou en convalescence cutan\u00e9e.<\/p>\n\n\n\n<figure class=\"wp-block-image size-full\"><img loading=\"lazy\" decoding=\"async\" width=\"736\" height=\"736\" src=\"https:\/\/spavendome.fr\/wp-content\/uploads\/2025\/10\/81-1.jpg\" alt=\"\" class=\"wp-image-1655\" srcset=\"https:\/\/spavendome.fr\/wp-content\/uploads\/2025\/10\/81-1.jpg 736w, https:\/\/spavendome.fr\/wp-content\/uploads\/2025\/10\/81-1-300x300.jpg 300w, https:\/\/spavendome.fr\/wp-content\/uploads\/2025\/10\/elementor\/thumbs\/81-1-rcm91fy6jszfudfx0vmzhfgnujbla3txq63ozq3aeo.jpg 600w, https:\/\/spavendome.fr\/wp-content\/uploads\/2025\/10\/81-1-150x150.jpg 150w, https:\/\/spavendome.fr\/wp-content\/uploads\/2025\/10\/81-1-12x12.jpg 12w, https:\/\/spavendome.fr\/wp-content\/uploads\/2025\/10\/81-1-60x60.jpg 60w, https:\/\/spavendome.fr\/wp-content\/uploads\/2025\/10\/81-1-540x540.jpg 540w, https:\/\/spavendome.fr\/wp-content\/uploads\/2025\/10\/81-1-90x90.jpg 90w\" sizes=\"(max-width: 736px) 100vw, 736px\" \/><\/figure>\n\n\n\n<div class=\"wp-block-buttons is-content-justification-center is-layout-flex wp-container-core-buttons-is-layout-16018d1d wp-block-buttons-is-layout-flex\">\n<div class=\"wp-block-button\"><a class=\"wp-block-button__link wp-element-button\">R\u00c9SERVEZ CE SOIN<\/a><\/div>\n<\/div>\n\n\n\n<p class=\"has-text-align-left\"><strong> <\/strong><\/p>\n\n\n\n<figure class=\"wp-block-image size-full is-resized\"><img loading=\"lazy\" decoding=\"async\" width=\"736\" height=\"919\" src=\"https:\/\/spavendome.fr\/wp-content\/uploads\/2025\/10\/81.jpg\" alt=\"\" class=\"wp-image-1643\" style=\"width:493px;height:auto\" srcset=\"https:\/\/spavendome.fr\/wp-content\/uploads\/2025\/10\/81.jpg 736w, https:\/\/spavendome.fr\/wp-content\/uploads\/2025\/10\/81-600x749.jpg 600w, https:\/\/spavendome.fr\/wp-content\/uploads\/2025\/10\/81-240x300.jpg 240w, https:\/\/spavendome.fr\/wp-content\/uploads\/2025\/10\/81-10x12.jpg 10w, https:\/\/spavendome.fr\/wp-content\/uploads\/2025\/10\/81-48x60.jpg 48w\" sizes=\"(max-width: 736px) 100vw, 736px\" \/><\/figure>\n\n\n\n<p class=\"has-text-align-left\"><strong>5. Rituel Purifiant Supr\u00eame<\/strong><\/p>\n\n\n\n<p class=\"has-text-align-left\">L\u2019\u00e9quilibre parfait entre puret\u00e9 et douceur.<\/p>\n\n\n\n<p>Ce soin associe un nettoyage profond, des extraits botaniques purifiants et un modelage r\u00e9\u00e9quilibrant pour d\u00e9barrasser la peau des impuret\u00e9s sans la dess\u00e9cher.<\/p>\n\n\n\n<p>Une sensation de fra\u00eecheur absolue et un teint clarifi\u00e9.<\/p>\n\n\n\n<p>Id\u00e9al pour : les peaux mixtes \u00e0 grasses, congestionn\u00e9es ou urbaines.<\/p>\n\n\n\n<div class=\"wp-block-buttons is-content-justification-center is-layout-flex wp-container-core-buttons-is-layout-16018d1d wp-block-buttons-is-layout-flex\">\n<div class=\"wp-block-button\"><a class=\"wp-block-button__link wp-element-button\">R\u00c9SERVEZ CE SOIN<\/a><\/div>\n<\/div>\n\n\n\n<figure class=\"wp-block-image size-large is-resized\"><img loading=\"lazy\" decoding=\"async\" width=\"683\" height=\"1024\" src=\"https:\/\/spavendome.fr\/wp-content\/uploads\/2025\/10\/89-683x1024.jpg\" alt=\"\" class=\"wp-image-1653\" style=\"width:395px;height:auto\" srcset=\"https:\/\/spavendome.fr\/wp-content\/uploads\/2025\/10\/89-683x1024.jpg 683w, https:\/\/spavendome.fr\/wp-content\/uploads\/2025\/10\/89-600x900.jpg 600w, https:\/\/spavendome.fr\/wp-content\/uploads\/2025\/10\/89-200x300.jpg 200w, https:\/\/spavendome.fr\/wp-content\/uploads\/2025\/10\/89-8x12.jpg 8w, https:\/\/spavendome.fr\/wp-content\/uploads\/2025\/10\/89-40x60.jpg 40w, https:\/\/spavendome.fr\/wp-content\/uploads\/2025\/10\/89.jpg 736w\" sizes=\"(max-width: 683px) 100vw, 683px\" \/><\/figure>\n\n\n\n<p><\/p>\n\n\n\n<p class=\"has-text-align-left\"><strong>6. Soin d\u2019Excellence Anti-\u00c2ge<\/strong><\/p>\n\n\n\n<p>Le joyau anti-\u00e2ge du Secret Vend\u00f4me.<\/p>\n\n\n\n<p>Ce rituel combine les meilleures technologies et techniques manuelles liftantes pour stimuler la fermet\u00e9, lisser les rides et redonner \u00e0 la peau son \u00e9clat de jeunesse.<\/p>\n\n\n\n<p>R\u00e9sultat : un visage redessin\u00e9, une peau visiblement plus ferme et lumineuse.<\/p>\n\n\n\n<p>Id\u00e9al pour : les peaux matures, en qu\u00eate de jeunesse et de densit\u00e9.<\/p>\n\n\n\n<div class=\"wp-block-buttons is-content-justification-center is-layout-flex wp-container-core-buttons-is-layout-16018d1d wp-block-buttons-is-layout-flex\">\n<div class=\"wp-block-button\"><a class=\"wp-block-button__link wp-element-button\">R\u00c9SERVEZ CE SOIN<\/a><\/div>\n<\/div>\n\n\n\n<p><strong> <\/strong><\/p>\n\n\n\n<figure class=\"wp-block-image size-large is-resized\"><img loading=\"lazy\" decoding=\"async\" width=\"683\" height=\"1024\" src=\"https:\/\/spavendome.fr\/wp-content\/uploads\/2025\/10\/Gemini_Generated_Image_rix1nrrix1nrrix1-683x1024.png\" alt=\"\" class=\"wp-image-1742\" style=\"width:342px;height:auto\" srcset=\"https:\/\/spavendome.fr\/wp-content\/uploads\/2025\/10\/Gemini_Generated_Image_rix1nrrix1nrrix1-683x1024.png 683w, https:\/\/spavendome.fr\/wp-content\/uploads\/2025\/10\/Gemini_Generated_Image_rix1nrrix1nrrix1-600x900.png 600w, https:\/\/spavendome.fr\/wp-content\/uploads\/2025\/10\/Gemini_Generated_Image_rix1nrrix1nrrix1-200x300.png 200w, https:\/\/spavendome.fr\/wp-content\/uploads\/2025\/10\/Gemini_Generated_Image_rix1nrrix1nrrix1-768x1152.png 768w, https:\/\/spavendome.fr\/wp-content\/uploads\/2025\/10\/Gemini_Generated_Image_rix1nrrix1nrrix1-8x12.png 8w, https:\/\/spavendome.fr\/wp-content\/uploads\/2025\/10\/Gemini_Generated_Image_rix1nrrix1nrrix1-40x60.png 40w, https:\/\/spavendome.fr\/wp-content\/uploads\/2025\/10\/Gemini_Generated_Image_rix1nrrix1nrrix1.png 832w\" sizes=\"(max-width: 683px) 100vw, 683px\" \/><\/figure>\n\n\n\n<p><strong>7. Soin Signature Duo<\/strong><\/p>\n\n\n\n<p>Une exp\u00e9rience \u00e0 partager, symbole d\u2019harmonie et de complicit\u00e9.<\/p>\n\n\n\n<p>Ce rituel exclusif permet de vivre le bien-\u00eatre Vend\u00f4me \u00e0 deux, dans une atmosph\u00e8re feutr\u00e9e et d\u00e9licate.<\/p>\n\n\n\n<p>Massage synchronis\u00e9, musique apaisante, senteurs raffin\u00e9es : tout est pens\u00e9 pour cr\u00e9er un moment d\u2019union et de s\u00e9r\u00e9nit\u00e9.<\/p>\n\n\n\n<p>Id\u00e9al pour : un moment d\u2019exception en couple, entre amies ou m\u00e8re &amp; fille.<\/p>\n\n\n\n<div class=\"wp-block-buttons is-content-justification-center is-layout-flex wp-container-core-buttons-is-layout-16018d1d wp-block-buttons-is-layout-flex\">\n<div class=\"wp-block-button\"><a class=\"wp-block-button__link wp-element-button\">R\u00c9SERVEZ CE SOIN<\/a><\/div>\n<\/div>\n\n\n\n<p><\/p>\n\n\n\n<p><\/p>\n\n\n\n<p class=\"has-text-align-center\"><strong>L\u2019empreinte du Secret Vend\u00f4me<\/strong><\/p>\n\n\n\n<p>Chaque soin signature est une cr\u00e9ation originale, n\u00e9e du savoir-faire unique de notre institut.<\/p>\n\n\n\n<p>Au-del\u00e0 d\u2019un soin, c\u2019est une exp\u00e9rience sensorielle sur mesure, o\u00f9 l\u2019expertise professionnelle rencontre la d\u00e9licatesse du geste et la noblesse des produits.<\/p>\n\n\n\n<p>Le Secret Vend\u00f4me, c\u2019est l\u2019alliance du luxe, du bien-\u00eatre et de la beaut\u00e9 int\u00e9rieure.<\/p>\n\n\n\n<p class=\"has-text-align-center\"><strong>Book your experience<\/strong><\/p>\n\n\n\n<p class=\"has-text-align-center\">Offrez-vous un instant rare dans l\u2019univers du Secret Vend\u00f4me.<\/p>\n\n\n\n<p class=\"has-text-align-center\">R\u00e9servez d\u00e8s maintenant votre soin Signature et laissez-vous transporter par la magie de nos rituels exclusifs.<\/p>\n\n\n\n<p class=\"has-text-align-center\"><strong>Une collection d\u2019exp\u00e9riences exclusives cr\u00e9\u00e9es par Le Secret Vend\u00f4me<\/strong><\/p>\n\n\n\n<p><\/p>","protected":false},"excerpt":{"rendered":"<p>Les Signatures du Secret Vend\u00f4me L\u2019art du soin sur mesure, sign\u00e9 Le Secret Vend\u00f4me Au c\u0153ur de Paris, entre \u00e9l\u00e9gance et s\u00e9r\u00e9nit\u00e9, Le Secret Vend\u00f4me a imagin\u00e9 une collection de &hellip; <\/p>","protected":false},"author":1,"featured_media":0,"parent":0,"menu_order":0,"comment_status":"closed","ping_status":"closed","template":"","meta":{"_monsterinsights_skip_tracking":false,"_monsterinsights_sitenote_active":false,"_monsterinsights_sitenote_note":"","_monsterinsights_sitenote_category":0,"_joinchat":[],"footnotes":""},"class_list":["post-2114","page","type-page","status-publish","hentry","latest_post"],"jetpack_sharing_enabled":true,"_links":{"self":[{"href":"https:\/\/spavendome.fr\/en\/wp-json\/wp\/v2\/pages\/2114","targetHints":{"allow":["GET"]}}],"collection":[{"href":"https:\/\/spavendome.fr\/en\/wp-json\/wp\/v2\/pages"}],"about":[{"href":"https:\/\/spavendome.fr\/en\/wp-json\/wp\/v2\/types\/page"}],"author":[{"embeddable":true,"href":"https:\/\/spavendome.fr\/en\/wp-json\/wp\/v2\/users\/1"}],"replies":[{"embeddable":true,"href":"https:\/\/spavendome.fr\/en\/wp-json\/wp\/v2\/comments?post=2114"}],"version-history":[{"count":0,"href":"https:\/\/spavendome.fr\/en\/wp-json\/wp\/v2\/pages\/2114\/revisions"}],"wp:attachment":[{"href":"https:\/\/spavendome.fr\/en\/wp-json\/wp\/v2\/media?parent=2114"}],"curies":[{"name":"wp","href":"https:\/\/api.w.org\/{rel}","templated":true}]}}